{"id":343741,"date":"2026-04-30T20:00:18","date_gmt":"2026-04-30T18:00:18","guid":{"rendered":"https:\/\/ochoymedioclub.com\/?post_type=product&#038;p=343741"},"modified":"2026-04-30T16:29:37","modified_gmt":"2026-04-30T14:29:37","slug":"los-chivatos","status":"publish","type":"product","link":"https:\/\/ochoymedioclub.com\/en\/conciertos\/los-chivatos\/","title":{"rendered":"LOS CHIVATOS"},"content":{"rendered":"\t\t<div data-elementor-type=\"wp-post\" data-elementor-id=\"343741\" class=\"elementor elementor-343741\" data-elementor-post-type=\"product\">\n\t\t\t\t\t\t<section class=\"elementor-section elementor-top-section elementor-element elementor-element-341ad142 elementor-section-full_width elementor-section-height-default elementor-section-height-default\" data-id=\"341ad142\" data-element_type=\"section\" data-e-type=\"section\">\n\t\t\t\t\t\t<div class=\"elementor-container elementor-column-gap-default\">\n\t\t\t\t\t<div class=\"elementor-column elementor-col-50 elementor-top-column elementor-element elementor-element-28e7087b\" data-id=\"28e7087b\" data-element_type=\"column\" data-e-type=\"column\">\n\t\t\t<div class=\"elementor-widget-wrap elementor-element-populated\">\n\t\t\t\t\t\t<div class=\"elementor-element elementor-element-1ada8e8 elementor-widget elementor-widget-heading\" data-id=\"1ada8e8\" data-element_type=\"widget\" data-e-type=\"widget\" data-widget_type=\"heading.default\">\n\t\t\t\t<div class=\"elementor-widget-container\">\n\t\t\t\t\t<h2 class=\"elementor-heading-title elementor-size-default\">INFO<\/h2>\t\t\t\t<\/div>\n\t\t\t\t<\/div>\n\t\t\t\t<div class=\"elementor-element elementor-element-706bdca7 elementor-widget elementor-widget-text-editor\" data-id=\"706bdca7\" data-element_type=\"widget\" data-e-type=\"widget\" data-widget_type=\"text-editor.default\">\n\t\t\t\t<div class=\"elementor-widget-container\">\n\t\t\t\t\t\t\t\t\t<div><span style=\"font-size: medium;\">Concierto de&nbsp;<\/span><a href=\"https:\/\/www.instagram.com\/loschivatos_?igsh=djA0YzN4ZGQzcGJ4\" target=\"_blank\" rel=\"noopener\" data-saferedirecturl=\"https:\/\/www.google.com\/url?q=https:\/\/www.instagram.com\/loschivatos_?igsh%3DdjA0YzN4ZGQzcGJ4&amp;source=gmail&amp;ust=1777645661143000&amp;usg=AOvVaw0p_RyL8zCOVXH3chyHx1nr\"><span style=\"color: #ff40ff; font-size: medium;\">Los Chivatos<\/span><\/a><span style=\"font-size: medium;\">&nbsp;el 13 de noviembre en la&nbsp;<\/span><a href=\"https:\/\/share.google\/2WtNcITM8HT20d2pN\" target=\"_blank\" rel=\"noopener\" data-saferedirecturl=\"https:\/\/www.google.com\/url?q=https:\/\/share.google\/2WtNcITM8HT20d2pN&amp;source=gmail&amp;ust=1777645661143000&amp;usg=AOvVaw1mT2a9_YCgVIPw0Jbjz39F\"><span style=\"color: #ff40ff;\">sala Chang\u00f3<\/span><\/a><span style=\"font-size: medium;\">&nbsp;dentro de la programaci\u00f3n de Ochoymedio Live. \u00a1Entradas aqu\u00ed!&nbsp;<\/span><\/div><div><span style=\"font-size: medium;\"><br><\/span><\/div>\n<div>\n<p><span style=\"font-size: medium;\">Desde Bilbao llega una de las propuestas m\u00e1s inclasificables y salvajes del panorama actual:&nbsp;<\/span><a href=\"https:\/\/open.spotify.com\/intl-es\/artist\/1FrY0lSuDVQMmUFE3grB85?si=QrEUH5fkTTK9240CB0HVUQ\" target=\"_blank\" rel=\"noopener\" data-saferedirecturl=\"https:\/\/www.google.com\/url?q=https:\/\/open.spotify.com\/intl-es\/artist\/1FrY0lSuDVQMmUFE3grB85?si%3DQrEUH5fkTTK9240CB0HVUQ&amp;source=gmail&amp;ust=1777645661143000&amp;usg=AOvVaw0izgcpaiaJHgLC_6jd8oha\"><span style=\"color: #ff40ff; font-size: medium;\">Los Chivatos<\/span><\/a><span style=\"font-size: medium;\">. Formados en 2015, su sonido nace del choque entre el punk, el grunge y una energ\u00eda dif\u00edcil de domesticar, como si el desorden tuviera forma de banda.<\/span><\/p>\n<p><span style=\"font-size: medium;\">Lo suyo es el \u201c\u00d1unk\u201d \u2014punk con \u201c\u00f1\u201d\u2014: directo, \u00e1cido, surrealista y sin intenci\u00f3n de encajar en ning\u00fan molde. Sus canciones avanzan entre la paranoia, la iron\u00eda y la descarga frontal, con una intensidad que recuerda a un cruce imposible entre Pony Bravo, Rage Against The Machine o System of a Down, pero con identidad propia y en castellano.<\/span><\/p>\n<p><span style=\"font-size: medium;\">Si el punk cl\u00e1sico gritaba que no hab\u00eda futuro, Los Chivatos parecen responder con otra idea: s\u00ed lo hay, pero tampoco importa demasiado. En ese caos consciente han construido un universo propio donde todo vale siempre que sea estimulante, divertido y, ahora m\u00e1s que nunca, lleno de hits.<\/span><\/p>\n<p><span style=\"font-size: medium;\">Su nuevo disco,&nbsp;<\/span><a href=\"https:\/\/open.spotify.com\/intl-es\/album\/4iivGp9Go7XiQpZmcEz4rk?si=JiJS8GHDRKW6tOgGNUfzHg\" target=\"_blank\" rel=\"noopener\" data-saferedirecturl=\"https:\/\/www.google.com\/url?q=https:\/\/open.spotify.com\/intl-es\/album\/4iivGp9Go7XiQpZmcEz4rk?si%3DJiJS8GHDRKW6tOgGNUfzHg&amp;source=gmail&amp;ust=1777645661143000&amp;usg=AOvVaw0Qxe-OVtIm7wnZR6GQmXr4\"><span style=\"color: #ff40ff;\">Pulpa<\/span><\/a><span style=\"font-size: medium;\">, confirma el momento: diez canciones directas, afiladas y sin escapatoria que ya han puesto al underground en alerta. Sobre el escenario, esa energ\u00eda se multiplica: intensidad, actitud y una sensaci\u00f3n constante de que cualquier cosa puede pasar.<\/span><\/p>\n<p><span style=\"font-size: medium;\">Ellos mismos lo resumen mejor que nadie:<br><em>&#8220;Somos un pollo sin cabeza corriendo en c\u00edrculos, no sabemos muy bien qu\u00e9 estamos haciendo ni cu\u00e1ndo caeremos desplomados.&#8221;<\/em><\/span><\/p>\n<div><p>Para consultar toda la programaci\u00f3n de Ochoymedio,&nbsp;<a href=\"https:\/\/ochoymedioclub.com\/conciertos\/\" target=\"_blank\" rel=\"noopener\" data-saferedirecturl=\"https:\/\/www.google.com\/url?q=https:\/\/ochoymedioclub.com\/conciertos\/&amp;source=gmail&amp;ust=1777645661143000&amp;usg=AOvVaw00MsozAyKqyMOIYsCVc8AA\">haz click aqu\u00ed.<\/a><\/p>\n<div><span style=\"font-size: medium;\">Concierto de&nbsp;<\/span><a href=\"https:\/\/www.instagram.com\/loschivatos_?igsh=djA0YzN4ZGQzcGJ4\" target=\"_blank\" rel=\"noopener\" data-saferedirecturl=\"https:\/\/www.google.com\/url?q=https:\/\/www.instagram.com\/loschivatos_?igsh%3DdjA0YzN4ZGQzcGJ4&amp;source=gmail&amp;ust=1777645661143000&amp;usg=AOvVaw0p_RyL8zCOVXH3chyHx1nr\"><span style=\"color: #ff40ff; font-size: medium;\">Los Chivatos<\/span><\/a><span style=\"font-size: medium;\">&nbsp;el 13 de noviembre en la&nbsp;<\/span><a href=\"https:\/\/share.google\/2WtNcITM8HT20d2pN\" target=\"_blank\" rel=\"noopener\" data-saferedirecturl=\"https:\/\/www.google.com\/url?q=https:\/\/share.google\/2WtNcITM8HT20d2pN&amp;source=gmail&amp;ust=1777645661143000&amp;usg=AOvVaw1mT2a9_YCgVIPw0Jbjz39F\"><span style=\"color: #ff40ff;\">sala Chang\u00f3<\/span><\/a><span style=\"font-size: medium;\">&nbsp;dentro de la programaci\u00f3n de Ochoymedio Live. \u00a1Entradas aqu\u00ed!&nbsp;<\/span><\/div>\n<div>\n<p><span style=\"font-size: medium;\">Desde Bilbao llega una de las propuestas m\u00e1s inclasificables y salvajes del panorama actual:&nbsp;<\/span><a href=\"https:\/\/open.spotify.com\/intl-es\/artist\/1FrY0lSuDVQMmUFE3grB85?si=QrEUH5fkTTK9240CB0HVUQ\" target=\"_blank\" rel=\"noopener\" data-saferedirecturl=\"https:\/\/www.google.com\/url?q=https:\/\/open.spotify.com\/intl-es\/artist\/1FrY0lSuDVQMmUFE3grB85?si%3DQrEUH5fkTTK9240CB0HVUQ&amp;source=gmail&amp;ust=1777645661143000&amp;usg=AOvVaw0izgcpaiaJHgLC_6jd8oha\"><span style=\"color: #ff40ff; font-size: medium;\">Los Chivatos<\/span><\/a><span style=\"font-size: medium;\">. Formados en 2015, su sonido nace del choque entre el punk, el grunge y una energ\u00eda dif\u00edcil de domesticar, como si el desorden tuviera forma de banda.<\/span><\/p>\n<p><span style=\"font-size: medium;\">Lo suyo es el \u201c\u00d1unk\u201d \u2014punk con \u201c\u00f1\u201d\u2014: directo, \u00e1cido, surrealista y sin intenci\u00f3n de encajar en ning\u00fan molde. Sus canciones avanzan entre la paranoia, la iron\u00eda y la descarga frontal, con una intensidad que recuerda a un cruce imposible entre Pony Bravo, Rage Against The Machine o System of a Down, pero con identidad propia y en castellano.<\/span><\/p>\n<p><span style=\"font-size: medium;\">Si el punk cl\u00e1sico gritaba que no hab\u00eda futuro, Los Chivatos parecen responder con otra idea: s\u00ed lo hay, pero tampoco importa demasiado. En ese caos consciente han construido un universo propio donde todo vale siempre que sea estimulante, divertido y, ahora m\u00e1s que nunca, lleno de hits.<\/span><\/p>\n<p><span style=\"font-size: medium;\">Su nuevo disco,&nbsp;<\/span><a href=\"https:\/\/open.spotify.com\/intl-es\/album\/4iivGp9Go7XiQpZmcEz4rk?si=JiJS8GHDRKW6tOgGNUfzHg\" target=\"_blank\" rel=\"noopener\" data-saferedirecturl=\"https:\/\/www.google.com\/url?q=https:\/\/open.spotify.com\/intl-es\/album\/4iivGp9Go7XiQpZmcEz4rk?si%3DJiJS8GHDRKW6tOgGNUfzHg&amp;source=gmail&amp;ust=1777645661143000&amp;usg=AOvVaw0Qxe-OVtIm7wnZR6GQmXr4\"><span style=\"color: #ff40ff;\">Pulpa<\/span><\/a><span style=\"font-size: medium;\">, confirma el momento: diez canciones directas, afiladas y sin escapatoria que ya han puesto al underground en alerta. Sobre el escenario, esa energ\u00eda se multiplica: intensidad, actitud y una sensaci\u00f3n constante de que cualquier cosa puede pasar.<\/span><\/p>\n<p><span style=\"font-size: medium;\">Ellos mismos lo resumen mejor que nadie:<br><em>&#8220;Somos un pollo sin cabeza corriendo en c\u00edrculos, no sabemos muy bien qu\u00e9 estamos haciendo ni cu\u00e1ndo caeremos desplomados.&#8221;<\/em><\/span><\/p>\n<div>Para consultar toda la programaci\u00f3n de Ochoymedio,&nbsp;<a href=\"https:\/\/ochoymedioclub.com\/conciertos\/\" target=\"_blank\" rel=\"noopener\" data-saferedirecturl=\"https:\/\/www.google.com\/url?q=https:\/\/ochoymedioclub.com\/conciertos\/&amp;source=gmail&amp;ust=1777645661143000&amp;usg=AOvVaw00MsozAyKqyMOIYsCVc8AA\">haz click aqu\u00ed.<\/a><\/div>\n<\/div>\n<\/div>\n<\/div>\t\t\t\t\t\t\t\t<\/div>\n\t\t\t\t<\/div>\n\t\t\t\t\t<\/div>\n\t\t<\/div>\n\t\t\t\t<div class=\"elementor-column elementor-col-50 elementor-top-column elementor-element elementor-element-4f35675c\" data-id=\"4f35675c\" data-element_type=\"column\" data-e-type=\"column\">\n\t\t\t<div class=\"elementor-widget-wrap elementor-element-populated\">\n\t\t\t\t\t\t<div class=\"elementor-element elementor-element-52c8a79c elementor-widget elementor-widget-image\" data-id=\"52c8a79c\" data-element_type=\"widget\" data-e-type=\"widget\" data-widget_type=\"image.default\">\n\t\t\t\t<div class=\"elementor-widget-container\">\n\t\t\t\t\t\t\t\t\t\t\t\t\t\t\t<img fetchpriority=\"high\" decoding=\"async\" width=\"799\" height=\"797\" src=\"https:\/\/ochoymedioclub.com\/wp-content\/uploads\/2026\/04\/los-chivatos.png\" class=\"attachment-full size-full wp-image-343745\" alt=\"Vibrant collage of people dancing and posing, with a central man in a white shirt and a pink background.\" srcset=\"https:\/\/ochoymedioclub.com\/wp-content\/uploads\/2026\/04\/los-chivatos.png 799w, https:\/\/ochoymedioclub.com\/wp-content\/uploads\/2026\/04\/los-chivatos-300x299.png 300w, https:\/\/ochoymedioclub.com\/wp-content\/uploads\/2026\/04\/los-chivatos-150x150.png 150w, https:\/\/ochoymedioclub.com\/wp-content\/uploads\/2026\/04\/los-chivatos-768x766.png 768w, https:\/\/ochoymedioclub.com\/wp-content\/uploads\/2026\/04\/los-chivatos-100x100.png 100w\" sizes=\"(max-width: 799px) 100vw, 799px\" \/>\t\t\t\t\t\t\t\t\t\t\t\t\t\t\t<\/div>\n\t\t\t\t<\/div>\n\t\t\t\t\t<\/div>\n\t\t<\/div>\n\t\t\t\t\t<\/div>\n\t\t<\/section>\n\t\t\t\t<section class=\"elementor-section elementor-top-section elementor-element elementor-element-11cd9e5e elementor-section-full_width elementor-section-height-default elementor-section-height-default\" data-id=\"11cd9e5e\" data-element_type=\"section\" data-e-type=\"section\">\n\t\t\t\t\t\t<div class=\"elementor-container elementor-column-gap-default\">\n\t\t\t\t\t<div class=\"elementor-column elementor-col-100 elementor-top-column elementor-element elementor-element-257b2683\" data-id=\"257b2683\" data-element_type=\"column\" data-e-type=\"column\">\n\t\t\t<div class=\"elementor-widget-wrap elementor-element-populated\">\n\t\t\t\t\t\t<div class=\"elementor-element elementor-element-7134fead elementor-widget elementor-widget-heading\" data-id=\"7134fead\" data-element_type=\"widget\" data-e-type=\"widget\" data-widget_type=\"heading.default\">\n\t\t\t\t<div class=\"elementor-widget-container\">\n\t\t\t\t\t<h2 class=\"elementor-heading-title elementor-size-default\">VIDEOS<\/h2>\t\t\t\t<\/div>\n\t\t\t\t<\/div>\n\t\t\t\t<section class=\"elementor-section elementor-inner-section elementor-element elementor-element-4721f4bd elementor-section-boxed elementor-section-height-default elementor-section-height-default\" data-id=\"4721f4bd\" data-element_type=\"section\" data-e-type=\"section\">\n\t\t\t\t\t\t<div class=\"elementor-container elementor-column-gap-default\">\n\t\t\t\t\t<div class=\"elementor-column elementor-col-50 elementor-inner-column elementor-element elementor-element-9da9e27\" data-id=\"9da9e27\" data-element_type=\"column\" data-e-type=\"column\">\n\t\t\t<div class=\"elementor-widget-wrap elementor-element-populated\">\n\t\t\t\t\t\t<div class=\"elementor-element elementor-element-490e5fa8 elementor-widget elementor-widget-video\" data-id=\"490e5fa8\" data-element_type=\"widget\" data-e-type=\"widget\" data-settings=\"{&quot;youtube_url&quot;:&quot;https:\\\/\\\/youtu.be\\\/bfIoNSO_bhI?si=ZYEYM5n33Vf1r5zX&quot;,&quot;video_type&quot;:&quot;youtube&quot;,&quot;controls&quot;:&quot;yes&quot;}\" data-widget_type=\"video.default\">\n\t\t\t\t<div class=\"elementor-widget-container\">\n\t\t\t\t\t\t\t<div class=\"elementor-wrapper elementor-open-inline\">\n\t\t\t<div class=\"elementor-video\"><\/div>\t\t<\/div>\n\t\t\t\t\t\t<\/div>\n\t\t\t\t<\/div>\n\t\t\t\t\t<\/div>\n\t\t<\/div>\n\t\t\t\t<div class=\"elementor-column elementor-col-50 elementor-inner-column elementor-element elementor-element-18fad8f2\" data-id=\"18fad8f2\" data-element_type=\"column\" data-e-type=\"column\">\n\t\t\t<div class=\"elementor-widget-wrap elementor-element-populated\">\n\t\t\t\t\t\t<div class=\"elementor-element elementor-element-42c33b78 elementor-widget elementor-widget-video\" data-id=\"42c33b78\" data-element_type=\"widget\" data-e-type=\"widget\" data-settings=\"{&quot;youtube_url&quot;:&quot;https:\\\/\\\/youtu.be\\\/fisRvEOb6Fg?si=a6hM4xVtBP37_dkW&quot;,&quot;video_type&quot;:&quot;youtube&quot;,&quot;controls&quot;:&quot;yes&quot;}\" data-widget_type=\"video.default\">\n\t\t\t\t<div class=\"elementor-widget-container\">\n\t\t\t\t\t\t\t<div class=\"elementor-wrapper elementor-open-inline\">\n\t\t\t<div class=\"elementor-video\"><\/div>\t\t<\/div>\n\t\t\t\t\t\t<\/div>\n\t\t\t\t<\/div>\n\t\t\t\t\t<\/div>\n\t\t<\/div>\n\t\t\t\t\t<\/div>\n\t\t<\/section>\n\t\t\t\t\t<\/div>\n\t\t<\/div>\n\t\t\t\t\t<\/div>\n\t\t<\/section>\n\t\t\t\t<section class=\"elementor-section elementor-top-section elementor-element elementor-element-2e449ee6 elementor-section-boxed elementor-section-height-default elementor-section-height-default\" data-id=\"2e449ee6\" data-element_type=\"section\" data-e-type=\"section\">\n\t\t\t\t\t\t<div class=\"elementor-container elementor-column-gap-default\">\n\t\t\t\t\t<div class=\"elementor-column elementor-col-100 elementor-top-column elementor-element elementor-element-377fbeb0\" data-id=\"377fbeb0\" data-element_type=\"column\" data-e-type=\"column\">\n\t\t\t<div class=\"elementor-widget-wrap elementor-element-populated\">\n\t\t\t\t\t\t<div class=\"elementor-element elementor-element-101dea7c elementor-alert-info elementor-widget elementor-widget-alert\" data-id=\"101dea7c\" data-element_type=\"widget\" data-e-type=\"widget\" data-widget_type=\"alert.default\">\n\t\t\t\t<div class=\"elementor-widget-container\">\n\t\t\t\t\t\t\t<div class=\"elementor-alert\" role=\"alert\">\n\n\t\t\t\t\t\t<span class=\"elementor-alert-title\">POL\u00cdTICA DE MENORES<\/span>\n\t\t\t\n\t\t\t\t\t\t<span class=\"elementor-alert-description\"><a href=\"https:\/\/ochoymedioclub.com\/menores\/\">Haz click aqu\u00ed<\/a><\/span>\n\t\t\t\n\t\t\t\t\t\t<button type=\"button\" class=\"elementor-alert-dismiss\" aria-label=\"Descartar esta alerta.\">\n\t\t\t\t<i aria-hidden=\"true\" class=\"fas fa-times-circle\"><\/i>\t\t\t<\/button>\n\t\t\t\n\t\t<\/div>\n\t\t\t\t\t\t<\/div>\n\t\t\t\t<\/div>\n\t\t\t\t\t<\/div>\n\t\t<\/div>\n\t\t\t\t\t<\/div>\n\t\t<\/section>\n\t\t\t\t<\/div>\n\t\t","protected":false},"excerpt":{"rendered":"<p><strong><span style=\"color: #999999;\">FECHA:<\/span> viernes, 13 noviembre, 2026<\/strong><\/p>\n<p><strong><span style=\"color: #999999;\">HORA:<\/span> PUERTAS 20:00H<\/strong><\/p>\n<p><strong><span style=\"color: #999999;\">LUGAR:<\/span> SALA CHANG\u00d3<\/strong><\/p>\n<p><em><strong>GASTOS DE GESTI\u00d3N YA INCLUIDOS<\/strong><\/em><\/p>\n","protected":false},"author":1,"featured_media":343948,"template":"","meta":{"_acf_changed":false},"product_brand":[],"product_cat":[30],"product_tag":[],"class_list":{"0":"post-343741","1":"product","2":"type-product","3":"status-publish","4":"has-post-thumbnail","6":"product_cat-sala-chango","7":"product_shipping_class-gastos-de-gestion","9":"first","10":"instock","11":"virtual","12":"taxable","13":"purchasable","14":"product-type-simple"},"acf":[],"aioseo_notices":[],"_links":{"self":[{"href":"https:\/\/ochoymedioclub.com\/en\/wp-json\/wp\/v2\/product\/343741","targetHints":{"allow":["GET"]}}],"collection":[{"href":"https:\/\/ochoymedioclub.com\/en\/wp-json\/wp\/v2\/product"}],"about":[{"href":"https:\/\/ochoymedioclub.com\/en\/wp-json\/wp\/v2\/types\/product"}],"author":[{"embeddable":true,"href":"https:\/\/ochoymedioclub.com\/en\/wp-json\/wp\/v2\/users\/1"}],"version-history":[{"count":9,"href":"https:\/\/ochoymedioclub.com\/en\/wp-json\/wp\/v2\/product\/343741\/revisions"}],"predecessor-version":[{"id":343955,"href":"https:\/\/ochoymedioclub.com\/en\/wp-json\/wp\/v2\/product\/343741\/revisions\/343955"}],"wp:featuredmedia":[{"embeddable":true,"href":"https:\/\/ochoymedioclub.com\/en\/wp-json\/wp\/v2\/media\/343948"}],"wp:attachment":[{"href":"https:\/\/ochoymedioclub.com\/en\/wp-json\/wp\/v2\/media?parent=343741"}],"wp:term":[{"taxonomy":"product_brand","embeddable":true,"href":"https:\/\/ochoymedioclub.com\/en\/wp-json\/wp\/v2\/product_brand?post=343741"},{"taxonomy":"product_cat","embeddable":true,"href":"https:\/\/ochoymedioclub.com\/en\/wp-json\/wp\/v2\/product_cat?post=343741"},{"taxonomy":"product_tag","embeddable":true,"href":"https:\/\/ochoymedioclub.com\/en\/wp-json\/wp\/v2\/product_tag?post=343741"}],"curies":[{"name":"wp","href":"https:\/\/api.w.org\/{rel}","templated":true}]}}