{"id":341940,"date":"2026-04-02T10:54:30","date_gmt":"2026-04-02T08:54:30","guid":{"rendered":"https:\/\/ochoymedioclub.com\/?post_type=product&#038;p=341940"},"modified":"2026-04-09T13:08:58","modified_gmt":"2026-04-09T11:08:58","slug":"emilia-pardo-y-bazan","status":"publish","type":"product","link":"https:\/\/ochoymedioclub.com\/en\/conciertos\/emilia-pardo-y-bazan\/","title":{"rendered":"EMILIA, PARDO Y BAZ\u00c1N"},"content":{"rendered":"\t\t<div data-elementor-type=\"product-post\" data-elementor-id=\"341940\" class=\"elementor elementor-341940\" data-elementor-post-type=\"product\">\n\t\t\t\t\t\t<section class=\"elementor-section elementor-top-section elementor-element elementor-element-491b6b08 elementor-section-full_width elementor-section-height-default elementor-section-height-default\" data-id=\"491b6b08\" data-element_type=\"section\" data-e-type=\"section\">\n\t\t\t\t\t\t<div class=\"elementor-container elementor-column-gap-default\">\n\t\t\t\t\t<div class=\"elementor-column elementor-col-50 elementor-top-column elementor-element elementor-element-1279d204\" data-id=\"1279d204\" data-element_type=\"column\" data-e-type=\"column\">\n\t\t\t<div class=\"elementor-widget-wrap elementor-element-populated\">\n\t\t\t\t\t\t<div class=\"elementor-element elementor-element-6fa7d491 elementor-widget elementor-widget-heading\" data-id=\"6fa7d491\" data-element_type=\"widget\" data-e-type=\"widget\" data-widget_type=\"heading.default\">\n\t\t\t\t<div class=\"elementor-widget-container\">\n\t\t\t\t\t<h2 class=\"elementor-heading-title elementor-size-default\">INFO<\/h2>\t\t\t\t<\/div>\n\t\t\t\t<\/div>\n\t\t\t\t<div class=\"elementor-element elementor-element-45dac6ad elementor-widget elementor-widget-text-editor\" data-id=\"45dac6ad\" data-element_type=\"widget\" data-e-type=\"widget\" data-widget_type=\"text-editor.default\">\n\t\t\t\t<div class=\"elementor-widget-container\">\n\t\t\t\t\t\t\t\t\tConcierto de Emilia, Pardo y Baz\u00e1n\u00a0el 9 de octubre en la\u00a0<a href=\"https:\/\/share.google\/xkVxV7379D3HVal1k\" target=\"_blank\" rel=\"noopener\" data-saferedirecturl=\"https:\/\/www.google.com\/url?q=https:\/\/share.google\/xkVxV7379D3HVal1k&amp;source=gmail&amp;ust=1775815638167000&amp;usg=AOvVaw3QIQNTzFN6RMQ7XXG8frih\">Sala UNI<\/span><\/a>\u00a0dentro de la programaci\u00f3n de Ochoymedio Live. \u00a1Entradas disponibles aqu\u00ed!<\/div>\n<div><\/div>\n<div>\n\n<a href=\"https:\/\/open.spotify.com\/intl-es\/artist\/3Wu21kxlNyuHhyGbCndp7j?si=SxCXBdXxT3yjDRgUcdKxEQ\" target=\"_blank\" rel=\"noopener\" data-saferedirecturl=\"https:\/\/www.google.com\/url?q=https:\/\/open.spotify.com\/intl-es\/artist\/3Wu21kxlNyuHhyGbCndp7j?si%3DSxCXBdXxT3yjDRgUcdKxEQ&amp;source=gmail&amp;ust=1775815638167000&amp;usg=AOvVaw1k62gYh7kzj2nm8CsrbssZ\"><span style=\"color: #ff40ff;\">Emilia, Pardo y Baz\u00e1n<\/span><\/a>\u00a0llegan a la sala UNI con uno de los directos m\u00e1s s\u00f3lidos y personales del panorama actual.\n\nEl quinteto ha construido un universo propio donde conviven guitarras afiladas, melod\u00edas contagiosas y letras que observan lo cotidiano con iron\u00eda, emoci\u00f3n y una clara vocaci\u00f3n cinematogr\u00e1fica. Formados en 2020 en Talavera de la Reina, lejos de cualquier escena establecida, han crecido al margen de tendencias, desarrollando un sonido libre, inc\u00f3modo por momentos y siempre honesto.\n\nTras un primer disco,\u00a0<a href=\"https:\/\/open.spotify.com\/intl-es\/album\/3lUOwe0siVQNaotjhHNL78?si=IX5Rs9VfTWirTeZVbvraTQ\" target=\"_blank\" rel=\"noopener\" data-saferedirecturl=\"https:\/\/www.google.com\/url?q=https:\/\/open.spotify.com\/intl-es\/album\/3lUOwe0siVQNaotjhHNL78?si%3DIX5Rs9VfTWirTeZVbvraTQ&amp;source=gmail&amp;ust=1775815638168000&amp;usg=AOvVaw3EV3oi5Mf85qwBj3K3KMTg\"><span style=\"color: #ff40ff;\"><em>El Mal de la Juventud<\/em>\u00a0(2021)<\/span><\/a>, y la consolidaci\u00f3n que supuso\u00a0<a href=\"https:\/\/open.spotify.com\/intl-es\/album\/2yMXErwLdMHGWUVtBkuY8y?si=Qzb0VoCFRmCxAjHjv7xVEA\" target=\"_blank\" rel=\"noopener\" data-saferedirecturl=\"https:\/\/www.google.com\/url?q=https:\/\/open.spotify.com\/intl-es\/album\/2yMXErwLdMHGWUVtBkuY8y?si%3DQzb0VoCFRmCxAjHjv7xVEA&amp;source=gmail&amp;ust=1775815638168000&amp;usg=AOvVaw2T6AhuFI6VZ0lpayskhAYg\"><span style=\"color: #ff40ff;\"><em>La Fiesta Que Me Prometiste<\/em>\u00a0(2024)<\/span><\/a>, la banda abre una nueva etapa con su tercer \u00e1lbum,\u00a0<em>Qu\u00e9 ha sido de los planes que hicimos anoche cuando est\u00e1bamos borrachos<\/em>, producido por\u00a0Guille Mostaza.\n\nEste concierto en UNI ser\u00e1 la presentaci\u00f3n en directo de este nuevo trabajo, donde el grupo lleva sus se\u00f1as de identidad un paso m\u00e1s all\u00e1: narrativas afiladas, im\u00e1genes que se quedan y una intensidad que en vivo se transforma en algo a\u00fan m\u00e1s contundente.\n\nEl 9 de octubre, Emilia, Pardo y Baz\u00e1n en estado puro.\n<div>Si quieres consultar toda la programaci\u00f3n de Ochoymedio, haz click\u00a0<a href=\"https:\/\/ochoymedioclub.com\/conciertos\/\" target=\"_blank\" rel=\"noopener\" data-saferedirecturl=\"https:\/\/www.google.com\/url?q=https:\/\/ochoymedioclub.com\/conciertos\/&amp;source=gmail&amp;ust=1775815638168000&amp;usg=AOvVaw2RQI_KMgnKV8VhPHchN63z\">aqu\u00ed.<\/a><\/div>\n<\/div>\t\t\t\t\t\t\t\t<\/div>\n\t\t\t\t<\/div>\n\t\t\t\t\t<\/div>\n\t\t<\/div>\n\t\t\t\t<div class=\"elementor-column elementor-col-50 elementor-top-column elementor-element elementor-element-68300ad\" data-id=\"68300ad\" data-element_type=\"column\" data-e-type=\"column\">\n\t\t\t<div class=\"elementor-widget-wrap elementor-element-populated\">\n\t\t\t\t\t\t<div class=\"elementor-element elementor-element-1ebd5b77 elementor-widget elementor-widget-image\" data-id=\"1ebd5b77\" data-element_type=\"widget\" data-e-type=\"widget\" data-widget_type=\"image.default\">\n\t\t\t\t<div class=\"elementor-widget-container\">\n\t\t\t\t\t\t\t\t\t\t\t\t\t\t\t<img fetchpriority=\"high\" decoding=\"async\" width=\"800\" height=\"533\" src=\"https:\/\/ochoymedioclub.com\/wp-content\/uploads\/2026\/04\/EMILIA-PARDO-Y-BAZ\u00b5N-05.jpg\" class=\"attachment-full size-full wp-image-342120\" alt=\"\" srcset=\"https:\/\/ochoymedioclub.com\/wp-content\/uploads\/2026\/04\/EMILIA-PARDO-Y-BAZ\u00b5N-05.jpg 800w, https:\/\/ochoymedioclub.com\/wp-content\/uploads\/2026\/04\/EMILIA-PARDO-Y-BAZ\u00b5N-05-300x200.jpg 300w, https:\/\/ochoymedioclub.com\/wp-content\/uploads\/2026\/04\/EMILIA-PARDO-Y-BAZ\u00b5N-05-768x512.jpg 768w\" sizes=\"(max-width: 800px) 100vw, 800px\" \/>\t\t\t\t\t\t\t\t\t\t\t\t\t\t\t<\/div>\n\t\t\t\t<\/div>\n\t\t\t\t\t<\/div>\n\t\t<\/div>\n\t\t\t\t\t<\/div>\n\t\t<\/section>\n\t\t\t\t<section class=\"elementor-section elementor-top-section elementor-element elementor-element-62303a90 elementor-section-full_width elementor-section-height-default elementor-section-height-default\" data-id=\"62303a90\" data-element_type=\"section\" data-e-type=\"section\">\n\t\t\t\t\t\t<div class=\"elementor-container elementor-column-gap-default\">\n\t\t\t\t\t<div class=\"elementor-column elementor-col-100 elementor-top-column elementor-element elementor-element-2f1fddc3\" data-id=\"2f1fddc3\" data-element_type=\"column\" data-e-type=\"column\">\n\t\t\t<div class=\"elementor-widget-wrap elementor-element-populated\">\n\t\t\t\t\t\t<div class=\"elementor-element elementor-element-22600f9f elementor-widget elementor-widget-heading\" data-id=\"22600f9f\" data-element_type=\"widget\" data-e-type=\"widget\" data-widget_type=\"heading.default\">\n\t\t\t\t<div class=\"elementor-widget-container\">\n\t\t\t\t\t<h2 class=\"elementor-heading-title elementor-size-default\">VIDEOS<\/h2>\t\t\t\t<\/div>\n\t\t\t\t<\/div>\n\t\t\t\t<section class=\"elementor-section elementor-inner-section elementor-element elementor-element-e26954f elementor-section-boxed elementor-section-height-default elementor-section-height-default\" data-id=\"e26954f\" data-element_type=\"section\" data-e-type=\"section\">\n\t\t\t\t\t\t<div class=\"elementor-container elementor-column-gap-default\">\n\t\t\t\t\t<div class=\"elementor-column elementor-col-50 elementor-inner-column elementor-element elementor-element-384e95a8\" data-id=\"384e95a8\" data-element_type=\"column\" data-e-type=\"column\">\n\t\t\t<div class=\"elementor-widget-wrap elementor-element-populated\">\n\t\t\t\t\t\t<div class=\"elementor-element elementor-element-4196911 elementor-widget elementor-widget-video\" data-id=\"4196911\" data-element_type=\"widget\" data-e-type=\"widget\" data-settings=\"{&quot;youtube_url&quot;:&quot;https:\\\/\\\/youtu.be\\\/CF4Z0xOx5vg?si=-mM7Jl15uoYr7pee&quot;,&quot;video_type&quot;:&quot;youtube&quot;,&quot;controls&quot;:&quot;yes&quot;}\" data-widget_type=\"video.default\">\n\t\t\t\t<div class=\"elementor-widget-container\">\n\t\t\t\t\t\t\t<div class=\"elementor-wrapper elementor-open-inline\">\n\t\t\t<div class=\"elementor-video\"><\/div>\t\t<\/div>\n\t\t\t\t\t\t<\/div>\n\t\t\t\t<\/div>\n\t\t\t\t\t<\/div>\n\t\t<\/div>\n\t\t\t\t<div class=\"elementor-column elementor-col-50 elementor-inner-column elementor-element elementor-element-48b9fee3\" data-id=\"48b9fee3\" data-element_type=\"column\" data-e-type=\"column\">\n\t\t\t<div class=\"elementor-widget-wrap elementor-element-populated\">\n\t\t\t\t\t\t<div class=\"elementor-element elementor-element-322a7e0a elementor-widget elementor-widget-video\" data-id=\"322a7e0a\" data-element_type=\"widget\" data-e-type=\"widget\" data-settings=\"{&quot;youtube_url&quot;:&quot;https:\\\/\\\/youtu.be\\\/Uz3e3bWI57U?si=wYHhBrDNbqebPXwB&quot;,&quot;video_type&quot;:&quot;youtube&quot;,&quot;controls&quot;:&quot;yes&quot;}\" data-widget_type=\"video.default\">\n\t\t\t\t<div class=\"elementor-widget-container\">\n\t\t\t\t\t\t\t<div class=\"elementor-wrapper elementor-open-inline\">\n\t\t\t<div class=\"elementor-video\"><\/div>\t\t<\/div>\n\t\t\t\t\t\t<\/div>\n\t\t\t\t<\/div>\n\t\t\t\t\t<\/div>\n\t\t<\/div>\n\t\t\t\t\t<\/div>\n\t\t<\/section>\n\t\t\t\t\t<\/div>\n\t\t<\/div>\n\t\t\t\t\t<\/div>\n\t\t<\/section>\n\t\t\t\t<section class=\"elementor-section elementor-top-section elementor-element elementor-element-76000250 elementor-section-boxed elementor-section-height-default elementor-section-height-default\" data-id=\"76000250\" data-element_type=\"section\" data-e-type=\"section\">\n\t\t\t\t\t\t<div class=\"elementor-container elementor-column-gap-default\">\n\t\t\t\t\t<div class=\"elementor-column elementor-col-100 elementor-top-column elementor-element elementor-element-5d819ded\" data-id=\"5d819ded\" data-element_type=\"column\" data-e-type=\"column\">\n\t\t\t<div class=\"elementor-widget-wrap elementor-element-populated\">\n\t\t\t\t\t\t<div class=\"elementor-element elementor-element-49c8f207 elementor-alert-info elementor-widget elementor-widget-alert\" data-id=\"49c8f207\" data-element_type=\"widget\" data-e-type=\"widget\" data-widget_type=\"alert.default\">\n\t\t\t\t<div class=\"elementor-widget-container\">\n\t\t\t\t\t\t\t<div class=\"elementor-alert\" role=\"alert\">\n\n\t\t\t\t\t\t<span class=\"elementor-alert-title\">POL\u00cdTICA DE MENORES<\/span>\n\t\t\t\n\t\t\t\t\t\t<span class=\"elementor-alert-description\"><a href=\"https:\/\/ochoymedioclub.com\/menores\/\">Haz click aqu\u00ed<\/a><\/span>\n\t\t\t\n\t\t\t\t\t\t<button type=\"button\" class=\"elementor-alert-dismiss\" aria-label=\"Descartar esta alerta.\">\n\t\t\t\t<i aria-hidden=\"true\" class=\"fas fa-times-circle\"><\/i>\t\t\t<\/button>\n\t\t\t\n\t\t<\/div>\n\t\t\t\t\t\t<\/div>\n\t\t\t\t<\/div>\n\t\t\t\t\t<\/div>\n\t\t<\/div>\n\t\t\t\t\t<\/div>\n\t\t<\/section>\n\t\t\t\t<\/div>\n\t\t","protected":false},"excerpt":{"rendered":"<p><strong><span style=\"color: #999999;\">FECHA: <\/span>viernes, 9 octubre, 2026<\/strong><\/p>\n<p><strong><span style=\"color: #999999;\">HORA:<\/span> 20:00H<\/strong><\/p>\n<p><strong><span style=\"color: #999999;\">LUGAR:<\/span> SALA UNI<\/strong><\/p>\n<p><em><strong>GASTOS DE GESTI\u00d3N YA INCLUIDOS<\/strong><\/em><\/p>\n","protected":false},"author":1,"featured_media":342435,"template":"","meta":{"_acf_changed":false},"product_brand":[],"product_cat":[314],"product_tag":[],"class_list":{"0":"post-341940","1":"product","2":"type-product","3":"status-publish","4":"has-post-thumbnail","6":"product_cat-sala-uni","8":"first","9":"instock","10":"virtual","11":"taxable","12":"purchasable","13":"product-type-simple"},"acf":[],"aioseo_notices":[],"_links":{"self":[{"href":"https:\/\/ochoymedioclub.com\/en\/wp-json\/wp\/v2\/product\/341940","targetHints":{"allow":["GET"]}}],"collection":[{"href":"https:\/\/ochoymedioclub.com\/en\/wp-json\/wp\/v2\/product"}],"about":[{"href":"https:\/\/ochoymedioclub.com\/en\/wp-json\/wp\/v2\/types\/product"}],"author":[{"embeddable":true,"href":"https:\/\/ochoymedioclub.com\/en\/wp-json\/wp\/v2\/users\/1"}],"version-history":[{"count":16,"href":"https:\/\/ochoymedioclub.com\/en\/wp-json\/wp\/v2\/product\/341940\/revisions"}],"predecessor-version":[{"id":342441,"href":"https:\/\/ochoymedioclub.com\/en\/wp-json\/wp\/v2\/product\/341940\/revisions\/342441"}],"wp:featuredmedia":[{"embeddable":true,"href":"https:\/\/ochoymedioclub.com\/en\/wp-json\/wp\/v2\/media\/342435"}],"wp:attachment":[{"href":"https:\/\/ochoymedioclub.com\/en\/wp-json\/wp\/v2\/media?parent=341940"}],"wp:term":[{"taxonomy":"product_brand","embeddable":true,"href":"https:\/\/ochoymedioclub.com\/en\/wp-json\/wp\/v2\/product_brand?post=341940"},{"taxonomy":"product_cat","embeddable":true,"href":"https:\/\/ochoymedioclub.com\/en\/wp-json\/wp\/v2\/product_cat?post=341940"},{"taxonomy":"product_tag","embeddable":true,"href":"https:\/\/ochoymedioclub.com\/en\/wp-json\/wp\/v2\/product_tag?post=341940"}],"curies":[{"name":"wp","href":"https:\/\/api.w.org\/{rel}","templated":true}]}}