{"id":341822,"date":"2026-04-08T12:26:14","date_gmt":"2026-04-08T10:26:14","guid":{"rendered":"https:\/\/ochoymedioclub.com\/?post_type=product&#038;p=341822"},"modified":"2026-04-08T17:46:56","modified_gmt":"2026-04-08T15:46:56","slug":"defecto-2000","status":"publish","type":"product","link":"https:\/\/ochoymedioclub.com\/en\/conciertos\/defecto-2000\/","title":{"rendered":"DEFECTO 2000: METEOSAT + L KAN + LA MONJA ENANA"},"content":{"rendered":"\t\t<div data-elementor-type=\"product-post\" data-elementor-id=\"341822\" class=\"elementor elementor-341822\" data-elementor-post-type=\"product\">\n\t\t\t\t\t\t<section class=\"elementor-section elementor-top-section elementor-element elementor-element-1950faba elementor-section-full_width elementor-section-height-default elementor-section-height-default\" data-id=\"1950faba\" data-element_type=\"section\" data-e-type=\"section\">\n\t\t\t\t\t\t<div class=\"elementor-container elementor-column-gap-default\">\n\t\t\t\t\t<div class=\"elementor-column elementor-col-50 elementor-top-column elementor-element elementor-element-387d64eb\" data-id=\"387d64eb\" data-element_type=\"column\" data-e-type=\"column\">\n\t\t\t<div class=\"elementor-widget-wrap elementor-element-populated\">\n\t\t\t\t\t\t<div class=\"elementor-element elementor-element-758dc957 elementor-widget elementor-widget-heading\" data-id=\"758dc957\" data-element_type=\"widget\" data-e-type=\"widget\" data-widget_type=\"heading.default\">\n\t\t\t\t<div class=\"elementor-widget-container\">\n\t\t\t\t\t<h2 class=\"elementor-heading-title elementor-size-default\">INFO<\/h2>\t\t\t\t<\/div>\n\t\t\t\t<\/div>\n\t\t\t\t<div class=\"elementor-element elementor-element-83da8f9 elementor-widget elementor-widget-text-editor\" data-id=\"83da8f9\" data-element_type=\"widget\" data-e-type=\"widget\" data-widget_type=\"text-editor.default\">\n\t\t\t\t<div class=\"elementor-widget-container\">\n\t\t\t\t\t\t\t\t\t<p style=\"transition-timing-function: ease-in-out; transition-duration: 0.2s; color: #000000; font-family: Roboto; font-size: 14px; margin-bottom: 20px !important;\"><i class=\"\">\u00bfEras una de esas personas que llevaba flequillo a finales de los 90 y en los primeros 2000? \u00bfTe bajabas canciones del Audiogalaxy y del Soulseek? \u00bfSabes lo que es el IRC? \u00bfY la lista spanishpop? \u00bfLlevabas collares con tachuelas? \u00bfY chapitas? \u00bfTe dice algo la palabra Casiotone? \u00bfComprabas fanzines y maquetas?\u00bfO\u00edas Flor de pasi\u00f3n, Viaje a los Sue\u00f1os Polares,&nbsp;Disco grande,&nbsp;o Diario Pop?&nbsp;<\/i><\/p>\n<div class=\"\"><p><i class=\"\"><br class=\"\"><\/i><\/p>\n<div class=\"\"><i class=\"\">Si sabes de lo que hablamos estamos seguros de que no te vas a perder por nada del mundo el acontecimiento que es&nbsp;<b class=\"\">DEFECTO 2000,&nbsp;<\/b>tres de los grupos insignia del tecno-pop de los 2000 juntos en una misma tarde.&nbsp;<\/i><\/div>\n<div class=\"\"><i class=\"\">&nbsp;<\/i><\/div>\n<div class=\"\"><i class=\"\">Por un lado&nbsp;<b class=\"\">el espectacular regreso de&nbsp;METEOSAT<\/b>&nbsp;en segunda formaci\u00f3n, que ha sorprendido al mundo con su reuni\u00f3n y nos traen de vuelta hitazos de su energ\u00e9tico tecno-punk-pop como&nbsp;Mundo de metal, Mi novio es bakala, Extra\u00f1o ser&nbsp;o&nbsp;Vilma&nbsp;y&nbsp;quiz\u00e1&nbsp;alguna novedad.<\/i><\/div>\n<div class=\"\"><i class=\"\">&nbsp;<\/i><\/div>\n<div class=\"\"><i class=\"\">Por otro lado, las canciones del extra\u00f1o universo entre lo cient\u00edfico y lo paranormal de&nbsp;<b class=\"\">LA MONJA ENANA,<\/b>&nbsp;de los que recordar\u00e1s&nbsp;Casa de Mu\u00f1ecas, Como Lovecraft, Amor cu\u00e1ntico,&nbsp;Me enamor\u00e9 de un robot&nbsp;o&nbsp;Cartas de Amor.<\/i><\/div>\n<div class=\"\"><i class=\"\">&nbsp;<\/i><\/div>\n<div class=\"\"><i class=\"\">Y por ultimo el loco mundo de&nbsp;<b class=\"\">L KAN&nbsp;<\/b>, los descarados cronistas sociales de cada \u00e9poca que han vivido, con canciones como&nbsp;Aburrida de estar salida, Todo lo que no, Humor idiota, Modern talking, Ay marie Kondo,&nbsp;o su ultimo single&nbsp;Que no nos pase como a los Javis.<\/i><\/div>\n<div class=\"\"><i class=\"\">&nbsp;<\/i><\/div>\n<div class=\"\"><i class=\"\">Y entre grupo y grupo canciones que hace tiempo que no oyes en compa\u00f1\u00eda. \u00a1\u00a1\u00a1Esta fiesta es un fiest\u00f3n, un popazo en toda la cara!!!&nbsp;<\/i><\/div>\n<\/div>\t\t\t\t\t\t\t\t<\/div>\n\t\t\t\t<\/div>\n\t\t\t\t\t<\/div>\n\t\t<\/div>\n\t\t\t\t<div class=\"elementor-column elementor-col-50 elementor-top-column elementor-element elementor-element-123c4f8c\" data-id=\"123c4f8c\" data-element_type=\"column\" data-e-type=\"column\">\n\t\t\t<div class=\"elementor-widget-wrap elementor-element-populated\">\n\t\t\t\t\t\t<div class=\"elementor-element elementor-element-c53396c elementor-widget elementor-widget-gallery\" data-id=\"c53396c\" data-element_type=\"widget\" data-e-type=\"widget\" data-settings=\"{&quot;columns&quot;:2,&quot;lazyload&quot;:&quot;yes&quot;,&quot;gallery_layout&quot;:&quot;grid&quot;,&quot;columns_tablet&quot;:2,&quot;columns_mobile&quot;:1,&quot;gap&quot;:{&quot;unit&quot;:&quot;px&quot;,&quot;size&quot;:10,&quot;sizes&quot;:[]},&quot;gap_tablet&quot;:{&quot;unit&quot;:&quot;px&quot;,&quot;size&quot;:10,&quot;sizes&quot;:[]},&quot;gap_mobile&quot;:{&quot;unit&quot;:&quot;px&quot;,&quot;size&quot;:10,&quot;sizes&quot;:[]},&quot;link_to&quot;:&quot;file&quot;,&quot;aspect_ratio&quot;:&quot;3:2&quot;,&quot;overlay_background&quot;:&quot;yes&quot;,&quot;content_hover_animation&quot;:&quot;fade-in&quot;}\" data-widget_type=\"gallery.default\">\n\t\t\t\t<div class=\"elementor-widget-container\">\n\t\t\t\t\t\t\t<div class=\"elementor-gallery__container\">\n\t\t\t\t\t\t\t<a class=\"e-gallery-item elementor-gallery-item elementor-animated-content\" href=\"https:\/\/ochoymedioclub.com\/wp-content\/uploads\/2026\/03\/e2d25a43-a048-4e25-a8f6-6dc542a87ba8.jpg\" data-elementor-open-lightbox=\"yes\" data-elementor-lightbox-slideshow=\"c53396c\" data-elementor-lightbox-title=\"e2d25a43-a048-4e25-a8f6-6dc542a87ba8\" data-e-action-hash=\"#elementor-action%3Aaction%3Dlightbox%26settings%3DeyJpZCI6MzQxODM0LCJ1cmwiOiJodHRwczpcL1wvb2Nob3ltZWRpb2NsdWIuY29tXC93cC1jb250ZW50XC91cGxvYWRzXC8yMDI2XC8wM1wvZTJkMjVhNDMtYTA0OC00ZTI1LWE4ZjYtNmRjNTQyYTg3YmE4LmpwZyIsInNsaWRlc2hvdyI6ImM1MzM5NmMifQ%3D%3D\">\n\t\t\t\t\t<div class=\"e-gallery-image elementor-gallery-item__image\" data-thumbnail=\"https:\/\/ochoymedioclub.com\/wp-content\/uploads\/2026\/03\/e2d25a43-a048-4e25-a8f6-6dc542a87ba8.jpg\" data-width=\"800\" data-height=\"1116\" aria-label=\"\" role=\"img\" ><\/div>\n\t\t\t\t\t\t\t\t\t\t\t<div class=\"elementor-gallery-item__overlay\"><\/div>\n\t\t\t\t\t\t\t\t\t\t\t\t\t\t<\/a>\n\t\t\t\t\t\t\t<a class=\"e-gallery-item elementor-gallery-item elementor-animated-content\" href=\"https:\/\/ochoymedioclub.com\/wp-content\/uploads\/2026\/03\/L-KAN-2026-1.jpg\" data-elementor-open-lightbox=\"yes\" data-elementor-lightbox-slideshow=\"c53396c\" data-elementor-lightbox-title=\"L KAN 2026 1\" data-e-action-hash=\"#elementor-action%3Aaction%3Dlightbox%26settings%3DeyJpZCI6MzQxODMyLCJ1cmwiOiJodHRwczpcL1wvb2Nob3ltZWRpb2NsdWIuY29tXC93cC1jb250ZW50XC91cGxvYWRzXC8yMDI2XC8wM1wvTC1LQU4tMjAyNi0xLmpwZyIsInNsaWRlc2hvdyI6ImM1MzM5NmMifQ%3D%3D\">\n\t\t\t\t\t<div class=\"e-gallery-image elementor-gallery-item__image\" data-thumbnail=\"https:\/\/ochoymedioclub.com\/wp-content\/uploads\/2026\/03\/L-KAN-2026-1.jpg\" data-width=\"800\" data-height=\"600\" aria-label=\"\" role=\"img\" ><\/div>\n\t\t\t\t\t\t\t\t\t\t\t<div class=\"elementor-gallery-item__overlay\"><\/div>\n\t\t\t\t\t\t\t\t\t\t\t\t\t\t<\/a>\n\t\t\t\t\t\t\t<a class=\"e-gallery-item elementor-gallery-item elementor-animated-content\" href=\"https:\/\/ochoymedioclub.com\/wp-content\/uploads\/2026\/03\/Meteosat_Ochoymedio_Flashback_diciembre_2025_Adrian_YR_1.jpg\" data-elementor-open-lightbox=\"yes\" data-elementor-lightbox-slideshow=\"c53396c\" data-elementor-lightbox-title=\"Meteosat_Ochoymedio_Flashback_diciembre_2025_Adrian_YR_1\" data-e-action-hash=\"#elementor-action%3Aaction%3Dlightbox%26settings%3DeyJpZCI6MzQxODM2LCJ1cmwiOiJodHRwczpcL1wvb2Nob3ltZWRpb2NsdWIuY29tXC93cC1jb250ZW50XC91cGxvYWRzXC8yMDI2XC8wM1wvTWV0ZW9zYXRfT2Nob3ltZWRpb19GbGFzaGJhY2tfZGljaWVtYnJlXzIwMjVfQWRyaWFuX1lSXzEuanBnIiwic2xpZGVzaG93IjoiYzUzMzk2YyJ9\">\n\t\t\t\t\t<div class=\"e-gallery-image elementor-gallery-item__image\" data-thumbnail=\"https:\/\/ochoymedioclub.com\/wp-content\/uploads\/2026\/03\/Meteosat_Ochoymedio_Flashback_diciembre_2025_Adrian_YR_1.jpg\" data-width=\"800\" data-height=\"1000\" aria-label=\"\" role=\"img\" ><\/div>\n\t\t\t\t\t\t\t\t\t\t\t<div class=\"elementor-gallery-item__overlay\"><\/div>\n\t\t\t\t\t\t\t\t\t\t\t\t\t\t<\/a>\n\t\t\t\t\t<\/div>\n\t\t\t\t\t<\/div>\n\t\t\t\t<\/div>\n\t\t\t\t\t<\/div>\n\t\t<\/div>\n\t\t\t\t\t<\/div>\n\t\t<\/section>\n\t\t\t\t<section class=\"elementor-section elementor-top-section elementor-element elementor-element-63202373 elementor-section-full_width elementor-section-height-default elementor-section-height-default\" data-id=\"63202373\" data-element_type=\"section\" data-e-type=\"section\">\n\t\t\t\t\t\t<div class=\"elementor-container elementor-column-gap-default\">\n\t\t\t\t\t<div class=\"elementor-column elementor-col-100 elementor-top-column elementor-element elementor-element-980be4e\" data-id=\"980be4e\" data-element_type=\"column\" data-e-type=\"column\">\n\t\t\t<div class=\"elementor-widget-wrap elementor-element-populated\">\n\t\t\t\t\t\t<div class=\"elementor-element elementor-element-117a3b84 elementor-widget elementor-widget-heading\" data-id=\"117a3b84\" data-element_type=\"widget\" data-e-type=\"widget\" data-widget_type=\"heading.default\">\n\t\t\t\t<div class=\"elementor-widget-container\">\n\t\t\t\t\t<h2 class=\"elementor-heading-title elementor-size-default\">VIDEOS<\/h2>\t\t\t\t<\/div>\n\t\t\t\t<\/div>\n\t\t\t\t<section class=\"elementor-section elementor-inner-section elementor-element elementor-element-759c9e07 elementor-section-boxed elementor-section-height-default elementor-section-height-default\" data-id=\"759c9e07\" data-element_type=\"section\" data-e-type=\"section\">\n\t\t\t\t\t\t<div class=\"elementor-container elementor-column-gap-default\">\n\t\t\t\t\t<div class=\"elementor-column elementor-col-50 elementor-inner-column elementor-element elementor-element-4007fb7\" data-id=\"4007fb7\" data-element_type=\"column\" data-e-type=\"column\">\n\t\t\t<div class=\"elementor-widget-wrap elementor-element-populated\">\n\t\t\t\t\t\t<div class=\"elementor-element elementor-element-509dcb3f elementor-widget elementor-widget-video\" data-id=\"509dcb3f\" data-element_type=\"widget\" data-e-type=\"widget\" data-settings=\"{&quot;youtube_url&quot;:&quot;https:\\\/\\\/youtu.be\\\/2v7Eho4rMnQ?si=l-xEsjI1JTAmJxJc&quot;,&quot;video_type&quot;:&quot;youtube&quot;,&quot;controls&quot;:&quot;yes&quot;}\" data-widget_type=\"video.default\">\n\t\t\t\t<div class=\"elementor-widget-container\">\n\t\t\t\t\t\t\t<div class=\"elementor-wrapper elementor-open-inline\">\n\t\t\t<div class=\"elementor-video\"><\/div>\t\t<\/div>\n\t\t\t\t\t\t<\/div>\n\t\t\t\t<\/div>\n\t\t\t\t\t<\/div>\n\t\t<\/div>\n\t\t\t\t<div class=\"elementor-column elementor-col-50 elementor-inner-column elementor-element elementor-element-55489d01\" data-id=\"55489d01\" data-element_type=\"column\" data-e-type=\"column\">\n\t\t\t<div class=\"elementor-widget-wrap elementor-element-populated\">\n\t\t\t\t\t\t<div class=\"elementor-element elementor-element-4d4954a elementor-widget elementor-widget-video\" data-id=\"4d4954a\" data-element_type=\"widget\" data-e-type=\"widget\" data-settings=\"{&quot;youtube_url&quot;:&quot;https:\\\/\\\/youtu.be\\\/T3V6OYPx3AI?si=IXDNEk4kC1CIORls&quot;,&quot;video_type&quot;:&quot;youtube&quot;,&quot;controls&quot;:&quot;yes&quot;}\" data-widget_type=\"video.default\">\n\t\t\t\t<div class=\"elementor-widget-container\">\n\t\t\t\t\t\t\t<div class=\"elementor-wrapper elementor-open-inline\">\n\t\t\t<div class=\"elementor-video\"><\/div>\t\t<\/div>\n\t\t\t\t\t\t<\/div>\n\t\t\t\t<\/div>\n\t\t\t\t\t<\/div>\n\t\t<\/div>\n\t\t\t\t\t<\/div>\n\t\t<\/section>\n\t\t\t\t\t<\/div>\n\t\t<\/div>\n\t\t\t\t\t<\/div>\n\t\t<\/section>\n\t\t\t\t<section class=\"elementor-section elementor-top-section elementor-element elementor-element-651aa484 elementor-section-boxed elementor-section-height-default elementor-section-height-default\" data-id=\"651aa484\" data-element_type=\"section\" data-e-type=\"section\">\n\t\t\t\t\t\t<div class=\"elementor-container elementor-column-gap-default\">\n\t\t\t\t\t<div class=\"elementor-column elementor-col-100 elementor-top-column elementor-element elementor-element-7e4aecad\" data-id=\"7e4aecad\" data-element_type=\"column\" data-e-type=\"column\">\n\t\t\t<div class=\"elementor-widget-wrap elementor-element-populated\">\n\t\t\t\t\t\t<div class=\"elementor-element elementor-element-53827a3b elementor-alert-info elementor-widget elementor-widget-alert\" data-id=\"53827a3b\" data-element_type=\"widget\" data-e-type=\"widget\" data-widget_type=\"alert.default\">\n\t\t\t\t<div class=\"elementor-widget-container\">\n\t\t\t\t\t\t\t<div class=\"elementor-alert\" role=\"alert\">\n\n\t\t\t\t\t\t<span class=\"elementor-alert-title\">POL\u00cdTICA DE MENORES<\/span>\n\t\t\t\n\t\t\t\t\t\t<span class=\"elementor-alert-description\"><a href=\"https:\/\/ochoymedioclub.com\/menores\/\">Haz click aqu\u00ed<\/a><\/span>\n\t\t\t\n\t\t\t\t\t\t<button type=\"button\" class=\"elementor-alert-dismiss\" aria-label=\"Descartar esta alerta.\">\n\t\t\t\t<i aria-hidden=\"true\" class=\"fas fa-times-circle\"><\/i>\t\t\t<\/button>\n\t\t\t\n\t\t<\/div>\n\t\t\t\t\t\t<\/div>\n\t\t\t\t<\/div>\n\t\t\t\t\t<\/div>\n\t\t<\/div>\n\t\t\t\t\t<\/div>\n\t\t<\/section>\n\t\t\t\t<\/div>\n\t\t","protected":false},"excerpt":{"rendered":"<p><strong><span style=\"color: #999999;\">FECHA: <\/span>viernes, 27 noviembre, 2026<\/strong><\/p>\n<p><strong><span style=\"color: #999999;\">HORA:<\/span> 20:00H<\/strong><\/p>\n<p><strong><span style=\"color: #999999;\">LUGAR:<\/span> SALA U\u00d1AS CHUNG LEE<\/strong><\/p>\n<p><em><strong>GASTOS DE GESTI\u00d3N YA INCLUIDOS<\/strong><\/em><\/p>\n","protected":false},"author":1,"featured_media":341826,"template":"","meta":{"_acf_changed":false},"product_brand":[],"product_cat":[323],"product_tag":[],"class_list":{"0":"post-341822","1":"product","2":"type-product","3":"status-publish","4":"has-post-thumbnail","6":"product_cat-sala-unas-chung-lee","8":"first","9":"instock","10":"virtual","11":"taxable","12":"purchasable","13":"product-type-simple"},"acf":[],"aioseo_notices":[],"_links":{"self":[{"href":"https:\/\/ochoymedioclub.com\/en\/wp-json\/wp\/v2\/product\/341822","targetHints":{"allow":["GET"]}}],"collection":[{"href":"https:\/\/ochoymedioclub.com\/en\/wp-json\/wp\/v2\/product"}],"about":[{"href":"https:\/\/ochoymedioclub.com\/en\/wp-json\/wp\/v2\/types\/product"}],"author":[{"embeddable":true,"href":"https:\/\/ochoymedioclub.com\/en\/wp-json\/wp\/v2\/users\/1"}],"version-history":[{"count":11,"href":"https:\/\/ochoymedioclub.com\/en\/wp-json\/wp\/v2\/product\/341822\/revisions"}],"predecessor-version":[{"id":341852,"href":"https:\/\/ochoymedioclub.com\/en\/wp-json\/wp\/v2\/product\/341822\/revisions\/341852"}],"wp:featuredmedia":[{"embeddable":true,"href":"https:\/\/ochoymedioclub.com\/en\/wp-json\/wp\/v2\/media\/341826"}],"wp:attachment":[{"href":"https:\/\/ochoymedioclub.com\/en\/wp-json\/wp\/v2\/media?parent=341822"}],"wp:term":[{"taxonomy":"product_brand","embeddable":true,"href":"https:\/\/ochoymedioclub.com\/en\/wp-json\/wp\/v2\/product_brand?post=341822"},{"taxonomy":"product_cat","embeddable":true,"href":"https:\/\/ochoymedioclub.com\/en\/wp-json\/wp\/v2\/product_cat?post=341822"},{"taxonomy":"product_tag","embeddable":true,"href":"https:\/\/ochoymedioclub.com\/en\/wp-json\/wp\/v2\/product_tag?post=341822"}],"curies":[{"name":"wp","href":"https:\/\/api.w.org\/{rel}","templated":true}]}}