{"id":341210,"date":"2026-04-07T19:57:36","date_gmt":"2026-04-07T17:57:36","guid":{"rendered":"https:\/\/ochoymedioclub.com\/?post_type=product&#038;p=341210"},"modified":"2026-04-11T11:33:18","modified_gmt":"2026-04-11T09:33:18","slug":"l0rna","status":"publish","type":"product","link":"https:\/\/ochoymedioclub.com\/en\/conciertos\/l0rna\/","title":{"rendered":"l0rna"},"content":{"rendered":"\t\t<div data-elementor-type=\"wp-post\" data-elementor-id=\"341210\" class=\"elementor elementor-341210\" data-elementor-post-type=\"product\">\n\t\t\t\t\t\t<section class=\"elementor-section elementor-top-section elementor-element elementor-element-77b6c23b elementor-section-full_width elementor-section-height-default elementor-section-height-default\" data-id=\"77b6c23b\" data-element_type=\"section\" data-e-type=\"section\">\n\t\t\t\t\t\t<div class=\"elementor-container elementor-column-gap-default\">\n\t\t\t\t\t<div class=\"elementor-column elementor-col-50 elementor-top-column elementor-element elementor-element-264ec871\" data-id=\"264ec871\" data-element_type=\"column\" data-e-type=\"column\">\n\t\t\t<div class=\"elementor-widget-wrap elementor-element-populated\">\n\t\t\t\t\t\t<div class=\"elementor-element elementor-element-59b5fa5f elementor-widget elementor-widget-heading\" data-id=\"59b5fa5f\" data-element_type=\"widget\" data-e-type=\"widget\" data-widget_type=\"heading.default\">\n\t\t\t\t<div class=\"elementor-widget-container\">\n\t\t\t\t\t<h2 class=\"elementor-heading-title elementor-size-default\">INFO<\/h2>\t\t\t\t<\/div>\n\t\t\t\t<\/div>\n\t\t\t\t<div class=\"elementor-element elementor-element-1a7c414e elementor-widget__width-initial elementor-widget elementor-widget-text-editor\" data-id=\"1a7c414e\" data-element_type=\"widget\" data-e-type=\"widget\" data-widget_type=\"text-editor.default\">\n\t\t\t\t<div class=\"elementor-widget-container\">\n\t\t\t\t\t\t\t\t\t<div class=\"\"><span class=\"\">Concierto de l0rna\u00a0el 19 de noviembre en la\u00a0<\/span><a class=\"\" href=\"https:\/\/share.google\/hffs4JfUJ0IcLUidG\"><span class=\"\" style=\"color: #ff40ff;\">Sala But<\/span><\/a><span class=\"\">\u00a0dentro de la programaci\u00f3n de Ochoymedio Live. Entradas disponibles aqu\u00ed.<\/span><\/div><div class=\"\"><p class=\"\" data-start=\"155\" data-end=\"279\"><a class=\"\" href=\"https:\/\/www.instagram.com\/l0rnasf?igsh=MW1pbG02em52OXprbQ==\"><span class=\"\" style=\"color: #ff40ff;\">l0rna<\/span><\/a><span class=\"\">\u00a0llega a la sala But este oto\u00f1o tras consolidarse como una de las voces m\u00e1s personales del nuevo urbano en espa\u00f1ol.<\/span><\/p><p class=\"\" data-start=\"281\" data-end=\"565\"><span class=\"\">Motivada por los freestyle de la <span class=\"align-baseline inline entity-underline cursor-pointer hover:entity-accent\">FMS<\/span>, descubri\u00f3 el rap con apenas once a\u00f1os. A los quince grab\u00f3 su primer tema, iniciando un camino que pronto dej\u00f3 atr\u00e1s lo acad\u00e9mico para centrarse en el estudio, la escritura y la construcci\u00f3n de un universo propio.<\/span><\/p><p class=\"\" data-start=\"567\" data-end=\"924\"><span class=\"\">Su m\u00fasica se mueve entre lo crudo y lo vulnerable, con una sensibilidad muy marcada y una est\u00e9tica cuidada que convierte lo \u00edntimo en algo generacional. En 2024 firm\u00f3 uno de sus primeros grandes impactos con <em class=\"\" data-start=\"775\" data-end=\"788\">\u201c<\/em><\/span><a class=\"\" href=\"https:\/\/open.spotify.com\/intl-es\/track\/2XBPRlrllcXr790bNLJwjS?si=80e5f435a01e4231\"><span class=\"\" style=\"color: #ff40ff;\">Lip Combo<\/span><\/a><span class=\"\"><em class=\"\" data-start=\"775\" data-end=\"788\">\u201d<\/em> junto a <span class=\"align-baseline inline entity-underline cursor-pointer hover:entity-accent\">Metrika<\/span>, adem\u00e1s del EP <em class=\"\" data-start=\"850\" data-end=\"870\">LA KAWA DE LA LORE<\/em>, producido por <span class=\"align-baseline inline entity-underline cursor-pointer hover:entity-accent\">Kabasaki<\/span>.<\/span><\/p><p class=\"\" data-start=\"926\" data-end=\"1080\"><span class=\"\">En 2025 ha dado el paso definitivo con su \u00e1lbum de debut,\u00a0<\/span><a class=\"\" href=\"https:\/\/open.spotify.com\/intl-es\/album\/1YouaMi2ycVejX0DoS3o0g?si=i_en-qghRd2Y5XeCYvRTsA\"><span class=\"\" style=\"color: #ff40ff;\">MISS UNDERSTOOD<\/span><\/a><span class=\"\">, donde ampl\u00eda su sonido y refuerza una identidad art\u00edstica cada vez m\u00e1s definida.<\/span><\/p><p class=\"\" data-start=\"1082\" data-end=\"1354\"><span class=\"\">En directo, l0rna ha demostrado una conexi\u00f3n inmediata con su p\u00fablico: recientemente ha colgado el cartel de sold out en dos noches consecutivas en <span class=\"align-baseline inline entity-underline cursor-pointer hover:entity-accent\">Sala Chang\u00f3<\/span> dentro del ciclo Ochoymedio Live, confirmando el momento de crecimiento que atraviesa.<\/span><\/p><p class=\"\" data-start=\"1356\" data-end=\"1594\"><span class=\"\">Tambi\u00e9n ha colaborado con nombres como <span class=\"align-baseline inline entity-underline cursor-pointer hover:entity-accent\">Israel B<\/span>, <span class=\"align-baseline inline entity-underline cursor-pointer hover:entity-accent\">Selecta<\/span> o <span class=\"align-baseline inline entity-underline cursor-pointer hover:entity-accent\">La Zowi<\/span>, y ha seguido ampliando repertorio con singles como <em class=\"\" data-start=\"1564\" data-end=\"1580\">\u201c<\/em><\/span><a class=\"\" href=\"https:\/\/open.spotify.com\/intl-es\/track\/0ydYHEOwDpjkdSDwC8tah6?si=4b4039bcf20a4cf4\"><span class=\"\" style=\"color: #ff40ff;\">Blancanieves<\/span><\/a><span class=\"\"><em class=\"\" data-start=\"1564\" data-end=\"1580\">\u201d<\/em> o <em class=\"\" data-start=\"1583\" data-end=\"1593\">\u201c<\/em><\/span><a class=\"\" href=\"https:\/\/open.spotify.com\/intl-es\/track\/2ioZaT8EIa3dNE8tgiEdgg?si=dd28b1423c9d4925\"><span class=\"\" style=\"color: #ff40ff;\">2.0 #1<\/span><\/a><span class=\"\"><em class=\"\" data-start=\"1583\" data-end=\"1593\">\u201d<\/em>.<\/span><\/p><p class=\"\" data-start=\"1596\" data-end=\"1667\"><span class=\"\">Este oto\u00f1o, su directo llega a But en un punto clave de su trayectoria.<\/span><\/p><\/div><div class=\"\"><span class=\"\">Si quieres consultar toda la programaci\u00f3n de Ochoymedio, haz click\u00a0<\/span><span class=\"\" style=\"color: #ff40ff;\"><a class=\"\" href=\"https:\/\/ochoymedioclub.com\/conciertos\/\">aqu\u00ed<\/a>.<\/span><\/div>\t\t\t\t\t\t\t\t<\/div>\n\t\t\t\t<\/div>\n\t\t\t\t\t<\/div>\n\t\t<\/div>\n\t\t\t\t<div class=\"elementor-column elementor-col-50 elementor-top-column elementor-element elementor-element-72d6922\" data-id=\"72d6922\" data-element_type=\"column\" data-e-type=\"column\">\n\t\t\t<div class=\"elementor-widget-wrap elementor-element-populated\">\n\t\t\t\t\t\t<div class=\"elementor-element elementor-element-8fa0247 elementor-widget elementor-widget-image\" data-id=\"8fa0247\" data-element_type=\"widget\" data-e-type=\"widget\" data-widget_type=\"image.default\">\n\t\t\t\t<div class=\"elementor-widget-container\">\n\t\t\t\t\t\t\t\t\t\t\t\t\t\t\t<img fetchpriority=\"high\" decoding=\"async\" width=\"683\" height=\"1024\" src=\"https:\/\/ochoymedioclub.com\/wp-content\/uploads\/2026\/03\/Foto-l0rna-5--683x1024.jpg\" class=\"attachment-large size-large wp-image-341218\" alt=\"\" srcset=\"https:\/\/ochoymedioclub.com\/wp-content\/uploads\/2026\/03\/Foto-l0rna-5--683x1024.jpg 683w, https:\/\/ochoymedioclub.com\/wp-content\/uploads\/2026\/03\/Foto-l0rna-5--200x300.jpg 200w, https:\/\/ochoymedioclub.com\/wp-content\/uploads\/2026\/03\/Foto-l0rna-5--768x1152.jpg 768w, https:\/\/ochoymedioclub.com\/wp-content\/uploads\/2026\/03\/Foto-l0rna-5--300x450.jpg 300w, https:\/\/ochoymedioclub.com\/wp-content\/uploads\/2026\/03\/Foto-l0rna-5-.jpg 800w\" sizes=\"(max-width: 683px) 100vw, 683px\" \/>\t\t\t\t\t\t\t\t\t\t\t\t\t\t\t<\/div>\n\t\t\t\t<\/div>\n\t\t\t\t\t<\/div>\n\t\t<\/div>\n\t\t\t\t\t<\/div>\n\t\t<\/section>\n\t\t\t\t<section class=\"elementor-section elementor-top-section elementor-element elementor-element-12240367 elementor-section-full_width elementor-section-height-default elementor-section-height-default\" data-id=\"12240367\" data-element_type=\"section\" data-e-type=\"section\">\n\t\t\t\t\t\t<div class=\"elementor-container elementor-column-gap-default\">\n\t\t\t\t\t<div class=\"elementor-column elementor-col-100 elementor-top-column elementor-element elementor-element-6e5d1384\" data-id=\"6e5d1384\" data-element_type=\"column\" data-e-type=\"column\">\n\t\t\t<div class=\"elementor-widget-wrap elementor-element-populated\">\n\t\t\t\t\t\t<div class=\"elementor-element elementor-element-1aa2dd6 elementor-widget elementor-widget-heading\" data-id=\"1aa2dd6\" data-element_type=\"widget\" data-e-type=\"widget\" data-widget_type=\"heading.default\">\n\t\t\t\t<div class=\"elementor-widget-container\">\n\t\t\t\t\t<h2 class=\"elementor-heading-title elementor-size-default\">VIDEOS<\/h2>\t\t\t\t<\/div>\n\t\t\t\t<\/div>\n\t\t\t\t<section class=\"elementor-section elementor-inner-section elementor-element elementor-element-b4aac70 elementor-section-boxed elementor-section-height-default elementor-section-height-default\" data-id=\"b4aac70\" data-element_type=\"section\" data-e-type=\"section\">\n\t\t\t\t\t\t<div class=\"elementor-container elementor-column-gap-default\">\n\t\t\t\t\t<div class=\"elementor-column elementor-col-50 elementor-inner-column elementor-element elementor-element-5be3760a\" data-id=\"5be3760a\" data-element_type=\"column\" data-e-type=\"column\">\n\t\t\t<div class=\"elementor-widget-wrap elementor-element-populated\">\n\t\t\t\t\t\t<div class=\"elementor-element elementor-element-3c9ce98e elementor-widget elementor-widget-video\" data-id=\"3c9ce98e\" data-element_type=\"widget\" data-e-type=\"widget\" data-settings=\"{&quot;youtube_url&quot;:&quot;https:\\\/\\\/youtu.be\\\/Yx7soZ6TSUc?si=gjuDabJ6ai2SMhov&quot;,&quot;video_type&quot;:&quot;youtube&quot;,&quot;controls&quot;:&quot;yes&quot;}\" data-widget_type=\"video.default\">\n\t\t\t\t<div class=\"elementor-widget-container\">\n\t\t\t\t\t\t\t<div class=\"elementor-wrapper elementor-open-inline\">\n\t\t\t<div class=\"elementor-video\"><\/div>\t\t<\/div>\n\t\t\t\t\t\t<\/div>\n\t\t\t\t<\/div>\n\t\t\t\t\t<\/div>\n\t\t<\/div>\n\t\t\t\t<div class=\"elementor-column elementor-col-50 elementor-inner-column elementor-element elementor-element-3b4fc9ba\" data-id=\"3b4fc9ba\" data-element_type=\"column\" data-e-type=\"column\">\n\t\t\t<div class=\"elementor-widget-wrap elementor-element-populated\">\n\t\t\t\t\t\t<div class=\"elementor-element elementor-element-de81106 elementor-widget elementor-widget-video\" data-id=\"de81106\" data-element_type=\"widget\" data-e-type=\"widget\" data-settings=\"{&quot;youtube_url&quot;:&quot;https:\\\/\\\/youtu.be\\\/MJ9bMw9J2k8?si=1mTGt8cupaI2EeqU&quot;,&quot;video_type&quot;:&quot;youtube&quot;,&quot;controls&quot;:&quot;yes&quot;}\" data-widget_type=\"video.default\">\n\t\t\t\t<div class=\"elementor-widget-container\">\n\t\t\t\t\t\t\t<div class=\"elementor-wrapper elementor-open-inline\">\n\t\t\t<div class=\"elementor-video\"><\/div>\t\t<\/div>\n\t\t\t\t\t\t<\/div>\n\t\t\t\t<\/div>\n\t\t\t\t\t<\/div>\n\t\t<\/div>\n\t\t\t\t\t<\/div>\n\t\t<\/section>\n\t\t\t\t\t<\/div>\n\t\t<\/div>\n\t\t\t\t\t<\/div>\n\t\t<\/section>\n\t\t\t\t<section class=\"elementor-section elementor-top-section elementor-element elementor-element-3ebb6423 elementor-section-boxed elementor-section-height-default elementor-section-height-default\" data-id=\"3ebb6423\" data-element_type=\"section\" data-e-type=\"section\">\n\t\t\t\t\t\t<div class=\"elementor-container elementor-column-gap-default\">\n\t\t\t\t\t<div class=\"elementor-column elementor-col-100 elementor-top-column elementor-element elementor-element-861e102\" data-id=\"861e102\" data-element_type=\"column\" data-e-type=\"column\">\n\t\t\t<div class=\"elementor-widget-wrap elementor-element-populated\">\n\t\t\t\t\t\t<div class=\"elementor-element elementor-element-3aab5bed elementor-alert-info elementor-widget elementor-widget-alert\" data-id=\"3aab5bed\" data-element_type=\"widget\" data-e-type=\"widget\" data-widget_type=\"alert.default\">\n\t\t\t\t<div class=\"elementor-widget-container\">\n\t\t\t\t\t\t\t<div class=\"elementor-alert\" role=\"alert\">\n\n\t\t\t\t\t\t<span class=\"elementor-alert-title\">POL\u00cdTICA DE MENORES<\/span>\n\t\t\t\n\t\t\t\t\t\t<span class=\"elementor-alert-description\"><a href=\"https:\/\/ochoymedioclub.com\/menores\/\">Haz click aqu\u00ed<\/a><\/span>\n\t\t\t\n\t\t\t\t\t\t<button type=\"button\" class=\"elementor-alert-dismiss\" aria-label=\"Descartar esta alerta.\">\n\t\t\t\t<i aria-hidden=\"true\" class=\"fas fa-times-circle\"><\/i>\t\t\t<\/button>\n\t\t\t\n\t\t<\/div>\n\t\t\t\t\t\t<\/div>\n\t\t\t\t<\/div>\n\t\t\t\t<div class=\"elementor-element elementor-element-1ec8b8f7 elementor-widget elementor-widget-image\" data-id=\"1ec8b8f7\" data-element_type=\"widget\" data-e-type=\"widget\" data-widget_type=\"image.default\">\n\t\t\t\t<div class=\"elementor-widget-container\">\n\t\t\t\t\t\t\t\t\t\t\t\t\t\t\t\t<a href=\"https:\/\/goo.gl\/maps\/PRDfEAaXaPJkWqHR7?_ga=2.63512367.1455475853.1663239384-1166735557.1659548828\">\n\t\t\t\t\t\t\t<img decoding=\"async\" width=\"1920\" height=\"1005\" src=\"https:\/\/ochoymedioclub.com\/wp-content\/uploads\/2022\/04\/OCHOYMEDIO_MAPA_Mesa-de-trabajo-1-copia-5.png\" class=\"attachment-full size-full wp-image-87133\" alt=\"\" srcset=\"https:\/\/ochoymedioclub.com\/wp-content\/uploads\/2022\/04\/OCHOYMEDIO_MAPA_Mesa-de-trabajo-1-copia-5.png 1920w, https:\/\/ochoymedioclub.com\/wp-content\/uploads\/2022\/04\/OCHOYMEDIO_MAPA_Mesa-de-trabajo-1-copia-5-300x157.png 300w, https:\/\/ochoymedioclub.com\/wp-content\/uploads\/2022\/04\/OCHOYMEDIO_MAPA_Mesa-de-trabajo-1-copia-5-1024x536.png 1024w, https:\/\/ochoymedioclub.com\/wp-content\/uploads\/2022\/04\/OCHOYMEDIO_MAPA_Mesa-de-trabajo-1-copia-5-768x402.png 768w, https:\/\/ochoymedioclub.com\/wp-content\/uploads\/2022\/04\/OCHOYMEDIO_MAPA_Mesa-de-trabajo-1-copia-5-1536x804.png 1536w, https:\/\/ochoymedioclub.com\/wp-content\/uploads\/2022\/04\/OCHOYMEDIO_MAPA_Mesa-de-trabajo-1-copia-5-1200x628.png 1200w, https:\/\/ochoymedioclub.com\/wp-content\/uploads\/2022\/04\/OCHOYMEDIO_MAPA_Mesa-de-trabajo-1-copia-5-120x63.png 120w, https:\/\/ochoymedioclub.com\/wp-content\/uploads\/2022\/04\/OCHOYMEDIO_MAPA_Mesa-de-trabajo-1-copia-5-81x42.png 81w, https:\/\/ochoymedioclub.com\/wp-content\/uploads\/2022\/04\/OCHOYMEDIO_MAPA_Mesa-de-trabajo-1-copia-5-302x158.png 302w\" sizes=\"(max-width: 1920px) 100vw, 1920px\" \/>\t\t\t\t\t\t\t\t<\/a>\n\t\t\t\t\t\t\t\t\t\t\t\t\t\t\t<\/div>\n\t\t\t\t<\/div>\n\t\t\t\t\t<\/div>\n\t\t<\/div>\n\t\t\t\t\t<\/div>\n\t\t<\/section>\n\t\t\t\t<\/div>\n\t\t","protected":false},"excerpt":{"rendered":"<p><strong><span style=\"color: #999999;\">FECHA: <\/span>jueves, 19 noviembre, 2026<\/strong><\/p>\n<p><strong><span style=\"color: #999999;\">HORA:<\/span> 20:00H<\/strong><\/p>\n<p><strong><span style=\"color: #999999;\">LUGAR:<\/span> SALA BUT<\/strong><\/p>\n<p><em><strong>GASTOS DE GESTI\u00d3N YA INCLUIDOS<\/strong><\/em><\/p>\n","protected":false},"author":1,"featured_media":341216,"template":"","meta":{"_acf_changed":false},"product_brand":[],"product_cat":[29],"product_tag":[],"class_list":{"0":"post-341210","1":"product","2":"type-product","3":"status-publish","4":"has-post-thumbnail","6":"product_cat-sala-but","8":"first","9":"instock","10":"taxable","11":"shipping-taxable","12":"purchasable","13":"product-type-simple"},"acf":[],"aioseo_notices":[],"_links":{"self":[{"href":"https:\/\/ochoymedioclub.com\/en\/wp-json\/wp\/v2\/product\/341210","targetHints":{"allow":["GET"]}}],"collection":[{"href":"https:\/\/ochoymedioclub.com\/en\/wp-json\/wp\/v2\/product"}],"about":[{"href":"https:\/\/ochoymedioclub.com\/en\/wp-json\/wp\/v2\/types\/product"}],"author":[{"embeddable":true,"href":"https:\/\/ochoymedioclub.com\/en\/wp-json\/wp\/v2\/users\/1"}],"version-history":[{"count":8,"href":"https:\/\/ochoymedioclub.com\/en\/wp-json\/wp\/v2\/product\/341210\/revisions"}],"predecessor-version":[{"id":342259,"href":"https:\/\/ochoymedioclub.com\/en\/wp-json\/wp\/v2\/product\/341210\/revisions\/342259"}],"wp:featuredmedia":[{"embeddable":true,"href":"https:\/\/ochoymedioclub.com\/en\/wp-json\/wp\/v2\/media\/341216"}],"wp:attachment":[{"href":"https:\/\/ochoymedioclub.com\/en\/wp-json\/wp\/v2\/media?parent=341210"}],"wp:term":[{"taxonomy":"product_brand","embeddable":true,"href":"https:\/\/ochoymedioclub.com\/en\/wp-json\/wp\/v2\/product_brand?post=341210"},{"taxonomy":"product_cat","embeddable":true,"href":"https:\/\/ochoymedioclub.com\/en\/wp-json\/wp\/v2\/product_cat?post=341210"},{"taxonomy":"product_tag","embeddable":true,"href":"https:\/\/ochoymedioclub.com\/en\/wp-json\/wp\/v2\/product_tag?post=341210"}],"curies":[{"name":"wp","href":"https:\/\/api.w.org\/{rel}","templated":true}]}}