{"id":341068,"date":"2026-03-24T12:08:19","date_gmt":"2026-03-24T11:08:19","guid":{"rendered":"https:\/\/ochoymedioclub.com\/?post_type=product&#038;p=341068"},"modified":"2026-04-13T21:52:20","modified_gmt":"2026-04-13T19:52:20","slug":"tito-ramirez","status":"publish","type":"product","link":"https:\/\/ochoymedioclub.com\/en\/conciertos\/tito-ramirez\/","title":{"rendered":"TITO RAM\u00cdREZ"},"content":{"rendered":"\t\t<div data-elementor-type=\"wp-post\" data-elementor-id=\"341068\" class=\"elementor elementor-341068\" data-elementor-post-type=\"product\">\n\t\t\t\t\t\t<section class=\"elementor-section elementor-top-section elementor-element elementor-element-341ad142 elementor-section-full_width elementor-section-height-default elementor-section-height-default\" data-id=\"341ad142\" data-element_type=\"section\" data-e-type=\"section\">\n\t\t\t\t\t\t<div class=\"elementor-container elementor-column-gap-default\">\n\t\t\t\t\t<div class=\"elementor-column elementor-col-50 elementor-top-column elementor-element elementor-element-28e7087b\" data-id=\"28e7087b\" data-element_type=\"column\" data-e-type=\"column\">\n\t\t\t<div class=\"elementor-widget-wrap elementor-element-populated\">\n\t\t\t\t\t\t<div class=\"elementor-element elementor-element-1ada8e8 elementor-widget elementor-widget-heading\" data-id=\"1ada8e8\" data-element_type=\"widget\" data-e-type=\"widget\" data-widget_type=\"heading.default\">\n\t\t\t\t<div class=\"elementor-widget-container\">\n\t\t\t\t\t<h2 class=\"elementor-heading-title elementor-size-default\">INFO<\/h2>\t\t\t\t<\/div>\n\t\t\t\t<\/div>\n\t\t\t\t<div class=\"elementor-element elementor-element-706bdca7 elementor-widget elementor-widget-text-editor\" data-id=\"706bdca7\" data-element_type=\"widget\" data-e-type=\"widget\" data-widget_type=\"text-editor.default\">\n\t\t\t\t<div class=\"elementor-widget-container\">\n\t\t\t\t\t\t\t\t\t<div class=\"\"><span class=\"\">Concierto de\u00a0<a class=\"\" href=\"https:\/\/open.spotify.com\/intl-es\/artist\/3TxJUe537v7e6HaQEoghRS?si=HJJcJQFlSi2RheFJuMY2WA\"><span class=\"\" style=\"color: #ff40ff;\">TITO RAM\u00cdREZ<\/span><\/a>\u00a0el 5 de junio en la\u00a0<a class=\"\" href=\"https:\/\/share.google\/uRZsmw8l7Vf2ytBnF\"><span class=\"\" style=\"color: #ff40ff;\">Sala Chang\u00f3<\/span><\/a>\u00a0d<span class=\"\" style=\"font-family: Roboto, sans-serif;\">entro de la programaci\u00f3n de Ochoymedio Live. Presentar\u00e1 su nuevo disco\u00a0\u201cSonido Conquistador&#8221;. \u00a1Entradas aqu\u00ed!<\/span><\/span><\/div><div class=\"\"><span class=\"\">\u00a0<\/span><\/div><div class=\"\"><span class=\"\">\u00a0<\/span><\/div><p><span class=\"\">Despu\u00e9s de\u00a0<\/span><a class=\"\" href=\"https:\/\/open.spotify.com\/intl-es\/album\/546reLSfhdbJKOnZBjFWim?si=wOGTB6y8RBOu3yU4sMalGQ\"><span class=\"\" style=\"color: #ff40ff;\">The Kink of Mambo<\/span><\/a><span class=\"\">\u00a0y\u00a0<\/span><a class=\"\" href=\"https:\/\/open.spotify.com\/intl-es\/album\/1zHaPJAvnypT3ijTmG8iSL?si=3qy50S9KQ3KiyJJQFCiRfw\"><span class=\"\" style=\"color: #ff40ff;\">El Prince<\/span><\/a><span class=\"\">, nos llega\u00a0<\/span><a class=\"\" href=\"https:\/\/open.spotify.com\/intl-es\/album\/30Tcfdr7RpT4NrxxiWbu3P?si=gemYW2csRKWoQNoEVchSHw\"><span class=\"\" style=\"color: #ff40ff;\">Sonido Conquistador<\/span><\/a><span class=\"\">, la locura tropical m\u00e1s trepidante de\u00a0<strong class=\"\">Tito Ram\u00edrez<\/strong>. 9 canciones de bailazo diab\u00f3lico con ritmos como e<strong class=\"\">l Mambo, el Cha cha cha, la descarga, Swing-a-Ling, Spanish Soul, Boogaloo, Rumba, Copla, Latin Soul, \u00a1y hasta Cumbia!<\/strong>\u00a0Tito Ram\u00edrez te trae de nuevo las m\u00fasicas \u201cde ida y vuelta,\u201d que cruzan oc\u00e9anos impregnando con su aroma, con m\u00fasicos de las dos orillas, \u00a1y permeando en las audiencias y bailes allende los mares!<\/span><\/p><div class=\"\"><div class=\"\"><span class=\"\">El\u00a0<em class=\"\"><strong class=\"\">Sonido Conquistador<\/strong><\/em>\u00a0es el que seduce a los j\u00f3venes a este y al otro lado del oc\u00e9ano y que ha llevado a toda una legi\u00f3n de fan\u00e1ticos a bailar los \u00e9xitos de Tito Ram\u00edrez por todos los rincones del mundo.\u00a0<strong class=\"\">Con sus sonatas al coraz\u00f3n negro y a santos y diablos de distinta \u00edndole, sus pegadizos estribillos y sus ex\u00f3ticos arreglos<\/strong>\u00a0han despertado el cari\u00f1o de legiones de fan\u00e1ticos, que ven como su \u00eddolo recoge el sentir de la calle y trae a sus canciones los novedosos ritmos que suenan en el barrio. Es por eso que agradecidos por su esfuerzo, siguen con fervor y pasi\u00f3n cada show en vivo del artista, mostr\u00e1ndose como una nueva generaci\u00f3n de j\u00f3venes alocados que se empe\u00f1an en inventar el paso m\u00e1s exc\u00e9ntrico\u00a0<strong class=\"\">con un pie en la tradici\u00f3n y otro en la innovaci\u00f3n<\/strong>.\u00a0<\/span><\/div><div class=\"\"><span class=\"\" style=\"font-family: verdana, geneva, sans-serif;\"><span class=\"\">\u00a0<\/span><\/span><\/div><div class=\"\"><span class=\"\">Para consultar toda la programaci\u00f3n de Ochoymedio,\u00a0<a class=\"\" href=\"https:\/\/ochoymedioclub.com\/conciertos\/\" target=\"_blank\" rel=\"noopener\" data-saferedirecturl=\"https:\/\/www.google.com\/url?q=https:\/\/ochoymedioclub.com\/conciertos\/&amp;source=gmail&amp;ust=1769613268013000&amp;usg=AOvVaw2Qvvt3UZRL1uhtLdns2BrC\"><span class=\"\" style=\"color: #ff40ff;\">haz click aqu\u00ed<\/span><\/a>.<\/span><\/div><\/div><div class=\"\">\u00a0<\/div>\t\t\t\t\t\t\t\t<\/div>\n\t\t\t\t<\/div>\n\t\t\t\t\t<\/div>\n\t\t<\/div>\n\t\t\t\t<div class=\"elementor-column elementor-col-50 elementor-top-column elementor-element elementor-element-4f35675c\" data-id=\"4f35675c\" data-element_type=\"column\" data-e-type=\"column\">\n\t\t\t<div class=\"elementor-widget-wrap elementor-element-populated\">\n\t\t\t\t\t\t<div class=\"elementor-element elementor-element-52c8a79c elementor-widget elementor-widget-image\" data-id=\"52c8a79c\" data-element_type=\"widget\" data-e-type=\"widget\" data-widget_type=\"image.default\">\n\t\t\t\t<div class=\"elementor-widget-container\">\n\t\t\t\t\t\t\t\t\t\t\t\t\t\t\t<img fetchpriority=\"high\" decoding=\"async\" width=\"800\" height=\"1066\" src=\"https:\/\/ochoymedioclub.com\/wp-content\/uploads\/2026\/03\/promo4.jpg\" class=\"attachment-full size-full wp-image-341072\" alt=\"\" srcset=\"https:\/\/ochoymedioclub.com\/wp-content\/uploads\/2026\/03\/promo4.jpg 800w, https:\/\/ochoymedioclub.com\/wp-content\/uploads\/2026\/03\/promo4-225x300.jpg 225w, https:\/\/ochoymedioclub.com\/wp-content\/uploads\/2026\/03\/promo4-768x1023.jpg 768w, https:\/\/ochoymedioclub.com\/wp-content\/uploads\/2026\/03\/promo4-300x400.jpg 300w\" sizes=\"(max-width: 800px) 100vw, 800px\" \/>\t\t\t\t\t\t\t\t\t\t\t\t\t\t\t<\/div>\n\t\t\t\t<\/div>\n\t\t\t\t\t<\/div>\n\t\t<\/div>\n\t\t\t\t\t<\/div>\n\t\t<\/section>\n\t\t\t\t<section class=\"elementor-section elementor-top-section elementor-element elementor-element-11cd9e5e elementor-section-full_width elementor-section-height-default elementor-section-height-default\" data-id=\"11cd9e5e\" data-element_type=\"section\" data-e-type=\"section\">\n\t\t\t\t\t\t<div class=\"elementor-container elementor-column-gap-default\">\n\t\t\t\t\t<div class=\"elementor-column elementor-col-100 elementor-top-column elementor-element elementor-element-257b2683\" data-id=\"257b2683\" data-element_type=\"column\" data-e-type=\"column\">\n\t\t\t<div class=\"elementor-widget-wrap elementor-element-populated\">\n\t\t\t\t\t\t<div class=\"elementor-element elementor-element-7134fead elementor-widget elementor-widget-heading\" data-id=\"7134fead\" data-element_type=\"widget\" data-e-type=\"widget\" data-widget_type=\"heading.default\">\n\t\t\t\t<div class=\"elementor-widget-container\">\n\t\t\t\t\t<h2 class=\"elementor-heading-title elementor-size-default\">VIDEOS<\/h2>\t\t\t\t<\/div>\n\t\t\t\t<\/div>\n\t\t\t\t<section class=\"elementor-section elementor-inner-section elementor-element elementor-element-4721f4bd elementor-section-boxed elementor-section-height-default elementor-section-height-default\" data-id=\"4721f4bd\" data-element_type=\"section\" data-e-type=\"section\">\n\t\t\t\t\t\t<div class=\"elementor-container elementor-column-gap-default\">\n\t\t\t\t\t<div class=\"elementor-column elementor-col-50 elementor-inner-column elementor-element elementor-element-9da9e27\" data-id=\"9da9e27\" data-element_type=\"column\" data-e-type=\"column\">\n\t\t\t<div class=\"elementor-widget-wrap elementor-element-populated\">\n\t\t\t\t\t\t<div class=\"elementor-element elementor-element-490e5fa8 elementor-widget elementor-widget-video\" data-id=\"490e5fa8\" data-element_type=\"widget\" data-e-type=\"widget\" data-settings=\"{&quot;youtube_url&quot;:&quot;https:\\\/\\\/youtu.be\\\/q4bKI-ZVLK8?si=Jepu1NmAEsnI-43L&quot;,&quot;video_type&quot;:&quot;youtube&quot;,&quot;controls&quot;:&quot;yes&quot;}\" data-widget_type=\"video.default\">\n\t\t\t\t<div class=\"elementor-widget-container\">\n\t\t\t\t\t\t\t<div class=\"elementor-wrapper elementor-open-inline\">\n\t\t\t<div class=\"elementor-video\"><\/div>\t\t<\/div>\n\t\t\t\t\t\t<\/div>\n\t\t\t\t<\/div>\n\t\t\t\t\t<\/div>\n\t\t<\/div>\n\t\t\t\t<div class=\"elementor-column elementor-col-50 elementor-inner-column elementor-element elementor-element-18fad8f2\" data-id=\"18fad8f2\" data-element_type=\"column\" data-e-type=\"column\">\n\t\t\t<div class=\"elementor-widget-wrap elementor-element-populated\">\n\t\t\t\t\t\t<div class=\"elementor-element elementor-element-42c33b78 elementor-widget elementor-widget-video\" data-id=\"42c33b78\" data-element_type=\"widget\" data-e-type=\"widget\" data-settings=\"{&quot;youtube_url&quot;:&quot;https:\\\/\\\/youtu.be\\\/x0zUsGVfHaY?si=s8TisLJ29E4JiYs3&quot;,&quot;video_type&quot;:&quot;youtube&quot;,&quot;controls&quot;:&quot;yes&quot;}\" data-widget_type=\"video.default\">\n\t\t\t\t<div class=\"elementor-widget-container\">\n\t\t\t\t\t\t\t<div class=\"elementor-wrapper elementor-open-inline\">\n\t\t\t<div class=\"elementor-video\"><\/div>\t\t<\/div>\n\t\t\t\t\t\t<\/div>\n\t\t\t\t<\/div>\n\t\t\t\t\t<\/div>\n\t\t<\/div>\n\t\t\t\t\t<\/div>\n\t\t<\/section>\n\t\t\t\t\t<\/div>\n\t\t<\/div>\n\t\t\t\t\t<\/div>\n\t\t<\/section>\n\t\t\t\t<section class=\"elementor-section elementor-top-section elementor-element elementor-element-2e449ee6 elementor-section-boxed elementor-section-height-default elementor-section-height-default\" data-id=\"2e449ee6\" data-element_type=\"section\" data-e-type=\"section\">\n\t\t\t\t\t\t<div class=\"elementor-container elementor-column-gap-default\">\n\t\t\t\t\t<div class=\"elementor-column elementor-col-100 elementor-top-column elementor-element elementor-element-377fbeb0\" data-id=\"377fbeb0\" data-element_type=\"column\" data-e-type=\"column\">\n\t\t\t<div class=\"elementor-widget-wrap elementor-element-populated\">\n\t\t\t\t\t\t<div class=\"elementor-element elementor-element-101dea7c elementor-alert-info elementor-widget elementor-widget-alert\" data-id=\"101dea7c\" data-element_type=\"widget\" data-e-type=\"widget\" data-widget_type=\"alert.default\">\n\t\t\t\t<div class=\"elementor-widget-container\">\n\t\t\t\t\t\t\t<div class=\"elementor-alert\" role=\"alert\">\n\n\t\t\t\t\t\t<span class=\"elementor-alert-title\">POL\u00cdTICA DE MENORES<\/span>\n\t\t\t\n\t\t\t\t\t\t<span class=\"elementor-alert-description\"><a href=\"https:\/\/ochoymedioclub.com\/menores\/\">Haz click aqu\u00ed<\/a><\/span>\n\t\t\t\n\t\t\t\t\t\t<button type=\"button\" class=\"elementor-alert-dismiss\" aria-label=\"Descartar esta alerta.\">\n\t\t\t\t<i aria-hidden=\"true\" class=\"fas fa-times-circle\"><\/i>\t\t\t<\/button>\n\t\t\t\n\t\t<\/div>\n\t\t\t\t\t\t<\/div>\n\t\t\t\t<\/div>\n\t\t\t\t\t<\/div>\n\t\t<\/div>\n\t\t\t\t\t<\/div>\n\t\t<\/section>\n\t\t\t\t<\/div>\n\t\t","protected":false},"excerpt":{"rendered":"<p><strong><span style=\"color: #999999;\">FECHA:<\/span> viernes, 5 junio, 2026<\/strong><\/p>\n<p><strong><span style=\"color: #999999;\">HORA:<\/span> PUERTAS 20:00H<\/strong><\/p>\n<p><strong><span style=\"color: #999999;\">LUGAR:<\/span> SALA CHANG\u00d3<\/strong><\/p>\n<p><em><strong>GASTOS DE GESTI\u00d3N YA INCLUIDOS<\/strong><\/em><\/p>\n","protected":false},"author":1,"featured_media":341069,"template":"","meta":{"_acf_changed":false},"product_brand":[],"product_cat":[30],"product_tag":[],"class_list":{"0":"post-341068","1":"product","2":"type-product","3":"status-publish","4":"has-post-thumbnail","6":"product_cat-sala-chango","7":"product_shipping_class-gastos-de-gestion","9":"first","10":"instock","11":"virtual","12":"taxable","13":"purchasable","14":"product-type-simple"},"acf":[],"aioseo_notices":[],"_links":{"self":[{"href":"https:\/\/ochoymedioclub.com\/en\/wp-json\/wp\/v2\/product\/341068","targetHints":{"allow":["GET"]}}],"collection":[{"href":"https:\/\/ochoymedioclub.com\/en\/wp-json\/wp\/v2\/product"}],"about":[{"href":"https:\/\/ochoymedioclub.com\/en\/wp-json\/wp\/v2\/types\/product"}],"author":[{"embeddable":true,"href":"https:\/\/ochoymedioclub.com\/en\/wp-json\/wp\/v2\/users\/1"}],"version-history":[{"count":9,"href":"https:\/\/ochoymedioclub.com\/en\/wp-json\/wp\/v2\/product\/341068\/revisions"}],"predecessor-version":[{"id":341175,"href":"https:\/\/ochoymedioclub.com\/en\/wp-json\/wp\/v2\/product\/341068\/revisions\/341175"}],"wp:featuredmedia":[{"embeddable":true,"href":"https:\/\/ochoymedioclub.com\/en\/wp-json\/wp\/v2\/media\/341069"}],"wp:attachment":[{"href":"https:\/\/ochoymedioclub.com\/en\/wp-json\/wp\/v2\/media?parent=341068"}],"wp:term":[{"taxonomy":"product_brand","embeddable":true,"href":"https:\/\/ochoymedioclub.com\/en\/wp-json\/wp\/v2\/product_brand?post=341068"},{"taxonomy":"product_cat","embeddable":true,"href":"https:\/\/ochoymedioclub.com\/en\/wp-json\/wp\/v2\/product_cat?post=341068"},{"taxonomy":"product_tag","embeddable":true,"href":"https:\/\/ochoymedioclub.com\/en\/wp-json\/wp\/v2\/product_tag?post=341068"}],"curies":[{"name":"wp","href":"https:\/\/api.w.org\/{rel}","templated":true}]}}