{"id":338965,"date":"2026-03-09T17:00:43","date_gmt":"2026-03-09T16:00:43","guid":{"rendered":"https:\/\/ochoymedioclub.com\/?post_type=product&#038;p=338965"},"modified":"2026-04-25T13:58:12","modified_gmt":"2026-04-25T11:58:12","slug":"juventude","status":"publish","type":"product","link":"https:\/\/ochoymedioclub.com\/en\/conciertos\/juventude\/","title":{"rendered":"JUVENTUDE"},"content":{"rendered":"\t\t<div data-elementor-type=\"product-post\" data-elementor-id=\"338965\" class=\"elementor elementor-338965\" data-elementor-post-type=\"product\">\n\t\t\t\t\t\t<section class=\"elementor-section elementor-top-section elementor-element elementor-element-491b6b08 elementor-section-full_width elementor-section-height-default elementor-section-height-default\" data-id=\"491b6b08\" data-element_type=\"section\" data-e-type=\"section\">\n\t\t\t\t\t\t<div class=\"elementor-container elementor-column-gap-default\">\n\t\t\t\t\t<div class=\"elementor-column elementor-col-50 elementor-top-column elementor-element elementor-element-1279d204\" data-id=\"1279d204\" data-element_type=\"column\" data-e-type=\"column\">\n\t\t\t<div class=\"elementor-widget-wrap elementor-element-populated\">\n\t\t\t\t\t\t<div class=\"elementor-element elementor-element-6fa7d491 elementor-widget elementor-widget-heading\" data-id=\"6fa7d491\" data-element_type=\"widget\" data-e-type=\"widget\" data-widget_type=\"heading.default\">\n\t\t\t\t<div class=\"elementor-widget-container\">\n\t\t\t\t\t<h2 class=\"elementor-heading-title elementor-size-default\">INFO<\/h2>\t\t\t\t<\/div>\n\t\t\t\t<\/div>\n\t\t\t\t<div class=\"elementor-element elementor-element-45dac6ad elementor-widget elementor-widget-text-editor\" data-id=\"45dac6ad\" data-element_type=\"widget\" data-e-type=\"widget\" data-widget_type=\"text-editor.default\">\n\t\t\t\t<div class=\"elementor-widget-container\">\n\t\t\t\t\t\t\t\t\t<div class=\"\"><span class=\"\">Concierto de JUVENTUDE\u00a0el 13 de noviembre en la\u00a0<\/span><a class=\"\" href=\"https:\/\/share.google\/hkaOehqjHefNIaG1B\"><span class=\"\" style=\"color: #ff40ff;\">Sala UNI<\/span><\/a><span class=\"\">\u00a0dentro de la programaci\u00f3n de Ochoymedio Live. \u00a1Entradas aqu\u00ed!\u00a0<\/span><\/div><div class=\"\"><span class=\"\">\u00a0<\/span><\/div><div class=\"\"><div class=\"\"><a class=\"\" href=\"https:\/\/open.spotify.com\/intl-es\/artist\/5OCKp8oCaWmsqkc7lfRDJC?si=cPtgxJDkTomrOs---s3DcQ\"><span class=\"\" style=\"color: #ff40ff;\">JUVENTUDE<\/span><\/a><span class=\"\">\u00a0es el d\u00fao formado por \u00c1ngel y Nico, dos j\u00f3venes andaluces que se unen para<\/span><\/div><div class=\"\"><span class=\"\">dar vida a lo que ellos definen como \u201cpop surrealista pa\u2019 la pe\u00f1a de la pista\u201d, donde<\/span><\/div><div class=\"\"><span class=\"\">mezclan el folclore andaluz, el pop setentero, el rock o el indie, unidos a una est\u00e9tica<\/span><\/div><div class=\"\"><span class=\"\">asombrosa en sus videoclips y en toda su propuesta art\u00edstica.<\/span><\/div><div class=\"\"><span class=\"\">En octubre de 2025 JUVENTUDE publican su LP debut, \u2018<\/span><a class=\"\" href=\"https:\/\/open.spotify.com\/intl-es\/album\/49Rqd7XooMsnacZ5Uhfqgz?si=CqvWa6CxSxyJBurVsfo9iQ\"><span class=\"\" style=\"color: #ff40ff;\">JUVENTUDE<\/span><\/a><span class=\"\">\u2019, editado por<\/span><\/div><div class=\"\"><span class=\"\">Calaverita Records y que ha llamado la atenci\u00f3n de la cr\u00edtica especializada y tambi\u00e9n del<\/span><\/div><div class=\"\"><span class=\"\">p\u00fablico, siendo destacado como unos de los discos del a\u00f1o 2025. En \u00e9l encontramos una<\/span><\/div><div class=\"\"><span class=\"\">explosi\u00f3n de m\u00fasica y estilos sorprendente que estar\u00e1n presentando por decenas de<\/span><\/div><div class=\"\"><span class=\"\">salas y festivales de toda Espa\u00f1a en 2026.<\/span><\/div><div class=\"\"><span class=\"\">\u00a0<\/span><\/div><div class=\"\"><span class=\"\">Para consultar toda la programaci\u00f3n de Ochoymedio,\u00a0<a class=\"\" href=\"https:\/\/ochoymedioclub.com\/conciertos\/\">haz click aqu\u00ed.<\/a><\/span><\/div><\/div>\t\t\t\t\t\t\t\t<\/div>\n\t\t\t\t<\/div>\n\t\t\t\t\t<\/div>\n\t\t<\/div>\n\t\t\t\t<div class=\"elementor-column elementor-col-50 elementor-top-column elementor-element elementor-element-68300ad\" data-id=\"68300ad\" data-element_type=\"column\" data-e-type=\"column\">\n\t\t\t<div class=\"elementor-widget-wrap elementor-element-populated\">\n\t\t\t\t\t\t<div class=\"elementor-element elementor-element-1ebd5b77 elementor-widget elementor-widget-image\" data-id=\"1ebd5b77\" data-element_type=\"widget\" data-e-type=\"widget\" data-widget_type=\"image.default\">\n\t\t\t\t<div class=\"elementor-widget-container\">\n\t\t\t\t\t\t\t\t\t\t\t\t\t\t\t<img fetchpriority=\"high\" decoding=\"async\" width=\"751\" height=\"499\" src=\"https:\/\/ochoymedioclub.com\/wp-content\/uploads\/2026\/03\/JUVENTUDE3.png\" class=\"attachment-large size-large wp-image-338967\" alt=\"\" srcset=\"https:\/\/ochoymedioclub.com\/wp-content\/uploads\/2026\/03\/JUVENTUDE3.png 800w, https:\/\/ochoymedioclub.com\/wp-content\/uploads\/2026\/03\/JUVENTUDE3-300x200.png 300w, https:\/\/ochoymedioclub.com\/wp-content\/uploads\/2026\/03\/JUVENTUDE3-768x511.png 768w\" sizes=\"(max-width: 751px) 100vw, 751px\" \/>\t\t\t\t\t\t\t\t\t\t\t\t\t\t\t<\/div>\n\t\t\t\t<\/div>\n\t\t\t\t\t<\/div>\n\t\t<\/div>\n\t\t\t\t\t<\/div>\n\t\t<\/section>\n\t\t\t\t<section class=\"elementor-section elementor-top-section elementor-element elementor-element-62303a90 elementor-section-full_width elementor-section-height-default elementor-section-height-default\" data-id=\"62303a90\" data-element_type=\"section\" data-e-type=\"section\">\n\t\t\t\t\t\t<div class=\"elementor-container elementor-column-gap-default\">\n\t\t\t\t\t<div class=\"elementor-column elementor-col-100 elementor-top-column elementor-element elementor-element-2f1fddc3\" data-id=\"2f1fddc3\" data-element_type=\"column\" data-e-type=\"column\">\n\t\t\t<div class=\"elementor-widget-wrap elementor-element-populated\">\n\t\t\t\t\t\t<div class=\"elementor-element elementor-element-22600f9f elementor-widget elementor-widget-heading\" data-id=\"22600f9f\" data-element_type=\"widget\" data-e-type=\"widget\" data-widget_type=\"heading.default\">\n\t\t\t\t<div class=\"elementor-widget-container\">\n\t\t\t\t\t<h2 class=\"elementor-heading-title elementor-size-default\">VIDEOS<\/h2>\t\t\t\t<\/div>\n\t\t\t\t<\/div>\n\t\t\t\t<section class=\"elementor-section elementor-inner-section elementor-element elementor-element-e26954f elementor-section-boxed elementor-section-height-default elementor-section-height-default\" data-id=\"e26954f\" data-element_type=\"section\" data-e-type=\"section\">\n\t\t\t\t\t\t<div class=\"elementor-container elementor-column-gap-default\">\n\t\t\t\t\t<div class=\"elementor-column elementor-col-50 elementor-inner-column elementor-element elementor-element-384e95a8\" data-id=\"384e95a8\" data-element_type=\"column\" data-e-type=\"column\">\n\t\t\t<div class=\"elementor-widget-wrap elementor-element-populated\">\n\t\t\t\t\t\t<div class=\"elementor-element elementor-element-4196911 elementor-widget elementor-widget-video\" data-id=\"4196911\" data-element_type=\"widget\" data-e-type=\"widget\" data-settings=\"{&quot;youtube_url&quot;:&quot;https:\\\/\\\/youtu.be\\\/QkDHKQ_WOdg?si=6i9798XYSCLbWrj2&quot;,&quot;video_type&quot;:&quot;youtube&quot;,&quot;controls&quot;:&quot;yes&quot;}\" data-widget_type=\"video.default\">\n\t\t\t\t<div class=\"elementor-widget-container\">\n\t\t\t\t\t\t\t<div class=\"elementor-wrapper elementor-open-inline\">\n\t\t\t<div class=\"elementor-video\"><\/div>\t\t<\/div>\n\t\t\t\t\t\t<\/div>\n\t\t\t\t<\/div>\n\t\t\t\t\t<\/div>\n\t\t<\/div>\n\t\t\t\t<div class=\"elementor-column elementor-col-50 elementor-inner-column elementor-element elementor-element-48b9fee3\" data-id=\"48b9fee3\" data-element_type=\"column\" data-e-type=\"column\">\n\t\t\t<div class=\"elementor-widget-wrap elementor-element-populated\">\n\t\t\t\t\t\t<div class=\"elementor-element elementor-element-322a7e0a elementor-widget elementor-widget-video\" data-id=\"322a7e0a\" data-element_type=\"widget\" data-e-type=\"widget\" data-settings=\"{&quot;youtube_url&quot;:&quot;https:\\\/\\\/youtu.be\\\/hHqx29FhJkU?si=P7L0wJFDXG9kxhNP&quot;,&quot;video_type&quot;:&quot;youtube&quot;,&quot;controls&quot;:&quot;yes&quot;}\" data-widget_type=\"video.default\">\n\t\t\t\t<div class=\"elementor-widget-container\">\n\t\t\t\t\t\t\t<div class=\"elementor-wrapper elementor-open-inline\">\n\t\t\t<div class=\"elementor-video\"><\/div>\t\t<\/div>\n\t\t\t\t\t\t<\/div>\n\t\t\t\t<\/div>\n\t\t\t\t\t<\/div>\n\t\t<\/div>\n\t\t\t\t\t<\/div>\n\t\t<\/section>\n\t\t\t\t\t<\/div>\n\t\t<\/div>\n\t\t\t\t\t<\/div>\n\t\t<\/section>\n\t\t\t\t<section class=\"elementor-section elementor-top-section elementor-element elementor-element-76000250 elementor-section-boxed elementor-section-height-default elementor-section-height-default\" data-id=\"76000250\" data-element_type=\"section\" data-e-type=\"section\">\n\t\t\t\t\t\t<div class=\"elementor-container elementor-column-gap-default\">\n\t\t\t\t\t<div class=\"elementor-column elementor-col-100 elementor-top-column elementor-element elementor-element-5d819ded\" data-id=\"5d819ded\" data-element_type=\"column\" data-e-type=\"column\">\n\t\t\t<div class=\"elementor-widget-wrap elementor-element-populated\">\n\t\t\t\t\t\t<div class=\"elementor-element elementor-element-49c8f207 elementor-alert-info elementor-widget elementor-widget-alert\" data-id=\"49c8f207\" data-element_type=\"widget\" data-e-type=\"widget\" data-widget_type=\"alert.default\">\n\t\t\t\t<div class=\"elementor-widget-container\">\n\t\t\t\t\t\t\t<div class=\"elementor-alert\" role=\"alert\">\n\n\t\t\t\t\t\t<span class=\"elementor-alert-title\">POL\u00cdTICA DE MENORES<\/span>\n\t\t\t\n\t\t\t\t\t\t<span class=\"elementor-alert-description\"><a href=\"https:\/\/ochoymedioclub.com\/menores\/\">Haz click aqu\u00ed<\/a><\/span>\n\t\t\t\n\t\t\t\t\t\t<button type=\"button\" class=\"elementor-alert-dismiss\" aria-label=\"Descartar esta alerta.\">\n\t\t\t\t<i aria-hidden=\"true\" class=\"fas fa-times-circle\"><\/i>\t\t\t<\/button>\n\t\t\t\n\t\t<\/div>\n\t\t\t\t\t\t<\/div>\n\t\t\t\t<\/div>\n\t\t\t\t\t<\/div>\n\t\t<\/div>\n\t\t\t\t\t<\/div>\n\t\t<\/section>\n\t\t\t\t<\/div>\n\t\t","protected":false},"excerpt":{"rendered":"<p><strong><span style=\"color: #999999;\">FECHA: <\/span>viernes, 13 noviembre, 2026<\/strong><\/p>\n<p><strong><span style=\"color: #999999;\">HORA:<\/span> 20:00H<\/strong><\/p>\n<p><strong><span style=\"color: #999999;\">LUGAR:<\/span> SALA UNI<\/strong><\/p>\n<p><em><strong>GASTOS DE GESTI\u00d3N YA INCLUIDOS<\/strong><\/em><\/p>\n","protected":false},"author":1,"featured_media":339061,"template":"","meta":{"_acf_changed":false},"product_brand":[],"product_cat":[314],"product_tag":[],"class_list":{"0":"post-338965","1":"product","2":"type-product","3":"status-publish","4":"has-post-thumbnail","6":"product_cat-sala-uni","8":"first","9":"instock","10":"virtual","11":"taxable","12":"purchasable","13":"product-type-simple"},"acf":[],"aioseo_notices":[],"_links":{"self":[{"href":"https:\/\/ochoymedioclub.com\/en\/wp-json\/wp\/v2\/product\/338965","targetHints":{"allow":["GET"]}}],"collection":[{"href":"https:\/\/ochoymedioclub.com\/en\/wp-json\/wp\/v2\/product"}],"about":[{"href":"https:\/\/ochoymedioclub.com\/en\/wp-json\/wp\/v2\/types\/product"}],"author":[{"embeddable":true,"href":"https:\/\/ochoymedioclub.com\/en\/wp-json\/wp\/v2\/users\/1"}],"version-history":[{"count":12,"href":"https:\/\/ochoymedioclub.com\/en\/wp-json\/wp\/v2\/product\/338965\/revisions"}],"predecessor-version":[{"id":340488,"href":"https:\/\/ochoymedioclub.com\/en\/wp-json\/wp\/v2\/product\/338965\/revisions\/340488"}],"wp:featuredmedia":[{"embeddable":true,"href":"https:\/\/ochoymedioclub.com\/en\/wp-json\/wp\/v2\/media\/339061"}],"wp:attachment":[{"href":"https:\/\/ochoymedioclub.com\/en\/wp-json\/wp\/v2\/media?parent=338965"}],"wp:term":[{"taxonomy":"product_brand","embeddable":true,"href":"https:\/\/ochoymedioclub.com\/en\/wp-json\/wp\/v2\/product_brand?post=338965"},{"taxonomy":"product_cat","embeddable":true,"href":"https:\/\/ochoymedioclub.com\/en\/wp-json\/wp\/v2\/product_cat?post=338965"},{"taxonomy":"product_tag","embeddable":true,"href":"https:\/\/ochoymedioclub.com\/en\/wp-json\/wp\/v2\/product_tag?post=338965"}],"curies":[{"name":"wp","href":"https:\/\/api.w.org\/{rel}","templated":true}]}}