{"id":338414,"date":"2026-03-18T17:57:52","date_gmt":"2026-03-18T16:57:52","guid":{"rendered":"https:\/\/ochoymedioclub.com\/?post_type=product&#038;p=338414"},"modified":"2026-04-18T01:10:34","modified_gmt":"2026-04-17T23:10:34","slug":"valentino-merlo","status":"publish","type":"product","link":"https:\/\/ochoymedioclub.com\/en\/conciertos\/valentino-merlo\/","title":{"rendered":"VALENTINO MERLO + AMIGO DE ARTISTAS"},"content":{"rendered":"\t\t<div data-elementor-type=\"wp-post\" data-elementor-id=\"338414\" class=\"elementor elementor-338414\" data-elementor-post-type=\"product\">\n\t\t\t\t\t\t<section class=\"elementor-section elementor-top-section elementor-element elementor-element-77b6c23b elementor-section-full_width elementor-section-height-default elementor-section-height-default\" data-id=\"77b6c23b\" data-element_type=\"section\" data-e-type=\"section\">\n\t\t\t\t\t\t<div class=\"elementor-container elementor-column-gap-default\">\n\t\t\t\t\t<div class=\"elementor-column elementor-col-50 elementor-top-column elementor-element elementor-element-264ec871\" data-id=\"264ec871\" data-element_type=\"column\" data-e-type=\"column\">\n\t\t\t<div class=\"elementor-widget-wrap elementor-element-populated\">\n\t\t\t\t\t\t<div class=\"elementor-element elementor-element-59b5fa5f elementor-widget elementor-widget-heading\" data-id=\"59b5fa5f\" data-element_type=\"widget\" data-e-type=\"widget\" data-widget_type=\"heading.default\">\n\t\t\t\t<div class=\"elementor-widget-container\">\n\t\t\t\t\t<h2 class=\"elementor-heading-title elementor-size-default\">INFO<\/h2>\t\t\t\t<\/div>\n\t\t\t\t<\/div>\n\t\t\t\t<div class=\"elementor-element elementor-element-1a7c414e elementor-widget__width-initial elementor-widget elementor-widget-text-editor\" data-id=\"1a7c414e\" data-element_type=\"widget\" data-e-type=\"widget\" data-widget_type=\"text-editor.default\">\n\t\t\t\t<div class=\"elementor-widget-container\">\n\t\t\t\t\t\t\t\t\t<div class=\"\"><p class=\"\" data-start=\"86\" data-end=\"239\"><strong class=\"\" data-start=\"86\" data-end=\"239\">Concierto de VALENTINO MERLO + AMIGO DE ARTISTAS el 18 de junio en la\u00a0<a class=\"\" href=\"https:\/\/share.google\/t6qUtgfSzqc6PZAl6\"><span class=\"\" style=\"color: #ff40ff;\">sala But<\/span><\/a>\u00a0dentro de la programaci\u00f3n de Ochoymedio Live. \u00a1Entradas ya a la venta!<\/strong><\/p><p class=\"\" data-start=\"241\" data-end=\"696\"><a class=\"\" href=\"https:\/\/open.spotify.com\/intl-es\/artist\/55ru5B05MMBunM1tvH7Di6?si=KYcnfyCCReiVEhhFBP3B-A\"><span class=\"\" style=\"color: #ff40ff;\">Valentino Merlo<\/span><\/a>, joven cantante rosarino de tan solo 16 a\u00f1os, se ha convertido en una de las grandes promesas de la m\u00fasica argentina gracias a su impresionante potencia vocal y a unas actuaciones que no han dejado de viralizarse en redes sociales. Descubri\u00f3 su pasi\u00f3n por la m\u00fasica con apenas 7 a\u00f1os y, con el apoyo de su familia, comenz\u00f3 un camino que despeg\u00f3 definitivamente a los 14, cuando conquist\u00f3 al p\u00fablico en el Polideportivo Balneario Saladillo.<\/p><p class=\"\" data-start=\"698\" data-end=\"1021\">Desde entonces, ha colaborado con artistas como \u00c1ngela Leiva o Cristian Castro y ha logrado posicionar varios temas en el Top 50 de Spotify. Su canci\u00f3n \u201c<a class=\"\" href=\"https:\/\/open.spotify.com\/intl-es\/track\/0SoBfYjQHvL6cuWHtPUYnq?si=813ff1c5ff3d49c9\"><span class=\"\" style=\"color: #ff40ff;\">Hoy<\/span><\/a>\u201d debut\u00f3 directamente en el n\u00ba1 del Billboard Argentina Hot 100, donde se mantuvo durante 11 semanas consecutivas, convirti\u00e9ndose en uno de los mayores \u00e9xitos del a\u00f1o.<\/p><p class=\"\" data-start=\"1023\" data-end=\"1303\">En directo, Valentino ya ha colgado el cartel de sold out en el Teatro Gran Rex y se ha convertido en el solista argentino m\u00e1s joven en actuar en el Movistar Arena. Adem\u00e1s, particip\u00f3 en los Premios Mart\u00edn Fierro con una emocionante interpretaci\u00f3n de \u201cSeguir viviendo sin tu amor\u201d.<\/p><p class=\"\" data-start=\"1305\" data-end=\"1576\">Compartiendo cartel, <strong class=\"\" data-start=\"1326\" data-end=\"1347\">Amigo de Artistas<\/strong> llega como una de las propuestas m\u00e1s frescas de la nueva cumbia del Cono Sur. Formado por amigos de infancia, el d\u00fao ha sabido renovar el g\u00e9nero con un sonido rom\u00e1ntico, energ\u00e9tico y con una fuerte conexi\u00f3n con el p\u00fablico joven.<\/p><p class=\"\" data-start=\"1578\" data-end=\"1890\">Su hit \u201cBoomerang\u201d los catapult\u00f3 a los charts virales de Spotify en toda Latinoam\u00e9rica (#1 en Chile, #2 en Uruguay, #3 en Bolivia, #4 en Argentina y #5 en Paraguay), y han seguido ampliando su alcance con temas como \u201c<a class=\"\" href=\"https:\/\/open.spotify.com\/intl-es\/track\/4AL4EamHEBKPpdcFRkYdXN?si=4edd1dea3ba3436d\"><span class=\"\" style=\"color: #ff40ff;\">Pu\u00f1aladas<\/span><\/a>\u201d junto a Lauta, que tambi\u00e9n ha entrado en playlists virales en Espa\u00f1a y otros pa\u00edses.<\/p><p class=\"\" data-start=\"1892\" data-end=\"2216\">Tras su primer EP,\u00a0<a class=\"\" href=\"https:\/\/open.spotify.com\/album\/0V2cBCW5ss67EcQ6N4EfEF?si=e8LdF9oPSrmF9Zjxj9l9EQ\"><span class=\"\" style=\"color: #ff40ff;\">Sobre una nube de algod\u00f3n<\/span><\/a>, se consolidaron como fen\u00f3meno en TikTok, marcando una nueva etapa para la cumbia chilena con su mezcla de ritmos latinos y sensibilidad pop. Entre sus lanzamientos m\u00e1s recientes destacan \u201c<a class=\"\" href=\"https:\/\/open.spotify.com\/album\/6ZtUjt15I1NGvB5B05qe4q?si=yT849kriTgC5kPrmVM2jKg\"><span class=\"\" style=\"color: #ff40ff;\">La Mitad<\/span><\/a>\u201d junto a La Combo Tortuga, \u201c<a class=\"\" href=\"https:\/\/open.spotify.com\/album\/161wIYBfQb2fgS61jnYleR?si=YjCj6SwoSC2W6z6ynNHPxA\"><span class=\"\" style=\"color: #ff40ff;\">Por Ti<\/span><\/a>\u201d, \u201c<a class=\"\" href=\"https:\/\/open.spotify.com\/album\/6crRLWd5mlq44T4LDeOlwH?si=51VMwbDURMy0bN1SvutxxQ\"><span class=\"\" style=\"color: #ff40ff;\">Abril<\/span><\/a>\u201d, \u201c<a class=\"\" href=\"https:\/\/open.spotify.com\/album\/71gqC1Y6WyRbGx3jvQLiFT?si=I9mPobtySTyoE0I2PNIZpw\"><span class=\"\" style=\"color: #ff40ff;\">Solo Amigos<\/span><\/a>\u201d y \u201c<a class=\"\" href=\"https:\/\/open.spotify.com\/album\/3KO7mbH2ur8W77LRziM2Ou?si=6tzDtzbSRMK0pfTk5uo8-Q\"><span class=\"\" style=\"color: #ff40ff;\">Sin saber amar<\/span><\/a>\u201d.<\/p><p class=\"\" data-start=\"2218\" data-end=\"2388\">Reconocidos por Billboard Argentina como uno de los fen\u00f3menos musicales m\u00e1s destacados de Chile, Amigo de Artistas contin\u00faa expandiendo su impacto por toda Latinoam\u00e9rica.<\/p><p class=\"\" data-start=\"2390\" data-end=\"2463\">Para consultar toda la programaci\u00f3n de Ochoymedio Live, haz click\u00a0<a class=\"\" href=\"https:\/\/ochoymedioclub.com\/conciertos\/\"><span class=\"\" style=\"color: #ff40ff;\">aqu\u00ed<\/span><\/a>.<\/p><\/div><div class=\"\">\u00a0<\/div>\t\t\t\t\t\t\t\t<\/div>\n\t\t\t\t<\/div>\n\t\t\t\t\t<\/div>\n\t\t<\/div>\n\t\t\t\t<div class=\"elementor-column elementor-col-50 elementor-top-column elementor-element elementor-element-72d6922\" data-id=\"72d6922\" data-element_type=\"column\" data-e-type=\"column\">\n\t\t\t<div class=\"elementor-widget-wrap elementor-element-populated\">\n\t\t\t\t\t\t<div class=\"elementor-element elementor-element-8fa0247 elementor-widget elementor-widget-image\" data-id=\"8fa0247\" data-element_type=\"widget\" data-e-type=\"widget\" data-widget_type=\"image.default\">\n\t\t\t\t<div class=\"elementor-widget-container\">\n\t\t\t\t\t\t\t\t\t\t\t\t\t\t\t<img fetchpriority=\"high\" decoding=\"async\" width=\"683\" height=\"1024\" src=\"https:\/\/ochoymedioclub.com\/wp-content\/uploads\/2026\/03\/DSC0784-683x1024.png\" class=\"attachment-large size-large wp-image-338420\" alt=\"\" srcset=\"https:\/\/ochoymedioclub.com\/wp-content\/uploads\/2026\/03\/DSC0784-683x1024.png 683w, https:\/\/ochoymedioclub.com\/wp-content\/uploads\/2026\/03\/DSC0784-200x300.png 200w, https:\/\/ochoymedioclub.com\/wp-content\/uploads\/2026\/03\/DSC0784-768x1152.png 768w, https:\/\/ochoymedioclub.com\/wp-content\/uploads\/2026\/03\/DSC0784-300x450.png 300w, https:\/\/ochoymedioclub.com\/wp-content\/uploads\/2026\/03\/DSC0784.png 800w\" sizes=\"(max-width: 683px) 100vw, 683px\" \/>\t\t\t\t\t\t\t\t\t\t\t\t\t\t\t<\/div>\n\t\t\t\t<\/div>\n\t\t\t\t\t<\/div>\n\t\t<\/div>\n\t\t\t\t\t<\/div>\n\t\t<\/section>\n\t\t\t\t<section class=\"elementor-section elementor-top-section elementor-element elementor-element-12240367 elementor-section-full_width elementor-section-height-default elementor-section-height-default\" data-id=\"12240367\" data-element_type=\"section\" data-e-type=\"section\">\n\t\t\t\t\t\t<div class=\"elementor-container elementor-column-gap-default\">\n\t\t\t\t\t<div class=\"elementor-column elementor-col-100 elementor-top-column elementor-element elementor-element-6e5d1384\" data-id=\"6e5d1384\" data-element_type=\"column\" data-e-type=\"column\">\n\t\t\t<div class=\"elementor-widget-wrap elementor-element-populated\">\n\t\t\t\t\t\t<div class=\"elementor-element elementor-element-1aa2dd6 elementor-widget elementor-widget-heading\" data-id=\"1aa2dd6\" data-element_type=\"widget\" data-e-type=\"widget\" data-widget_type=\"heading.default\">\n\t\t\t\t<div class=\"elementor-widget-container\">\n\t\t\t\t\t<h2 class=\"elementor-heading-title elementor-size-default\">VIDEOS<\/h2>\t\t\t\t<\/div>\n\t\t\t\t<\/div>\n\t\t\t\t<section class=\"elementor-section elementor-inner-section elementor-element elementor-element-b4aac70 elementor-section-boxed elementor-section-height-default elementor-section-height-default\" data-id=\"b4aac70\" data-element_type=\"section\" data-e-type=\"section\">\n\t\t\t\t\t\t<div class=\"elementor-container elementor-column-gap-default\">\n\t\t\t\t\t<div class=\"elementor-column elementor-col-50 elementor-inner-column elementor-element elementor-element-5be3760a\" data-id=\"5be3760a\" data-element_type=\"column\" data-e-type=\"column\">\n\t\t\t<div class=\"elementor-widget-wrap elementor-element-populated\">\n\t\t\t\t\t\t<div class=\"elementor-element elementor-element-3c9ce98e elementor-widget elementor-widget-video\" data-id=\"3c9ce98e\" data-element_type=\"widget\" data-e-type=\"widget\" data-settings=\"{&quot;youtube_url&quot;:&quot;https:\\\/\\\/youtu.be\\\/kSn9xf6mVWQ?si=xWDC21FRDB-uEu1y&quot;,&quot;video_type&quot;:&quot;youtube&quot;,&quot;controls&quot;:&quot;yes&quot;}\" data-widget_type=\"video.default\">\n\t\t\t\t<div class=\"elementor-widget-container\">\n\t\t\t\t\t\t\t<div class=\"elementor-wrapper elementor-open-inline\">\n\t\t\t<div class=\"elementor-video\"><\/div>\t\t<\/div>\n\t\t\t\t\t\t<\/div>\n\t\t\t\t<\/div>\n\t\t\t\t\t<\/div>\n\t\t<\/div>\n\t\t\t\t<div class=\"elementor-column elementor-col-50 elementor-inner-column elementor-element elementor-element-3b4fc9ba\" data-id=\"3b4fc9ba\" data-element_type=\"column\" data-e-type=\"column\">\n\t\t\t<div class=\"elementor-widget-wrap elementor-element-populated\">\n\t\t\t\t\t\t<div class=\"elementor-element elementor-element-de81106 elementor-widget elementor-widget-video\" data-id=\"de81106\" data-element_type=\"widget\" data-e-type=\"widget\" data-settings=\"{&quot;youtube_url&quot;:&quot;https:\\\/\\\/youtu.be\\\/TBhsEBaI1ec?si=0vyeAnR3G8uQQisO&quot;,&quot;video_type&quot;:&quot;youtube&quot;,&quot;controls&quot;:&quot;yes&quot;}\" data-widget_type=\"video.default\">\n\t\t\t\t<div class=\"elementor-widget-container\">\n\t\t\t\t\t\t\t<div class=\"elementor-wrapper elementor-open-inline\">\n\t\t\t<div class=\"elementor-video\"><\/div>\t\t<\/div>\n\t\t\t\t\t\t<\/div>\n\t\t\t\t<\/div>\n\t\t\t\t\t<\/div>\n\t\t<\/div>\n\t\t\t\t\t<\/div>\n\t\t<\/section>\n\t\t\t\t\t<\/div>\n\t\t<\/div>\n\t\t\t\t\t<\/div>\n\t\t<\/section>\n\t\t\t\t<section class=\"elementor-section elementor-top-section elementor-element elementor-element-3ebb6423 elementor-section-boxed elementor-section-height-default elementor-section-height-default\" data-id=\"3ebb6423\" data-element_type=\"section\" data-e-type=\"section\">\n\t\t\t\t\t\t<div class=\"elementor-container elementor-column-gap-default\">\n\t\t\t\t\t<div class=\"elementor-column elementor-col-100 elementor-top-column elementor-element elementor-element-861e102\" data-id=\"861e102\" data-element_type=\"column\" data-e-type=\"column\">\n\t\t\t<div class=\"elementor-widget-wrap elementor-element-populated\">\n\t\t\t\t\t\t<div class=\"elementor-element elementor-element-3aab5bed elementor-alert-info elementor-widget elementor-widget-alert\" data-id=\"3aab5bed\" data-element_type=\"widget\" data-e-type=\"widget\" data-widget_type=\"alert.default\">\n\t\t\t\t<div class=\"elementor-widget-container\">\n\t\t\t\t\t\t\t<div class=\"elementor-alert\" role=\"alert\">\n\n\t\t\t\t\t\t<span class=\"elementor-alert-title\">POL\u00cdTICA DE MENORES<\/span>\n\t\t\t\n\t\t\t\t\t\t<span class=\"elementor-alert-description\"><a href=\"https:\/\/ochoymedioclub.com\/menores\/\">Haz click aqu\u00ed<\/a><\/span>\n\t\t\t\n\t\t\t\t\t\t<button type=\"button\" class=\"elementor-alert-dismiss\" aria-label=\"Descartar esta alerta.\">\n\t\t\t\t<i aria-hidden=\"true\" class=\"fas fa-times-circle\"><\/i>\t\t\t<\/button>\n\t\t\t\n\t\t<\/div>\n\t\t\t\t\t\t<\/div>\n\t\t\t\t<\/div>\n\t\t\t\t<div class=\"elementor-element elementor-element-1ec8b8f7 elementor-widget elementor-widget-image\" data-id=\"1ec8b8f7\" data-element_type=\"widget\" data-e-type=\"widget\" data-widget_type=\"image.default\">\n\t\t\t\t<div class=\"elementor-widget-container\">\n\t\t\t\t\t\t\t\t\t\t\t\t\t\t\t\t<a href=\"https:\/\/goo.gl\/maps\/PRDfEAaXaPJkWqHR7?_ga=2.63512367.1455475853.1663239384-1166735557.1659548828\">\n\t\t\t\t\t\t\t<img decoding=\"async\" width=\"1920\" height=\"1005\" src=\"https:\/\/ochoymedioclub.com\/wp-content\/uploads\/2022\/04\/OCHOYMEDIO_MAPA_Mesa-de-trabajo-1-copia-5.png\" class=\"attachment-full size-full wp-image-87133\" alt=\"\" srcset=\"https:\/\/ochoymedioclub.com\/wp-content\/uploads\/2022\/04\/OCHOYMEDIO_MAPA_Mesa-de-trabajo-1-copia-5.png 1920w, https:\/\/ochoymedioclub.com\/wp-content\/uploads\/2022\/04\/OCHOYMEDIO_MAPA_Mesa-de-trabajo-1-copia-5-300x157.png 300w, https:\/\/ochoymedioclub.com\/wp-content\/uploads\/2022\/04\/OCHOYMEDIO_MAPA_Mesa-de-trabajo-1-copia-5-1024x536.png 1024w, https:\/\/ochoymedioclub.com\/wp-content\/uploads\/2022\/04\/OCHOYMEDIO_MAPA_Mesa-de-trabajo-1-copia-5-768x402.png 768w, https:\/\/ochoymedioclub.com\/wp-content\/uploads\/2022\/04\/OCHOYMEDIO_MAPA_Mesa-de-trabajo-1-copia-5-1536x804.png 1536w, https:\/\/ochoymedioclub.com\/wp-content\/uploads\/2022\/04\/OCHOYMEDIO_MAPA_Mesa-de-trabajo-1-copia-5-1200x628.png 1200w, https:\/\/ochoymedioclub.com\/wp-content\/uploads\/2022\/04\/OCHOYMEDIO_MAPA_Mesa-de-trabajo-1-copia-5-120x63.png 120w, https:\/\/ochoymedioclub.com\/wp-content\/uploads\/2022\/04\/OCHOYMEDIO_MAPA_Mesa-de-trabajo-1-copia-5-81x42.png 81w, https:\/\/ochoymedioclub.com\/wp-content\/uploads\/2022\/04\/OCHOYMEDIO_MAPA_Mesa-de-trabajo-1-copia-5-302x158.png 302w\" sizes=\"(max-width: 1920px) 100vw, 1920px\" \/>\t\t\t\t\t\t\t\t<\/a>\n\t\t\t\t\t\t\t\t\t\t\t\t\t\t\t<\/div>\n\t\t\t\t<\/div>\n\t\t\t\t\t<\/div>\n\t\t<\/div>\n\t\t\t\t\t<\/div>\n\t\t<\/section>\n\t\t\t\t<\/div>\n\t\t","protected":false},"excerpt":{"rendered":"<p><strong><span style=\"color: #999999;\">FECHA: <\/span>jueves, 18 junio, 2026<\/strong><\/p>\n<p><strong><span style=\"color: #999999;\">HORA:<\/span> 20:00H<\/strong><\/p>\n<p><strong><span style=\"color: #999999;\">LUGAR:<\/span> SALA BUT<\/strong><\/p>\n<p><em><strong>GASTOS DE GESTI\u00d3N YA INCLUIDOS<\/strong><\/em><\/p>\n","protected":false},"author":1,"featured_media":342780,"template":"","meta":{"_acf_changed":false},"product_brand":[],"product_cat":[29],"product_tag":[],"class_list":{"0":"post-338414","1":"product","2":"type-product","3":"status-publish","4":"has-post-thumbnail","6":"product_cat-sala-but","8":"first","9":"instock","10":"taxable","11":"shipping-taxable","12":"purchasable","13":"product-type-variable"},"acf":[],"aioseo_notices":[],"_links":{"self":[{"href":"https:\/\/ochoymedioclub.com\/en\/wp-json\/wp\/v2\/product\/338414","targetHints":{"allow":["GET"]}}],"collection":[{"href":"https:\/\/ochoymedioclub.com\/en\/wp-json\/wp\/v2\/product"}],"about":[{"href":"https:\/\/ochoymedioclub.com\/en\/wp-json\/wp\/v2\/types\/product"}],"author":[{"embeddable":true,"href":"https:\/\/ochoymedioclub.com\/en\/wp-json\/wp\/v2\/users\/1"}],"version-history":[{"count":9,"href":"https:\/\/ochoymedioclub.com\/en\/wp-json\/wp\/v2\/product\/338414\/revisions"}],"predecessor-version":[{"id":342786,"href":"https:\/\/ochoymedioclub.com\/en\/wp-json\/wp\/v2\/product\/338414\/revisions\/342786"}],"wp:featuredmedia":[{"embeddable":true,"href":"https:\/\/ochoymedioclub.com\/en\/wp-json\/wp\/v2\/media\/342780"}],"wp:attachment":[{"href":"https:\/\/ochoymedioclub.com\/en\/wp-json\/wp\/v2\/media?parent=338414"}],"wp:term":[{"taxonomy":"product_brand","embeddable":true,"href":"https:\/\/ochoymedioclub.com\/en\/wp-json\/wp\/v2\/product_brand?post=338414"},{"taxonomy":"product_cat","embeddable":true,"href":"https:\/\/ochoymedioclub.com\/en\/wp-json\/wp\/v2\/product_cat?post=338414"},{"taxonomy":"product_tag","embeddable":true,"href":"https:\/\/ochoymedioclub.com\/en\/wp-json\/wp\/v2\/product_tag?post=338414"}],"curies":[{"name":"wp","href":"https:\/\/api.w.org\/{rel}","templated":true}]}}