{"id":338080,"date":"2026-03-11T11:50:18","date_gmt":"2026-03-11T10:50:18","guid":{"rendered":"https:\/\/ochoymedioclub.com\/?post_type=product&#038;p=338080"},"modified":"2026-04-25T10:34:43","modified_gmt":"2026-04-25T08:34:43","slug":"la-casa-azul","status":"publish","type":"product","link":"https:\/\/ochoymedioclub.com\/en\/conciertos\/la-casa-azul\/","title":{"rendered":"LA CASA AZUL"},"content":{"rendered":"\t\t<div data-elementor-type=\"wp-post\" data-elementor-id=\"338080\" class=\"elementor elementor-338080\" data-elementor-post-type=\"product\">\n\t\t\t\t\t\t<section class=\"elementor-section elementor-top-section elementor-element elementor-element-4b2b1fdd elementor-section-full_width elementor-reverse-tablet elementor-reverse-mobile elementor-section-height-default elementor-section-height-default\" data-id=\"4b2b1fdd\" data-element_type=\"section\" data-e-type=\"section\">\n\t\t\t\t\t\t<div class=\"elementor-container elementor-column-gap-default\">\n\t\t\t\t\t<div class=\"elementor-column elementor-col-50 elementor-top-column elementor-element elementor-element-16b71fa9\" data-id=\"16b71fa9\" data-element_type=\"column\" data-e-type=\"column\">\n\t\t\t<div class=\"elementor-widget-wrap elementor-element-populated\">\n\t\t\t\t\t\t<div class=\"elementor-element elementor-element-5c0bed21 elementor-widget elementor-widget-heading\" data-id=\"5c0bed21\" data-element_type=\"widget\" data-e-type=\"widget\" data-widget_type=\"heading.default\">\n\t\t\t\t<div class=\"elementor-widget-container\">\n\t\t\t\t\t<h2 class=\"elementor-heading-title elementor-size-default\">INFO<\/h2>\t\t\t\t<\/div>\n\t\t\t\t<\/div>\n\t\t\t\t<div class=\"elementor-element elementor-element-23a02837 elementor-widget elementor-widget-text-editor\" data-id=\"23a02837\" data-element_type=\"widget\" data-e-type=\"widget\" data-widget_type=\"text-editor.default\">\n\t\t\t\t<div class=\"elementor-widget-container\">\n\t\t\t\t\t\t\t\t\t<div class=\"\">\n<p class=\"\"><span class=\"\">Concierto de&nbsp;<\/span><a class=\"\" href=\"https:\/\/open.spotify.com\/intl-es\/artist\/2Ynst7DZrEJnlaMM41ZCxd?si=ppR3cMkFRTiE7muq3LfTLQ\"><span class=\"\" style=\"color: #ff40ff;\">La Casa Azul<\/span><\/a><span class=\"\"><span class=\"\" style=\"color: #ff40ff;\">&nbsp;<\/span>el 5 de marzo de 2027 en&nbsp;<\/span><a class=\"\" href=\"https:\/\/share.google\/s4Zi2dtiNY3HEv6Cm\"><span class=\"\" style=\"color: #ff40ff;\">Movistar Arena<\/span><\/a><span class=\"\">&nbsp;dentro de la programaci\u00f3n de Ochoymedio Live. \u00a1Entradas aqu\u00ed!&nbsp;<\/span><\/p>\n<p class=\"\"><a class=\"\" href=\"https:\/\/open.spotify.com\/intl-es\/artist\/2Ynst7DZrEJnlaMM41ZCxd?si=ppR3cMkFRTiE7muq3LfTLQ\"><span class=\"\" style=\"color: #ff40ff;\">La Casa Azul<\/span><\/a><span class=\"\"><span class=\"\" style=\"color: #ff40ff;\">&nbsp;<\/span>presentar\u00e1 su nuevo disco \u201cFauna y Flora Subacu\u00e1tica\u201d<\/span><\/p>\n<div class=\"\"><span class=\"\">La Casa Azul tiene uno de los mejores directos de nuestro pa\u00eds y una puesta en escena \u00fanica. As\u00ed lo demuestran sus actuaciones como cabeza de cartel en los principales festivales. Sus conciertos siempre transportan al publico a un mundo de color y fantas\u00eda; son una experiencia visual que va m\u00e1s all\u00e1 del concepto t\u00edpico de concierto. Su puesta en escena est\u00e1 repleta de imaginaci\u00f3n y fantas\u00eda: es todo un espect\u00e1culo de luz y color. Pocas cosas pueden hacer latir con tanta felicidad a un coraz\u00f3n pop como las canciones de La Casa Azul.<\/span><\/div>\n<div class=\"\"><span class=\"\">&nbsp;<\/span><\/div>\n<div class=\"\"><span class=\"\">M\u00e1s de diez mil personas fueron protagonistas en sus dos conciertos especiales para celebrar el 25 aniversario de la banda disfrutando de sus mayores hits como&nbsp;<\/span><a class=\"\" href=\"https:\/\/open.spotify.com\/intl-es\/track\/467JNZWcg0rpOFoDrVeyfV?si=4390675f846e4444\"><span class=\"\" style=\"color: #ff40ff;\">La revoluci\u00f3n sexual<\/span><\/a><span class=\"\">,&nbsp;<\/span><a class=\"\" href=\"https:\/\/open.spotify.com\/intl-es\/track\/5q550iHf4K3oXl88QAzrVa?si=5d7aba5b611242e4\"><span class=\"\" style=\"color: #ff40ff;\">Podr\u00eda ser peor<\/span><\/a><span class=\"\">&nbsp;o&nbsp;<\/span><a class=\"\" href=\"https:\/\/open.spotify.com\/intl-es\/track\/1FDgKfqdifQPZQH8lTqZe4?si=6db331c5130840be\"><span class=\"\" style=\"color: #ff40ff;\">El Momento<\/span><\/a><span class=\"\">. Desbordaron el Wizink Center de Madrid el pasado 11 de octubre de 2024 y el Sant Jordi Club de Barcelona el 9 de noviembre del mismo a\u00f1o, una fecha con las entradas agotadas meses antes. Fue una verdadera celebraci\u00f3n de la trayectoria del grupo y, al mismo tiempo, un grito colectivo de desahogo y felicidad.<\/span><\/div>\n<\/div>\n<div class=\"\"><span class=\"\">&nbsp;<\/span><\/div>\n<div class=\"\"><span class=\"\">Para consultar toda la programaci\u00f3n de Ochoymedio Live,&nbsp;<\/span><a class=\"\" href=\"https:\/\/ochoymedioclub.com\/conciertos\/\"><span class=\"\"><span class=\"\" style=\"color: #ff40ff;\">haz click aqu\u00ed<\/span><\/span><\/a><span class=\"\">.<\/span><\/div>\t\t\t\t\t\t\t\t<\/div>\n\t\t\t\t<\/div>\n\t\t\t\t\t<\/div>\n\t\t<\/div>\n\t\t\t\t<div class=\"elementor-column elementor-col-50 elementor-top-column elementor-element elementor-element-6ab3e9d1\" data-id=\"6ab3e9d1\" data-element_type=\"column\" data-e-type=\"column\">\n\t\t\t<div class=\"elementor-widget-wrap elementor-element-populated\">\n\t\t\t\t\t\t<div class=\"elementor-element elementor-element-5169cbff elementor-widget elementor-widget-image\" data-id=\"5169cbff\" data-element_type=\"widget\" data-e-type=\"widget\" data-widget_type=\"image.default\">\n\t\t\t\t<div class=\"elementor-widget-container\">\n\t\t\t\t\t\t\t\t\t\t\t\t\t\t\t<img fetchpriority=\"high\" decoding=\"async\" width=\"751\" height=\"500\" src=\"https:\/\/ochoymedioclub.com\/wp-content\/uploads\/2026\/02\/LCA-Gabriel-Guerra-Bianchini-05.png\" class=\"attachment-large size-large wp-image-338613\" alt=\"\" srcset=\"https:\/\/ochoymedioclub.com\/wp-content\/uploads\/2026\/02\/LCA-Gabriel-Guerra-Bianchini-05.png 800w, https:\/\/ochoymedioclub.com\/wp-content\/uploads\/2026\/02\/LCA-Gabriel-Guerra-Bianchini-05-300x200.png 300w, https:\/\/ochoymedioclub.com\/wp-content\/uploads\/2026\/02\/LCA-Gabriel-Guerra-Bianchini-05-768x512.png 768w\" sizes=\"(max-width: 751px) 100vw, 751px\" \/>\t\t\t\t\t\t\t\t\t\t\t\t\t\t\t<\/div>\n\t\t\t\t<\/div>\n\t\t\t\t\t<\/div>\n\t\t<\/div>\n\t\t\t\t\t<\/div>\n\t\t<\/section>\n\t\t\t\t<section class=\"elementor-section elementor-top-section elementor-element elementor-element-a5093b0 elementor-section-full_width elementor-reverse-tablet elementor-reverse-mobile elementor-section-height-default elementor-section-height-default\" data-id=\"a5093b0\" data-element_type=\"section\" data-e-type=\"section\">\n\t\t\t\t\t\t<div class=\"elementor-container elementor-column-gap-default\">\n\t\t\t\t\t<div class=\"elementor-column elementor-col-100 elementor-top-column elementor-element elementor-element-a1da157\" data-id=\"a1da157\" data-element_type=\"column\" data-e-type=\"column\">\n\t\t\t<div class=\"elementor-widget-wrap elementor-element-populated\">\n\t\t\t\t\t\t<div class=\"elementor-element elementor-element-e8067f2 elementor-widget elementor-widget-heading\" data-id=\"e8067f2\" data-element_type=\"widget\" data-e-type=\"widget\" data-widget_type=\"heading.default\">\n\t\t\t\t<div class=\"elementor-widget-container\">\n\t\t\t\t\t<h2 class=\"elementor-heading-title elementor-size-default\">PLANO RECINTO<\/h2>\t\t\t\t<\/div>\n\t\t\t\t<\/div>\n\t\t\t\t<div class=\"elementor-element elementor-element-df7a2d7 elementor-widget elementor-widget-image\" data-id=\"df7a2d7\" data-element_type=\"widget\" data-e-type=\"widget\" data-widget_type=\"image.default\">\n\t\t\t\t<div class=\"elementor-widget-container\">\n\t\t\t\t\t\t\t\t\t\t\t\t\t\t\t\t<a href=\"https:\/\/ochoymedioclub.com\/wp-content\/uploads\/2023\/08\/gradas-wizink.png\" data-elementor-open-lightbox=\"yes\" data-elementor-lightbox-title=\"gradas-wizink\" data-e-action-hash=\"#elementor-action%3Aaction%3Dlightbox%26settings%3DeyJpZCI6MjUyMTQyLCJ1cmwiOiJodHRwczpcL1wvb2Nob3ltZWRpb2NsdWIuY29tXC93cC1jb250ZW50XC91cGxvYWRzXC8yMDIzXC8wOFwvZ3JhZGFzLXdpemluay5wbmcifQ%3D%3D\">\n\t\t\t\t\t\t\t<img decoding=\"async\" width=\"621\" height=\"582\" src=\"https:\/\/ochoymedioclub.com\/wp-content\/uploads\/2023\/08\/gradas-wizink.png\" class=\"attachment-large size-large wp-image-252142\" alt=\"\" srcset=\"https:\/\/ochoymedioclub.com\/wp-content\/uploads\/2023\/08\/gradas-wizink.png 621w, https:\/\/ochoymedioclub.com\/wp-content\/uploads\/2023\/08\/gradas-wizink-300x281.png 300w\" sizes=\"(max-width: 621px) 100vw, 621px\" \/>\t\t\t\t\t\t\t\t<\/a>\n\t\t\t\t\t\t\t\t\t\t\t\t\t\t\t<\/div>\n\t\t\t\t<\/div>\n\t\t\t\t\t<\/div>\n\t\t<\/div>\n\t\t\t\t\t<\/div>\n\t\t<\/section>\n\t\t\t\t<section class=\"elementor-section elementor-top-section elementor-element elementor-element-338e01de elementor-section-full_width elementor-section-height-default elementor-section-height-default\" data-id=\"338e01de\" data-element_type=\"section\" data-e-type=\"section\">\n\t\t\t\t\t\t<div class=\"elementor-container elementor-column-gap-default\">\n\t\t\t\t\t<div class=\"elementor-column elementor-col-100 elementor-top-column elementor-element elementor-element-50d43994\" data-id=\"50d43994\" data-element_type=\"column\" data-e-type=\"column\">\n\t\t\t<div class=\"elementor-widget-wrap elementor-element-populated\">\n\t\t\t\t\t\t<div class=\"elementor-element elementor-element-67cfbe20 elementor-widget elementor-widget-heading\" data-id=\"67cfbe20\" data-element_type=\"widget\" data-e-type=\"widget\" data-widget_type=\"heading.default\">\n\t\t\t\t<div class=\"elementor-widget-container\">\n\t\t\t\t\t<h2 class=\"elementor-heading-title elementor-size-default\">VIDEOS<\/h2>\t\t\t\t<\/div>\n\t\t\t\t<\/div>\n\t\t\t\t<section class=\"elementor-section elementor-inner-section elementor-element elementor-element-237468ca elementor-section-boxed elementor-section-height-default elementor-section-height-default\" data-id=\"237468ca\" data-element_type=\"section\" data-e-type=\"section\">\n\t\t\t\t\t\t<div class=\"elementor-container elementor-column-gap-default\">\n\t\t\t\t\t<div class=\"elementor-column elementor-col-50 elementor-inner-column elementor-element elementor-element-62bb7385\" data-id=\"62bb7385\" data-element_type=\"column\" data-e-type=\"column\">\n\t\t\t<div class=\"elementor-widget-wrap elementor-element-populated\">\n\t\t\t\t\t\t<div class=\"elementor-element elementor-element-355ba18d elementor-widget elementor-widget-video\" data-id=\"355ba18d\" data-element_type=\"widget\" data-e-type=\"widget\" data-settings=\"{&quot;youtube_url&quot;:&quot;https:\\\/\\\/www.youtube.com\\\/watch?v=XXzZ_Lz0XKg&quot;,&quot;video_type&quot;:&quot;youtube&quot;,&quot;controls&quot;:&quot;yes&quot;}\" data-widget_type=\"video.default\">\n\t\t\t\t<div class=\"elementor-widget-container\">\n\t\t\t\t\t\t\t<div class=\"elementor-wrapper elementor-open-inline\">\n\t\t\t<div class=\"elementor-video\"><\/div>\t\t<\/div>\n\t\t\t\t\t\t<\/div>\n\t\t\t\t<\/div>\n\t\t\t\t\t<\/div>\n\t\t<\/div>\n\t\t\t\t<div class=\"elementor-column elementor-col-50 elementor-inner-column elementor-element elementor-element-4dab5eb5\" data-id=\"4dab5eb5\" data-element_type=\"column\" data-e-type=\"column\">\n\t\t\t<div class=\"elementor-widget-wrap elementor-element-populated\">\n\t\t\t\t\t\t<div class=\"elementor-element elementor-element-29ef4296 elementor-widget elementor-widget-video\" data-id=\"29ef4296\" data-element_type=\"widget\" data-e-type=\"widget\" data-settings=\"{&quot;youtube_url&quot;:&quot;https:\\\/\\\/www.youtube.com\\\/watch?v=juNxwa6H3lI&quot;,&quot;video_type&quot;:&quot;youtube&quot;,&quot;controls&quot;:&quot;yes&quot;}\" data-widget_type=\"video.default\">\n\t\t\t\t<div class=\"elementor-widget-container\">\n\t\t\t\t\t\t\t<div class=\"elementor-wrapper elementor-open-inline\">\n\t\t\t<div class=\"elementor-video\"><\/div>\t\t<\/div>\n\t\t\t\t\t\t<\/div>\n\t\t\t\t<\/div>\n\t\t\t\t\t<\/div>\n\t\t<\/div>\n\t\t\t\t\t<\/div>\n\t\t<\/section>\n\t\t\t\t\t<\/div>\n\t\t<\/div>\n\t\t\t\t\t<\/div>\n\t\t<\/section>\n\t\t\t\t<section class=\"elementor-section elementor-top-section elementor-element elementor-element-468af3db elementor-section-boxed elementor-section-height-default elementor-section-height-default\" data-id=\"468af3db\" data-element_type=\"section\" data-e-type=\"section\">\n\t\t\t\t\t\t<div class=\"elementor-container elementor-column-gap-default\">\n\t\t\t\t\t<div class=\"elementor-column elementor-col-100 elementor-top-column elementor-element elementor-element-55237f5d\" data-id=\"55237f5d\" data-element_type=\"column\" data-e-type=\"column\">\n\t\t\t<div class=\"elementor-widget-wrap elementor-element-populated\">\n\t\t\t\t\t\t<div class=\"elementor-element elementor-element-726333d0 elementor-alert-info elementor-widget elementor-widget-alert\" data-id=\"726333d0\" data-element_type=\"widget\" data-e-type=\"widget\" data-widget_type=\"alert.default\">\n\t\t\t\t<div class=\"elementor-widget-container\">\n\t\t\t\t\t\t\t<div class=\"elementor-alert\" role=\"alert\">\n\n\t\t\t\t\t\t<span class=\"elementor-alert-title\">POL\u00cdTICA DE MENORES<\/span>\n\t\t\t\n\t\t\t\t\t\t<span class=\"elementor-alert-description\"><a href=\"https:\/\/ochoymedioclub.com\/menores\/\">Haz click aqu\u00ed<\/a>\nAtendiendo a su catalogaci\u00f3n y en aplicaci\u00f3n de la Ley de Espect\u00e1culos P\u00fablicos en la Comunidad de Madrid, este recinto establece la restricci\u00f3n de que los menores de 14 a\u00f1os s\u00f3lo puedan entrar si van acompa\u00f1ados de un adulto, sin perjuicio de que cualquier promotor decida para sus eventos otros criterios m\u00e1s restrictivos y que se responsabilice de su aplicaci\u00f3n. Para ello se deber\u00e1 comunicar a Impulsa.\n\nLas informaciones referidas al acceso, venta de entradas, o como en las propias entradas de los eventos a celebrarse en el WiZink Center, deben incorporar la siguiente advertencia:\n\n \n\n\u201cLos menores de 14 a\u00f1os solo podr\u00e1n acceder acompa\u00f1ados de un adulto\u201d\n\n(*) Este criterio tendr\u00e1 excepciones atendiendo a la tipolog\u00eda del evento cuando:\n\nLas actividades a desarrollarse o el espect\u00e1culo sea violento o con otros contenidos que atenten al correcto desarrollo de la personalidad del menor.\nSe trate de combates de boxeo u otro tipo de lucha.\nSe decida atendiendo a criterios de protecci\u00f3n del menor.<\/span>\n\t\t\t\n\t\t\t\t\t\t<button type=\"button\" class=\"elementor-alert-dismiss\" aria-label=\"Descartar esta alerta.\">\n\t\t\t\t<i aria-hidden=\"true\" class=\"fas fa-times-circle\"><\/i>\t\t\t<\/button>\n\t\t\t\n\t\t<\/div>\n\t\t\t\t\t\t<\/div>\n\t\t\t\t<\/div>\n\t\t\t\t<div class=\"elementor-element elementor-element-4964d4fd elementor-widget elementor-widget-image\" data-id=\"4964d4fd\" data-element_type=\"widget\" data-e-type=\"widget\" data-widget_type=\"image.default\">\n\t\t\t\t<div class=\"elementor-widget-container\">\n\t\t\t\t\t\t\t\t\t\t\t\t\t\t\t\t<a href=\"https:\/\/goo.gl\/maps\/PRDfEAaXaPJkWqHR7?_ga=2.63512367.1455475853.1663239384-1166735557.1659548828\">\n\t\t\t\t\t\t\t<img decoding=\"async\" width=\"1920\" height=\"1005\" src=\"https:\/\/ochoymedioclub.com\/wp-content\/uploads\/2022\/06\/wizink.jpg\" class=\"attachment-full size-full wp-image-88713\" alt=\"\" srcset=\"https:\/\/ochoymedioclub.com\/wp-content\/uploads\/2022\/06\/wizink.jpg 1920w, https:\/\/ochoymedioclub.com\/wp-content\/uploads\/2022\/06\/wizink-300x157.jpg 300w, https:\/\/ochoymedioclub.com\/wp-content\/uploads\/2022\/06\/wizink-1024x536.jpg 1024w, https:\/\/ochoymedioclub.com\/wp-content\/uploads\/2022\/06\/wizink-768x402.jpg 768w, https:\/\/ochoymedioclub.com\/wp-content\/uploads\/2022\/06\/wizink-1536x804.jpg 1536w, https:\/\/ochoymedioclub.com\/wp-content\/uploads\/2022\/06\/wizink-1200x628.jpg 1200w, https:\/\/ochoymedioclub.com\/wp-content\/uploads\/2022\/06\/wizink-120x63.jpg 120w, https:\/\/ochoymedioclub.com\/wp-content\/uploads\/2022\/06\/wizink-81x42.jpg 81w, https:\/\/ochoymedioclub.com\/wp-content\/uploads\/2022\/06\/wizink-302x158.jpg 302w\" sizes=\"(max-width: 1920px) 100vw, 1920px\" \/>\t\t\t\t\t\t\t\t<\/a>\n\t\t\t\t\t\t\t\t\t\t\t\t\t\t\t<\/div>\n\t\t\t\t<\/div>\n\t\t\t\t\t<\/div>\n\t\t<\/div>\n\t\t\t\t\t<\/div>\n\t\t<\/section>\n\t\t\t\t<\/div>\n\t\t","protected":false},"excerpt":{"rendered":"<p><strong><span style=\"color: #999999;\">FECHA:<\/span> viernes, 5 marzo, 2027<\/strong><\/p>\n<p><strong><span style=\"color: #999999;\">HORA:<\/span> PUERTAS 18:30H \/ CONCIERTO 20:00H<\/strong><\/p>\n<p><strong><span style=\"color: #999999;\">LUGAR:<\/span> MOVISTAR ARENA<\/strong><\/p>\n<p><em><strong>GASTOS DE GESTI\u00d3N YA INCLUIDOS<\/strong><\/em><\/p>\n","protected":false},"author":1,"featured_media":338601,"template":"","meta":{"_acf_changed":false},"product_brand":[],"product_cat":[59],"product_tag":[],"class_list":{"0":"post-338080","1":"product","2":"type-product","3":"status-publish","4":"has-post-thumbnail","6":"product_cat-movistar-arena","8":"first","9":"instock","10":"taxable","11":"shipping-taxable","12":"purchasable","13":"product-type-variable","14":"has-default-attributes"},"acf":[],"aioseo_notices":[],"_links":{"self":[{"href":"https:\/\/ochoymedioclub.com\/en\/wp-json\/wp\/v2\/product\/338080","targetHints":{"allow":["GET"]}}],"collection":[{"href":"https:\/\/ochoymedioclub.com\/en\/wp-json\/wp\/v2\/product"}],"about":[{"href":"https:\/\/ochoymedioclub.com\/en\/wp-json\/wp\/v2\/types\/product"}],"author":[{"embeddable":true,"href":"https:\/\/ochoymedioclub.com\/en\/wp-json\/wp\/v2\/users\/1"}],"version-history":[{"count":18,"href":"https:\/\/ochoymedioclub.com\/en\/wp-json\/wp\/v2\/product\/338080\/revisions"}],"predecessor-version":[{"id":339257,"href":"https:\/\/ochoymedioclub.com\/en\/wp-json\/wp\/v2\/product\/338080\/revisions\/339257"}],"wp:featuredmedia":[{"embeddable":true,"href":"https:\/\/ochoymedioclub.com\/en\/wp-json\/wp\/v2\/media\/338601"}],"wp:attachment":[{"href":"https:\/\/ochoymedioclub.com\/en\/wp-json\/wp\/v2\/media?parent=338080"}],"wp:term":[{"taxonomy":"product_brand","embeddable":true,"href":"https:\/\/ochoymedioclub.com\/en\/wp-json\/wp\/v2\/product_brand?post=338080"},{"taxonomy":"product_cat","embeddable":true,"href":"https:\/\/ochoymedioclub.com\/en\/wp-json\/wp\/v2\/product_cat?post=338080"},{"taxonomy":"product_tag","embeddable":true,"href":"https:\/\/ochoymedioclub.com\/en\/wp-json\/wp\/v2\/product_tag?post=338080"}],"curies":[{"name":"wp","href":"https:\/\/api.w.org\/{rel}","templated":true}]}}