{"id":337860,"date":"2026-03-03T12:55:20","date_gmt":"2026-03-03T11:55:20","guid":{"rendered":"https:\/\/ochoymedioclub.com\/?post_type=product&#038;p=337860"},"modified":"2026-04-12T10:50:41","modified_gmt":"2026-04-12T08:50:41","slug":"sistema-de-entretenimiento","status":"publish","type":"product","link":"https:\/\/ochoymedioclub.com\/en\/conciertos\/sistema-de-entretenimiento\/","title":{"rendered":"SISTEMA DE ENTRETENIMIENTO"},"content":{"rendered":"\t\t<div data-elementor-type=\"product-post\" data-elementor-id=\"337860\" class=\"elementor elementor-337860\" data-elementor-post-type=\"product\">\n\t\t\t\t\t\t<section class=\"elementor-section elementor-top-section elementor-element elementor-element-491b6b08 elementor-section-full_width elementor-section-height-default elementor-section-height-default\" data-id=\"491b6b08\" data-element_type=\"section\" data-e-type=\"section\">\n\t\t\t\t\t\t<div class=\"elementor-container elementor-column-gap-default\">\n\t\t\t\t\t<div class=\"elementor-column elementor-col-50 elementor-top-column elementor-element elementor-element-1279d204\" data-id=\"1279d204\" data-element_type=\"column\" data-e-type=\"column\">\n\t\t\t<div class=\"elementor-widget-wrap elementor-element-populated\">\n\t\t\t\t\t\t<div class=\"elementor-element elementor-element-6fa7d491 elementor-widget elementor-widget-heading\" data-id=\"6fa7d491\" data-element_type=\"widget\" data-e-type=\"widget\" data-widget_type=\"heading.default\">\n\t\t\t\t<div class=\"elementor-widget-container\">\n\t\t\t\t\t<h2 class=\"elementor-heading-title elementor-size-default\">INFO<\/h2>\t\t\t\t<\/div>\n\t\t\t\t<\/div>\n\t\t\t\t<div class=\"elementor-element elementor-element-45dac6ad elementor-widget elementor-widget-text-editor\" data-id=\"45dac6ad\" data-element_type=\"widget\" data-e-type=\"widget\" data-widget_type=\"text-editor.default\">\n\t\t\t\t<div class=\"elementor-widget-container\">\n\t\t\t\t\t\t\t\t\t<p><span style=\"color: #000000;\">Concierto de<\/span>\u00a0<span class=\"\"><span class=\"\" style=\"color: var(--body-color);\">\u00a0<\/span><a class=\"\" href=\"https:\/\/open.spotify.com\/intl-es\/artist\/4Fps5rcLi7YIfOcmTKHpHv?si=Ti54GHr_TmOgeLlRgLi9xA\"><span class=\"\" style=\"color: #ff40ff;\">Sistema de Entretenimiento<\/span><\/a>\u00a0el 10 de abril<\/span><span style=\"color: #000000;\">\u00a0en la<\/span><a href=\"https:\/\/maps.app.goo.gl\/KQGE3qvgRAdawZr5A\"><span style=\"color: #000000;\">\u00a0<\/span>Sala UNI<\/a><span style=\"color: #000000;\">\u00a0dentro de la programaci\u00f3n de Ochoymedio. Entradas aqu\u00ed.<\/span><\/p><div style=\"line-height: 1.2; text-align: justify; background-color: #ffffff; margin-top: 0pt; margin-bottom: 0pt;\"><span style=\"font-size: 13.5pt; font-family: Arial, sans-serif; font-variant-ligatures: normal; font-variant-alternates: normal; font-variant-numeric: normal; font-variant-east-asian: normal; font-variant-position: normal; vertical-align: baseline; white-space: pre-wrap;\">Sistema de entretenimiento es un grupo de arcade punk que mezcla sonidos de\u00a0<\/span><span style=\"font-size: 13.5pt; font-family: Arial, sans-serif; font-weight: bold; font-variant-ligatures: normal; font-variant-alternates: normal; font-variant-numeric: normal; font-variant-east-asian: normal; font-variant-position: normal; vertical-align: baseline; white-space: pre-wrap;\">sintetizador\u00a0<\/span><span style=\"font-size: 13.5pt; font-family: Arial, sans-serif; font-variant-ligatures: normal; font-variant-alternates: normal; font-variant-numeric: normal; font-variant-east-asian: normal; font-variant-position: normal; vertical-align: baseline; white-space: pre-wrap;\">y\u00a0<\/span><span style=\"font-size: 13.5pt; font-family: Arial, sans-serif; font-weight: bold; font-variant-ligatures: normal; font-variant-alternates: normal; font-variant-numeric: normal; font-variant-east-asian: normal; font-variant-position: normal; vertical-align: baseline; white-space: pre-wrap;\">bases electr\u00f3nicas con riff de guitarra<\/span><span style=\"font-size: 13.5pt; font-family: Arial, sans-serif; font-variant-ligatures: normal; font-variant-alternates: normal; font-variant-numeric: normal; font-variant-east-asian: normal; font-variant-position: normal; vertical-align: baseline; white-space: pre-wrap;\">\u00a0acelerados.\u00a0Su f\u00f3rmula es simple, sonidos de guitarra sin distorsi\u00f3n, voces ani\u00f1adas, y sintetizadores pegadizos.<\/span><\/div><div style=\"line-height: 1.2; text-align: justify; background-color: #ffffff; margin-top: 0pt; margin-bottom: 0pt;\"><span style=\"font-size: 13.5pt; font-family: Arial, sans-serif; font-variant-ligatures: normal; font-variant-alternates: normal; font-variant-numeric: normal; font-variant-east-asian: normal; font-variant-position: normal; vertical-align: baseline; white-space: pre-wrap;\">Sonido\u00a0\u00a0<\/span><span style=\"font-size: 13.5pt; font-family: Arial, sans-serif; font-weight: bold; font-variant-ligatures: normal; font-variant-alternates: normal; font-variant-numeric: normal; font-variant-east-asian: normal; font-variant-position: normal; vertical-align: baseline; white-space: pre-wrap;\">punk<\/span><span style=\"font-size: 13.5pt; font-family: Arial, sans-serif; font-variant-ligatures: normal; font-variant-alternates: normal; font-variant-numeric: normal; font-variant-east-asian: normal; font-variant-position: normal; vertical-align: baseline; white-space: pre-wrap;\">, mala leche y\u00a0<\/span><span style=\"font-size: 13.5pt; font-family: Arial, sans-serif; font-weight: bold; font-variant-ligatures: normal; font-variant-alternates: normal; font-variant-numeric: normal; font-variant-east-asian: normal; font-variant-position: normal; vertical-align: baseline; white-space: pre-wrap;\">anime de los 80<\/span><span style=\"font-size: 13.5pt; font-family: Arial, sans-serif; font-variant-ligatures: normal; font-variant-alternates: normal; font-variant-numeric: normal; font-variant-east-asian: normal; font-variant-position: normal; vertical-align: baseline; white-space: pre-wrap;\">\u00a0son los elementos que meten en la batidora para crear su denominado \u201carcade punk\u201d.<\/span><\/div><div style=\"line-height: 1.2; text-align: justify; background-color: #ffffff; margin-top: 0pt; margin-bottom: 0pt; padding: 0pt 0pt 14pt;\"><span style=\"font-size: 13.5pt; font-family: Arial, sans-serif; font-variant-ligatures: normal; font-variant-alternates: normal; font-variant-numeric: normal; font-variant-east-asian: normal; font-variant-position: normal; vertical-align: baseline; white-space: pre-wrap;\">Sus componentes forman parte de la familia Fast Food Records de donde nacen grupos como <\/span><span style=\"font-size: 13.5pt; font-family: Arial, sans-serif; font-weight: bold; font-variant-ligatures: normal; font-variant-alternates: normal; font-variant-numeric: normal; font-variant-east-asian: normal; font-variant-position: normal; vertical-align: baseline; white-space: pre-wrap;\">Sin Bragas<\/span><span style=\"font-size: 13.5pt; font-family: Arial, sans-serif; font-variant-ligatures: normal; font-variant-alternates: normal; font-variant-numeric: normal; font-variant-east-asian: normal; font-variant-position: normal; vertical-align: baseline; white-space: pre-wrap;\">,\u00a0<\/span><span style=\"font-size: 13.5pt; font-family: Arial, sans-serif; font-weight: bold; font-variant-ligatures: normal; font-variant-alternates: normal; font-variant-numeric: normal; font-variant-east-asian: normal; font-variant-position: normal; vertical-align: baseline; white-space: pre-wrap;\">Leonor SS<\/span><span style=\"font-size: 13.5pt; font-family: Arial, sans-serif; font-variant-ligatures: normal; font-variant-alternates: normal; font-variant-numeric: normal; font-variant-east-asian: normal; font-variant-position: normal; vertical-align: baseline; white-space: pre-wrap;\">,\u00a0<\/span><span style=\"font-size: 13.5pt; font-family: Arial, sans-serif; font-weight: bold; font-variant-ligatures: normal; font-variant-alternates: normal; font-variant-numeric: normal; font-variant-east-asian: normal; font-variant-position: normal; vertical-align: baseline; white-space: pre-wrap;\">Mazmorra<\/span><span style=\"font-size: 13.5pt; font-family: Arial, sans-serif; font-variant-ligatures: normal; font-variant-alternates: normal; font-variant-numeric: normal; font-variant-east-asian: normal; font-variant-position: normal; vertical-align: baseline; white-space: pre-wrap;\">\u00a0(que ser\u00e1n el grupo invitado) y mil marcianadas m\u00e1s.<\/span><\/div><div style=\"line-height: 1.2; text-align: justify; background-color: #ffffff; margin-top: 0pt; margin-bottom: 0pt; padding: 0pt 0pt 14pt;\"><span style=\"font-size: 13.5pt; font-family: Arial, sans-serif; font-variant-ligatures: normal; font-variant-alternates: normal; font-variant-numeric: normal; font-variant-east-asian: normal; font-variant-position: normal; vertical-align: baseline; white-space: pre-wrap;\">Sus actuaciones pueden darse desde los lugares m\u00e1s autogestionados hasta grandes festivales como el <\/span><span style=\"font-size: 13.5pt; font-family: Arial, sans-serif; font-weight: bold; font-variant-ligatures: normal; font-variant-alternates: normal; font-variant-numeric: normal; font-variant-east-asian: normal; font-variant-position: normal; vertical-align: baseline; white-space: pre-wrap;\">Primavera Sound<\/span><span style=\"font-size: 13.5pt; font-family: Arial, sans-serif; font-variant-ligatures: normal; font-variant-alternates: normal; font-variant-numeric: normal; font-variant-east-asian: normal; font-variant-position: normal; vertical-align: baseline; white-space: pre-wrap;\"> o en el <\/span><span style=\"font-size: 13.5pt; font-family: Arial, sans-serif; font-weight: bold; font-variant-ligatures: normal; font-variant-alternates: normal; font-variant-numeric: normal; font-variant-east-asian: normal; font-variant-position: normal; vertical-align: baseline; white-space: pre-wrap;\">BIME<\/span><span style=\"font-size: 13.5pt; font-family: Arial, sans-serif; font-variant-ligatures: normal; font-variant-alternates: normal; font-variant-numeric: normal; font-variant-east-asian: normal; font-variant-position: normal; vertical-align: baseline; white-space: pre-wrap;\">. En 2024 fueron por primera vez a Colombia y este a\u00f1o 2025 han ido a M\u00e9xico, haciendo 5 SOLD OUT en Tijuana, Canc\u00fan y Ciudad de M\u00e9xico, donde volver\u00e1n en una pr\u00f3xima gira a final de a\u00f1o. Este 2025 les depara tambi\u00e9n gira en Estados Unidos y Europa. Sin duda, es una banda que seguir\u00e1 dando mucho que hablar.<\/span><\/div><div style=\"line-height: 1.2; text-align: justify; background-color: #ffffff; margin-top: 0pt; margin-bottom: 0pt; padding: 0pt 0pt 14pt;\"><span style=\"font-size: 13.5pt; font-family: Arial, sans-serif; font-variant-ligatures: normal; font-variant-alternates: normal; font-variant-numeric: normal; font-variant-east-asian: normal; font-variant-position: normal; vertical-align: baseline; white-space: pre-wrap;\">En este concierto presentar\u00e1n su \u00faltimo trabajo \u201c<a href=\"https:\/\/open.spotify.com\/intl-es\/album\/03KIYwoDkLH2s5yGLVSYyj?si=E6kgnzOQRi66RyR_9QUvvw\"><span style=\"color: #ff40ff;\">300 noches sin dormir<\/span><\/a>&#8220;<\/span><\/div><p><span style=\"font-weight: 400; color: #000000;\">Para consultar toda la programaci\u00f3n de Ochoymedio,<\/span><a href=\"https:\/\/ochoymedioclub.com\/conciertos\/\"><span style=\"font-weight: 400;\"> haz click aqu\u00ed<\/span><\/a><\/p>\t\t\t\t\t\t\t\t<\/div>\n\t\t\t\t<\/div>\n\t\t\t\t\t<\/div>\n\t\t<\/div>\n\t\t\t\t<div class=\"elementor-column elementor-col-50 elementor-top-column elementor-element elementor-element-68300ad\" data-id=\"68300ad\" data-element_type=\"column\" data-e-type=\"column\">\n\t\t\t<div class=\"elementor-widget-wrap elementor-element-populated\">\n\t\t\t\t\t\t<div class=\"elementor-element elementor-element-1ebd5b77 elementor-widget elementor-widget-image\" data-id=\"1ebd5b77\" data-element_type=\"widget\" data-e-type=\"widget\" data-widget_type=\"image.default\">\n\t\t\t\t<div class=\"elementor-widget-container\">\n\t\t\t\t\t\t\t\t\t\t\t\t\t\t\t<img fetchpriority=\"high\" decoding=\"async\" width=\"751\" height=\"751\" src=\"https:\/\/ochoymedioclub.com\/wp-content\/uploads\/2026\/02\/sistema-by-enekocaos.png\" class=\"attachment-large size-large wp-image-337862\" alt=\"\" srcset=\"https:\/\/ochoymedioclub.com\/wp-content\/uploads\/2026\/02\/sistema-by-enekocaos.png 800w, https:\/\/ochoymedioclub.com\/wp-content\/uploads\/2026\/02\/sistema-by-enekocaos-300x300.png 300w, https:\/\/ochoymedioclub.com\/wp-content\/uploads\/2026\/02\/sistema-by-enekocaos-150x150.png 150w, https:\/\/ochoymedioclub.com\/wp-content\/uploads\/2026\/02\/sistema-by-enekocaos-768x768.png 768w, https:\/\/ochoymedioclub.com\/wp-content\/uploads\/2026\/02\/sistema-by-enekocaos-100x100.png 100w\" sizes=\"(max-width: 751px) 100vw, 751px\" \/>\t\t\t\t\t\t\t\t\t\t\t\t\t\t\t<\/div>\n\t\t\t\t<\/div>\n\t\t\t\t\t<\/div>\n\t\t<\/div>\n\t\t\t\t\t<\/div>\n\t\t<\/section>\n\t\t\t\t<section class=\"elementor-section elementor-top-section elementor-element elementor-element-62303a90 elementor-section-full_width elementor-section-height-default elementor-section-height-default\" data-id=\"62303a90\" data-element_type=\"section\" data-e-type=\"section\">\n\t\t\t\t\t\t<div class=\"elementor-container elementor-column-gap-default\">\n\t\t\t\t\t<div class=\"elementor-column elementor-col-100 elementor-top-column elementor-element elementor-element-2f1fddc3\" data-id=\"2f1fddc3\" data-element_type=\"column\" data-e-type=\"column\">\n\t\t\t<div class=\"elementor-widget-wrap elementor-element-populated\">\n\t\t\t\t\t\t<div class=\"elementor-element elementor-element-22600f9f elementor-widget elementor-widget-heading\" data-id=\"22600f9f\" data-element_type=\"widget\" data-e-type=\"widget\" data-widget_type=\"heading.default\">\n\t\t\t\t<div class=\"elementor-widget-container\">\n\t\t\t\t\t<h2 class=\"elementor-heading-title elementor-size-default\">VIDEOS<\/h2>\t\t\t\t<\/div>\n\t\t\t\t<\/div>\n\t\t\t\t<section class=\"elementor-section elementor-inner-section elementor-element elementor-element-e26954f elementor-section-boxed elementor-section-height-default elementor-section-height-default\" data-id=\"e26954f\" data-element_type=\"section\" data-e-type=\"section\">\n\t\t\t\t\t\t<div class=\"elementor-container elementor-column-gap-default\">\n\t\t\t\t\t<div class=\"elementor-column elementor-col-50 elementor-inner-column elementor-element elementor-element-384e95a8\" data-id=\"384e95a8\" data-element_type=\"column\" data-e-type=\"column\">\n\t\t\t<div class=\"elementor-widget-wrap elementor-element-populated\">\n\t\t\t\t\t\t<div class=\"elementor-element elementor-element-4196911 elementor-widget elementor-widget-video\" data-id=\"4196911\" data-element_type=\"widget\" data-e-type=\"widget\" data-settings=\"{&quot;youtube_url&quot;:&quot;https:\\\/\\\/youtu.be\\\/2YcynNPgVUU?si=EvBCDxZ-F_h5URnz&quot;,&quot;video_type&quot;:&quot;youtube&quot;,&quot;controls&quot;:&quot;yes&quot;}\" data-widget_type=\"video.default\">\n\t\t\t\t<div class=\"elementor-widget-container\">\n\t\t\t\t\t\t\t<div class=\"elementor-wrapper elementor-open-inline\">\n\t\t\t<div class=\"elementor-video\"><\/div>\t\t<\/div>\n\t\t\t\t\t\t<\/div>\n\t\t\t\t<\/div>\n\t\t\t\t\t<\/div>\n\t\t<\/div>\n\t\t\t\t<div class=\"elementor-column elementor-col-50 elementor-inner-column elementor-element elementor-element-48b9fee3\" data-id=\"48b9fee3\" data-element_type=\"column\" data-e-type=\"column\">\n\t\t\t<div class=\"elementor-widget-wrap elementor-element-populated\">\n\t\t\t\t\t\t<div class=\"elementor-element elementor-element-322a7e0a elementor-widget elementor-widget-video\" data-id=\"322a7e0a\" data-element_type=\"widget\" data-e-type=\"widget\" data-settings=\"{&quot;youtube_url&quot;:&quot;https:\\\/\\\/youtu.be\\\/YzMQfZq8o4c?si=p4YVp1CGqGyY4GwS&quot;,&quot;video_type&quot;:&quot;youtube&quot;,&quot;controls&quot;:&quot;yes&quot;}\" data-widget_type=\"video.default\">\n\t\t\t\t<div class=\"elementor-widget-container\">\n\t\t\t\t\t\t\t<div class=\"elementor-wrapper elementor-open-inline\">\n\t\t\t<div class=\"elementor-video\"><\/div>\t\t<\/div>\n\t\t\t\t\t\t<\/div>\n\t\t\t\t<\/div>\n\t\t\t\t\t<\/div>\n\t\t<\/div>\n\t\t\t\t\t<\/div>\n\t\t<\/section>\n\t\t\t\t\t<\/div>\n\t\t<\/div>\n\t\t\t\t\t<\/div>\n\t\t<\/section>\n\t\t\t\t<section class=\"elementor-section elementor-top-section elementor-element elementor-element-76000250 elementor-section-boxed elementor-section-height-default elementor-section-height-default\" data-id=\"76000250\" data-element_type=\"section\" data-e-type=\"section\">\n\t\t\t\t\t\t<div class=\"elementor-container elementor-column-gap-default\">\n\t\t\t\t\t<div class=\"elementor-column elementor-col-100 elementor-top-column elementor-element elementor-element-5d819ded\" data-id=\"5d819ded\" data-element_type=\"column\" data-e-type=\"column\">\n\t\t\t<div class=\"elementor-widget-wrap elementor-element-populated\">\n\t\t\t\t\t\t<div class=\"elementor-element elementor-element-49c8f207 elementor-alert-info elementor-widget elementor-widget-alert\" data-id=\"49c8f207\" data-element_type=\"widget\" data-e-type=\"widget\" data-widget_type=\"alert.default\">\n\t\t\t\t<div class=\"elementor-widget-container\">\n\t\t\t\t\t\t\t<div class=\"elementor-alert\" role=\"alert\">\n\n\t\t\t\t\t\t<span class=\"elementor-alert-title\">POL\u00cdTICA DE MENORES<\/span>\n\t\t\t\n\t\t\t\t\t\t<span class=\"elementor-alert-description\"><a href=\"https:\/\/ochoymedioclub.com\/menores\/\">Haz click aqu\u00ed<\/a><\/span>\n\t\t\t\n\t\t\t\t\t\t<button type=\"button\" class=\"elementor-alert-dismiss\" aria-label=\"Descartar esta alerta.\">\n\t\t\t\t<i aria-hidden=\"true\" class=\"fas fa-times-circle\"><\/i>\t\t\t<\/button>\n\t\t\t\n\t\t<\/div>\n\t\t\t\t\t\t<\/div>\n\t\t\t\t<\/div>\n\t\t\t\t\t<\/div>\n\t\t<\/div>\n\t\t\t\t\t<\/div>\n\t\t<\/section>\n\t\t\t\t<\/div>\n\t\t","protected":false},"excerpt":{"rendered":"<h2><strong><span style=\"color: #999999;\">+ WALDO FALDO<\/span><\/strong><\/h2>\n<h2><strong><span style=\"color: #999999;\">+ MAZMORRA<\/span><\/strong><\/h2>\n<p><strong><span style=\"color: #999999;\">FECHA: <\/span>viernes, 8 mayo, 2026<\/strong><\/p>\n<p><strong><span style=\"color: #999999;\">HORA:<\/span> 20:00H<\/strong><\/p>\n<p><strong><span style=\"color: #999999;\">LUGAR:<\/span> SALA UNI<\/strong><\/p>\n<p><em><strong>GASTOS DE GESTI\u00d3N YA INCLUIDOS<\/strong><\/em><\/p>\n","protected":false},"author":1,"featured_media":338443,"template":"","meta":{"_acf_changed":false},"product_brand":[],"product_cat":[314],"product_tag":[],"class_list":{"0":"post-337860","1":"product","2":"type-product","3":"status-publish","4":"has-post-thumbnail","6":"product_cat-sala-uni","8":"first","9":"instock","10":"virtual","11":"taxable","12":"purchasable","13":"product-type-simple"},"acf":[],"aioseo_notices":[],"_links":{"self":[{"href":"https:\/\/ochoymedioclub.com\/en\/wp-json\/wp\/v2\/product\/337860","targetHints":{"allow":["GET"]}}],"collection":[{"href":"https:\/\/ochoymedioclub.com\/en\/wp-json\/wp\/v2\/product"}],"about":[{"href":"https:\/\/ochoymedioclub.com\/en\/wp-json\/wp\/v2\/types\/product"}],"author":[{"embeddable":true,"href":"https:\/\/ochoymedioclub.com\/en\/wp-json\/wp\/v2\/users\/1"}],"version-history":[{"count":7,"href":"https:\/\/ochoymedioclub.com\/en\/wp-json\/wp\/v2\/product\/337860\/revisions"}],"predecessor-version":[{"id":338445,"href":"https:\/\/ochoymedioclub.com\/en\/wp-json\/wp\/v2\/product\/337860\/revisions\/338445"}],"wp:featuredmedia":[{"embeddable":true,"href":"https:\/\/ochoymedioclub.com\/en\/wp-json\/wp\/v2\/media\/338443"}],"wp:attachment":[{"href":"https:\/\/ochoymedioclub.com\/en\/wp-json\/wp\/v2\/media?parent=337860"}],"wp:term":[{"taxonomy":"product_brand","embeddable":true,"href":"https:\/\/ochoymedioclub.com\/en\/wp-json\/wp\/v2\/product_brand?post=337860"},{"taxonomy":"product_cat","embeddable":true,"href":"https:\/\/ochoymedioclub.com\/en\/wp-json\/wp\/v2\/product_cat?post=337860"},{"taxonomy":"product_tag","embeddable":true,"href":"https:\/\/ochoymedioclub.com\/en\/wp-json\/wp\/v2\/product_tag?post=337860"}],"curies":[{"name":"wp","href":"https:\/\/api.w.org\/{rel}","templated":true}]}}