{"id":334708,"date":"2026-02-02T11:55:11","date_gmt":"2026-02-02T10:55:11","guid":{"rendered":"https:\/\/ochoymedioclub.com\/?post_type=product&#038;p=334708"},"modified":"2026-04-07T14:36:03","modified_gmt":"2026-04-07T12:36:03","slug":"miranda-madrid","status":"publish","type":"product","link":"https:\/\/ochoymedioclub.com\/en\/conciertos\/miranda-madrid\/","title":{"rendered":"MIRANDA!"},"content":{"rendered":"\t\t<div data-elementor-type=\"wp-post\" data-elementor-id=\"334708\" class=\"elementor elementor-334708\" data-elementor-post-type=\"product\">\n\t\t\t\t\t\t<section class=\"elementor-section elementor-top-section elementor-element elementor-element-4b2b1fdd elementor-section-full_width elementor-reverse-tablet elementor-reverse-mobile elementor-section-height-default elementor-section-height-default\" data-id=\"4b2b1fdd\" data-element_type=\"section\" data-e-type=\"section\">\n\t\t\t\t\t\t<div class=\"elementor-container elementor-column-gap-default\">\n\t\t\t\t\t<div class=\"elementor-column elementor-col-50 elementor-top-column elementor-element elementor-element-16b71fa9\" data-id=\"16b71fa9\" data-element_type=\"column\" data-e-type=\"column\">\n\t\t\t<div class=\"elementor-widget-wrap elementor-element-populated\">\n\t\t\t\t\t\t<div class=\"elementor-element elementor-element-5c0bed21 elementor-widget elementor-widget-heading\" data-id=\"5c0bed21\" data-element_type=\"widget\" data-e-type=\"widget\" data-widget_type=\"heading.default\">\n\t\t\t\t<div class=\"elementor-widget-container\">\n\t\t\t\t\t<h2 class=\"elementor-heading-title elementor-size-default\">INFO<\/h2>\t\t\t\t<\/div>\n\t\t\t\t<\/div>\n\t\t\t\t<div class=\"elementor-element elementor-element-23a02837 elementor-widget elementor-widget-text-editor\" data-id=\"23a02837\" data-element_type=\"widget\" data-e-type=\"widget\" data-widget_type=\"text-editor.default\">\n\t\t\t\t<div class=\"elementor-widget-container\">\n\t\t\t\t\t\t\t\t\t<div>Concierto de\u00a0<a href=\"https:\/\/open.spotify.com\/intl-es\/artist\/2eEmsgWmUFMbtU7agJpnjY?si=4KU0FnWwRhCGGdt9cyixsQ\" target=\"_blank\" rel=\"noopener\" data-saferedirecturl=\"https:\/\/www.google.com\/url?q=https:\/\/open.spotify.com\/intl-es\/artist\/2eEmsgWmUFMbtU7agJpnjY?si%3D4KU0FnWwRhCGGdt9cyixsQ&amp;source=gmail&amp;ust=1769680261752000&amp;usg=AOvVaw2pL8iAMgzsNpe5qJt8yZNu\">Miranda!<\/a><a href=\"https:\/\/open.spotify.com\/intl-es\/artist\/7pMvkMVRImOSDAicV69zAX?si=-1dsPKFRRtS9OFPHipVmJQ\" target=\"_blank\" rel=\"noopener\" data-saferedirecturl=\"https:\/\/www.google.com\/url?q=https:\/\/open.spotify.com\/intl-es\/artist\/7pMvkMVRImOSDAicV69zAX?si%3D-1dsPKFRRtS9OFPHipVmJQ&amp;source=gmail&amp;ust=1769680261752000&amp;usg=AOvVaw1sDGRGGXf0f9ihPuJ-hjXZ\">\u00a0<\/a>el 11 de noviembre en Movistar Arena (Madrid) dentro de la programaci\u00f3n de Ochoymedio. Entradas aqu\u00ed.<\/div><div>\u00a0<\/div><div><span id=\"m_-7311959567948080697docs-internal-guid-0fd2ab85-7fff-5e35-7a86-374ab40c8337\"><a href=\"https:\/\/open.spotify.com\/intl-es\/artist\/2eEmsgWmUFMbtU7agJpnjY?si=4KU0FnWwRhCGGdt9cyixsQ\" target=\"_blank\" rel=\"noopener\" data-saferedirecturl=\"https:\/\/www.google.com\/url?q=https:\/\/open.spotify.com\/intl-es\/artist\/2eEmsgWmUFMbtU7agJpnjY?si%3D4KU0FnWwRhCGGdt9cyixsQ&amp;source=gmail&amp;ust=1769680261752000&amp;usg=AOvVaw2pL8iAMgzsNpe5qJt8yZNu\">Miranda!<\/a><b>\u00a0<\/b>el d\u00fao m\u00e1s influyente del pop latinoamericano, anuncia dos grandes shows en Espa\u00f1a que marcan un nuevo hito en una proyecci\u00f3n internacional que no deja de expandirse. El 11 de noviembre en el Movistar Arena de Madrid y el 12 de noviembre en el Sant Jordi Club de Barcelona, dos de los espacios m\u00e1s emblem\u00e1ticos del pa\u00eds, consolidando su crecimiento y el salto a venues de mayor capacidad.<\/span><\/div><div><div>\u00a0<\/div><div>Ese crecimiento no solo se refleja en el salto de recintos y en los shows que Miranda! anuncia en Espa\u00f1a, sino tambi\u00e9n en su m\u00fasica y en los cruces art\u00edsticos que viene construyendo en el territorio.<\/div><div>\u00a0<\/div><div>En ese marco, recientemente el d\u00fao argentino se uni\u00f3 al proyecto espa\u00f1ol Bailamam\u00e1 para presentar\u00a0<a href=\"https:\/\/open.spotify.com\/intl-es\/track\/3EmUUbEUQgOtN7WQOqsi0U?si=abcdc784613743d5\" target=\"_blank\" rel=\"noopener\" data-saferedirecturl=\"https:\/\/www.google.com\/url?q=https:\/\/open.spotify.com\/intl-es\/track\/3EmUUbEUQgOtN7WQOqsi0U?si%3Dabcdc784613743d5&amp;source=gmail&amp;ust=1769680261752000&amp;usg=AOvVaw3U7-gTuBW12VpohgV-EJy7\">\u201cDespierto Am\u00e1ndote\u201d<\/a>, una colaboraci\u00f3n que r\u00e1pidamente despert\u00f3 el inter\u00e9s del p\u00fablico y que ya supera el mill\u00f3n de reproducciones en Spotify.<\/div><div>\u00a0<\/div><div>Estos anuncios y el nuevo lanzamiento llegan en un momento de fuerte visibilidad para Miranda! en el territorio espa\u00f1ol, impulsados por su participaci\u00f3n en el Benidorm Fest.<\/div><div>\u00a0<\/div><div>Las pr\u00f3ximas presentaciones en Madrid y Barcelona propondr\u00e1n un recorrido por un cancionero infalible que suenan sin pausa y que mantienen a sus fans encendidos de principio a fin.<\/div><div>\u00a0<\/div><div>La propuesta se sostiene en una est\u00e9tica reconocible al instante, vestuarios ic\u00f3nicos que se replican en los fan\u00e1ticos y una puesta visual de alto impacto, donde la m\u00fasica, la imagen y la celebraci\u00f3n conviven de forma org\u00e1nica y dan como resultado un gran show.<\/div><\/div><div>\u00a0<\/div><div><span id=\"m_-7311959567948080697docs-internal-guid-f198658c-7fff-d958-18b6-edccb72a99f1\"><\/span>Para consultar toda la programaci\u00f3n de Ochoymedio,<a href=\"https:\/\/ochoymedioclub.com\/conciertos\/\" target=\"_blank\" rel=\"noopener\" data-saferedirecturl=\"https:\/\/www.google.com\/url?q=https:\/\/ochoymedioclub.com\/conciertos\/&amp;source=gmail&amp;ust=1769680261752000&amp;usg=AOvVaw3ZHkBnZfUXvSF0g2dfwHeX\">\u00a0<\/a><a href=\"https:\/\/ochoymedioclub.com\/conciertos\/\" target=\"_blank\" rel=\"noopener\" data-saferedirecturl=\"https:\/\/www.google.com\/url?q=https:\/\/ochoymedioclub.com\/conciertos\/&amp;source=gmail&amp;ust=1769680261752000&amp;usg=AOvVaw3ZHkBnZfUXvSF0g2dfwHeX\">haz click aqu\u00ed<\/a>.<\/div>\t\t\t\t\t\t\t\t<\/div>\n\t\t\t\t<\/div>\n\t\t\t\t\t<\/div>\n\t\t<\/div>\n\t\t\t\t<div class=\"elementor-column elementor-col-50 elementor-top-column elementor-element elementor-element-6ab3e9d1\" data-id=\"6ab3e9d1\" data-element_type=\"column\" data-e-type=\"column\">\n\t\t\t<div class=\"elementor-widget-wrap elementor-element-populated\">\n\t\t\t\t\t\t<div class=\"elementor-element elementor-element-5169cbff elementor-widget elementor-widget-image\" data-id=\"5169cbff\" data-element_type=\"widget\" data-e-type=\"widget\" data-widget_type=\"image.default\">\n\t\t\t\t<div class=\"elementor-widget-container\">\n\t\t\t\t\t\t\t\t\t\t\t\t\t\t\t<img fetchpriority=\"high\" decoding=\"async\" width=\"751\" height=\"563\" src=\"https:\/\/ochoymedioclub.com\/wp-content\/uploads\/2026\/01\/LGK_4852.png\" class=\"attachment-large size-large wp-image-334607\" alt=\"\" srcset=\"https:\/\/ochoymedioclub.com\/wp-content\/uploads\/2026\/01\/LGK_4852.png 800w, https:\/\/ochoymedioclub.com\/wp-content\/uploads\/2026\/01\/LGK_4852-300x225.png 300w, https:\/\/ochoymedioclub.com\/wp-content\/uploads\/2026\/01\/LGK_4852-768x576.png 768w\" sizes=\"(max-width: 751px) 100vw, 751px\" \/>\t\t\t\t\t\t\t\t\t\t\t\t\t\t\t<\/div>\n\t\t\t\t<\/div>\n\t\t\t\t<div class=\"elementor-element elementor-element-c00b205 elementor-hidden-desktop elementor-hidden-tablet elementor-hidden-mobile elementor-widget elementor-widget-heading\" data-id=\"c00b205\" data-element_type=\"widget\" data-e-type=\"widget\" data-widget_type=\"heading.default\">\n\t\t\t\t<div class=\"elementor-widget-container\">\n\t\t\t\t\t<h2 class=\"elementor-heading-title elementor-size-default\">PLANO RECINTO<\/h2>\t\t\t\t<\/div>\n\t\t\t\t<\/div>\n\t\t\t\t<div class=\"elementor-element elementor-element-ae81cea elementor-hidden-desktop elementor-hidden-tablet elementor-hidden-mobile elementor-widget elementor-widget-image\" data-id=\"ae81cea\" data-element_type=\"widget\" data-e-type=\"widget\" data-widget_type=\"image.default\">\n\t\t\t\t<div class=\"elementor-widget-container\">\n\t\t\t\t\t\t\t\t\t\t\t\t\t\t\t\t<a href=\"https:\/\/ochoymedioclub.com\/wp-content\/uploads\/2023\/08\/wizink.lca_.png\" data-elementor-open-lightbox=\"yes\" data-elementor-lightbox-title=\"wizink.lca\" data-e-action-hash=\"#elementor-action%3Aaction%3Dlightbox%26settings%3DeyJpZCI6MjU2NTU1LCJ1cmwiOiJodHRwczpcL1wvb2Nob3ltZWRpb2NsdWIuY29tXC93cC1jb250ZW50XC91cGxvYWRzXC8yMDIzXC8wOFwvd2l6aW5rLmxjYV8ucG5nIn0%3D\">\n\t\t\t\t\t\t\t<img decoding=\"async\" width=\"621\" height=\"582\" src=\"https:\/\/ochoymedioclub.com\/wp-content\/uploads\/2023\/08\/wizink.lca_.png\" class=\"attachment-large size-large wp-image-256555\" alt=\"\" srcset=\"https:\/\/ochoymedioclub.com\/wp-content\/uploads\/2023\/08\/wizink.lca_.png 621w, https:\/\/ochoymedioclub.com\/wp-content\/uploads\/2023\/08\/wizink.lca_-300x281.png 300w\" sizes=\"(max-width: 621px) 100vw, 621px\" \/>\t\t\t\t\t\t\t\t<\/a>\n\t\t\t\t\t\t\t\t\t\t\t\t\t\t\t<\/div>\n\t\t\t\t<\/div>\n\t\t\t\t\t<\/div>\n\t\t<\/div>\n\t\t\t\t\t<\/div>\n\t\t<\/section>\n\t\t\t\t<section class=\"elementor-section elementor-top-section elementor-element elementor-element-338e01de elementor-section-full_width elementor-section-height-default elementor-section-height-default\" data-id=\"338e01de\" data-element_type=\"section\" data-e-type=\"section\">\n\t\t\t\t\t\t<div class=\"elementor-container elementor-column-gap-default\">\n\t\t\t\t\t<div class=\"elementor-column elementor-col-100 elementor-top-column elementor-element elementor-element-50d43994\" data-id=\"50d43994\" data-element_type=\"column\" data-e-type=\"column\">\n\t\t\t<div class=\"elementor-widget-wrap elementor-element-populated\">\n\t\t\t\t\t\t<div class=\"elementor-element elementor-element-67cfbe20 elementor-widget elementor-widget-heading\" data-id=\"67cfbe20\" data-element_type=\"widget\" data-e-type=\"widget\" data-widget_type=\"heading.default\">\n\t\t\t\t<div class=\"elementor-widget-container\">\n\t\t\t\t\t<h2 class=\"elementor-heading-title elementor-size-default\">VIDEOS<\/h2>\t\t\t\t<\/div>\n\t\t\t\t<\/div>\n\t\t\t\t<section class=\"elementor-section elementor-inner-section elementor-element elementor-element-237468ca elementor-section-full_width elementor-section-height-default elementor-section-height-default\" data-id=\"237468ca\" data-element_type=\"section\" data-e-type=\"section\">\n\t\t\t\t\t\t<div class=\"elementor-container elementor-column-gap-default\">\n\t\t\t\t\t<div class=\"elementor-column elementor-col-50 elementor-inner-column elementor-element elementor-element-62bb7385\" data-id=\"62bb7385\" data-element_type=\"column\" data-e-type=\"column\">\n\t\t\t<div class=\"elementor-widget-wrap elementor-element-populated\">\n\t\t\t\t\t\t<div class=\"elementor-element elementor-element-355ba18d elementor-widget elementor-widget-video\" data-id=\"355ba18d\" data-element_type=\"widget\" data-e-type=\"widget\" data-settings=\"{&quot;youtube_url&quot;:&quot;https:\\\/\\\/youtu.be\\\/l32d1Tw4l6c?si=kPdhOKt3oV6R4BHe&quot;,&quot;video_type&quot;:&quot;youtube&quot;,&quot;controls&quot;:&quot;yes&quot;}\" data-widget_type=\"video.default\">\n\t\t\t\t<div class=\"elementor-widget-container\">\n\t\t\t\t\t\t\t<div class=\"elementor-wrapper elementor-open-inline\">\n\t\t\t<div class=\"elementor-video\"><\/div>\t\t<\/div>\n\t\t\t\t\t\t<\/div>\n\t\t\t\t<\/div>\n\t\t\t\t\t<\/div>\n\t\t<\/div>\n\t\t\t\t<div class=\"elementor-column elementor-col-50 elementor-inner-column elementor-element elementor-element-4dab5eb5\" data-id=\"4dab5eb5\" data-element_type=\"column\" data-e-type=\"column\">\n\t\t\t<div class=\"elementor-widget-wrap elementor-element-populated\">\n\t\t\t\t\t\t<div class=\"elementor-element elementor-element-29ef4296 elementor-widget elementor-widget-video\" data-id=\"29ef4296\" data-element_type=\"widget\" data-e-type=\"widget\" data-settings=\"{&quot;youtube_url&quot;:&quot;https:\\\/\\\/youtu.be\\\/a3hOeU7w59o?si=2tqu7X-wXYmX48e5&quot;,&quot;video_type&quot;:&quot;youtube&quot;,&quot;controls&quot;:&quot;yes&quot;}\" data-widget_type=\"video.default\">\n\t\t\t\t<div class=\"elementor-widget-container\">\n\t\t\t\t\t\t\t<div class=\"elementor-wrapper elementor-open-inline\">\n\t\t\t<div class=\"elementor-video\"><\/div>\t\t<\/div>\n\t\t\t\t\t\t<\/div>\n\t\t\t\t<\/div>\n\t\t\t\t\t<\/div>\n\t\t<\/div>\n\t\t\t\t\t<\/div>\n\t\t<\/section>\n\t\t\t\t\t<\/div>\n\t\t<\/div>\n\t\t\t\t\t<\/div>\n\t\t<\/section>\n\t\t\t\t<section class=\"elementor-section elementor-top-section elementor-element elementor-element-468af3db elementor-section-full_width elementor-section-height-default elementor-section-height-default\" data-id=\"468af3db\" data-element_type=\"section\" data-e-type=\"section\">\n\t\t\t\t\t\t<div class=\"elementor-container elementor-column-gap-default\">\n\t\t\t\t\t<div class=\"elementor-column elementor-col-100 elementor-top-column elementor-element elementor-element-55237f5d\" data-id=\"55237f5d\" data-element_type=\"column\" data-e-type=\"column\">\n\t\t\t<div class=\"elementor-widget-wrap elementor-element-populated\">\n\t\t\t\t\t\t<div class=\"elementor-element elementor-element-726333d0 elementor-alert-info elementor-widget elementor-widget-alert\" data-id=\"726333d0\" data-element_type=\"widget\" data-e-type=\"widget\" data-widget_type=\"alert.default\">\n\t\t\t\t<div class=\"elementor-widget-container\">\n\t\t\t\t\t\t\t<div class=\"elementor-alert\" role=\"alert\">\n\n\t\t\t\t\t\t<span class=\"elementor-alert-title\">POL\u00cdTICA DE MENORES<\/span>\n\t\t\t\n\t\t\t\t\t\t<span class=\"elementor-alert-description\"><a href=\"https:\/\/ochoymedioclub.com\/menores\/\">Haz click aqu\u00ed<\/a>\n<\/span>\n\t\t\t\n\t\t\t\t\t\t<button type=\"button\" class=\"elementor-alert-dismiss\" aria-label=\"Descartar esta alerta.\">\n\t\t\t\t<i aria-hidden=\"true\" class=\"fas fa-times-circle\"><\/i>\t\t\t<\/button>\n\t\t\t\n\t\t<\/div>\n\t\t\t\t\t\t<\/div>\n\t\t\t\t<\/div>\n\t\t\t\t<div class=\"elementor-element elementor-element-4964d4fd elementor-widget elementor-widget-image\" data-id=\"4964d4fd\" data-element_type=\"widget\" data-e-type=\"widget\" data-widget_type=\"image.default\">\n\t\t\t\t<div class=\"elementor-widget-container\">\n\t\t\t\t\t\t\t\t\t\t\t\t\t\t\t\t<a href=\"https:\/\/goo.gl\/maps\/PRDfEAaXaPJkWqHR7?_ga=2.63512367.1455475853.1663239384-1166735557.1659548828\">\n\t\t\t\t\t\t\t<img decoding=\"async\" width=\"1920\" height=\"1005\" src=\"https:\/\/ochoymedioclub.com\/wp-content\/uploads\/2022\/06\/wizink.jpg\" class=\"attachment-full size-full wp-image-88713\" alt=\"\" srcset=\"https:\/\/ochoymedioclub.com\/wp-content\/uploads\/2022\/06\/wizink.jpg 1920w, https:\/\/ochoymedioclub.com\/wp-content\/uploads\/2022\/06\/wizink-300x157.jpg 300w, https:\/\/ochoymedioclub.com\/wp-content\/uploads\/2022\/06\/wizink-1024x536.jpg 1024w, https:\/\/ochoymedioclub.com\/wp-content\/uploads\/2022\/06\/wizink-768x402.jpg 768w, https:\/\/ochoymedioclub.com\/wp-content\/uploads\/2022\/06\/wizink-1536x804.jpg 1536w, https:\/\/ochoymedioclub.com\/wp-content\/uploads\/2022\/06\/wizink-1200x628.jpg 1200w, https:\/\/ochoymedioclub.com\/wp-content\/uploads\/2022\/06\/wizink-120x63.jpg 120w, https:\/\/ochoymedioclub.com\/wp-content\/uploads\/2022\/06\/wizink-81x42.jpg 81w, https:\/\/ochoymedioclub.com\/wp-content\/uploads\/2022\/06\/wizink-302x158.jpg 302w\" sizes=\"(max-width: 1920px) 100vw, 1920px\" \/>\t\t\t\t\t\t\t\t<\/a>\n\t\t\t\t\t\t\t\t\t\t\t\t\t\t\t<\/div>\n\t\t\t\t<\/div>\n\t\t\t\t\t<\/div>\n\t\t<\/div>\n\t\t\t\t\t<\/div>\n\t\t<\/section>\n\t\t\t\t<\/div>\n\t\t","protected":false},"excerpt":{"rendered":"<p><strong><span style=\"color: #999999;\">FECHA:<\/span> mi\u00e9rcoles, 11 noviembre, 2026<\/strong><\/p>\n<p><strong><span style=\"color: #999999;\">HORA:<\/span> PUERTAS 19:30H \/ CONCIERTO 21:00H<\/strong><\/p>\n<div><strong><span style=\"color: #999999;\">ENTRADA PISTA:<\/span> P<b>uertas de la 1 a la 6<\/b><\/strong><\/div>\n<p><strong><span style=\"color: #999999;\">LUGAR:<\/span> MOVISTAR ARENA<\/strong><\/p>\n<p><em><strong>CADA ENTRADA TIENE INCLUIDO EL COSTE DE GESTI\u00d3N<\/strong><\/em><\/p>\n","protected":false},"author":1,"featured_media":334591,"template":"","meta":{"_acf_changed":false},"product_brand":[],"product_cat":[59],"product_tag":[],"class_list":{"0":"post-334708","1":"product","2":"type-product","3":"status-publish","4":"has-post-thumbnail","6":"product_cat-movistar-arena","8":"first","9":"instock","10":"taxable","11":"shipping-taxable","12":"purchasable","13":"product-type-variable","14":"has-default-attributes"},"acf":[],"aioseo_notices":[],"_links":{"self":[{"href":"https:\/\/ochoymedioclub.com\/en\/wp-json\/wp\/v2\/product\/334708","targetHints":{"allow":["GET"]}}],"collection":[{"href":"https:\/\/ochoymedioclub.com\/en\/wp-json\/wp\/v2\/product"}],"about":[{"href":"https:\/\/ochoymedioclub.com\/en\/wp-json\/wp\/v2\/types\/product"}],"author":[{"embeddable":true,"href":"https:\/\/ochoymedioclub.com\/en\/wp-json\/wp\/v2\/users\/1"}],"version-history":[{"count":6,"href":"https:\/\/ochoymedioclub.com\/en\/wp-json\/wp\/v2\/product\/334708\/revisions"}],"predecessor-version":[{"id":334813,"href":"https:\/\/ochoymedioclub.com\/en\/wp-json\/wp\/v2\/product\/334708\/revisions\/334813"}],"wp:featuredmedia":[{"embeddable":true,"href":"https:\/\/ochoymedioclub.com\/en\/wp-json\/wp\/v2\/media\/334591"}],"wp:attachment":[{"href":"https:\/\/ochoymedioclub.com\/en\/wp-json\/wp\/v2\/media?parent=334708"}],"wp:term":[{"taxonomy":"product_brand","embeddable":true,"href":"https:\/\/ochoymedioclub.com\/en\/wp-json\/wp\/v2\/product_brand?post=334708"},{"taxonomy":"product_cat","embeddable":true,"href":"https:\/\/ochoymedioclub.com\/en\/wp-json\/wp\/v2\/product_cat?post=334708"},{"taxonomy":"product_tag","embeddable":true,"href":"https:\/\/ochoymedioclub.com\/en\/wp-json\/wp\/v2\/product_tag?post=334708"}],"curies":[{"name":"wp","href":"https:\/\/api.w.org\/{rel}","templated":true}]}}