{"id":334482,"date":"2026-02-02T11:55:49","date_gmt":"2026-02-02T10:55:49","guid":{"rendered":"https:\/\/ochoymedioclub.com\/?post_type=product&#038;p=334482"},"modified":"2026-03-28T18:23:31","modified_gmt":"2026-03-28T17:23:31","slug":"miranda-barcelona","status":"publish","type":"product","link":"https:\/\/ochoymedioclub.com\/en\/conciertos\/miranda-barcelona\/","title":{"rendered":"MIRANDA!"},"content":{"rendered":"\t\t<div data-elementor-type=\"product-post\" data-elementor-id=\"334482\" class=\"elementor elementor-334482\" data-elementor-post-type=\"product\">\n\t\t\t\t\t\t<section class=\"elementor-section elementor-top-section elementor-element elementor-element-5d6801ce elementor-section-full_width elementor-section-height-default elementor-section-height-default\" data-id=\"5d6801ce\" data-element_type=\"section\" data-e-type=\"section\">\n\t\t\t\t\t\t<div class=\"elementor-container elementor-column-gap-default\">\n\t\t\t\t\t<div class=\"elementor-column elementor-col-50 elementor-top-column elementor-element elementor-element-10be5491\" data-id=\"10be5491\" data-element_type=\"column\" data-e-type=\"column\">\n\t\t\t<div class=\"elementor-widget-wrap elementor-element-populated\">\n\t\t\t\t\t\t<div class=\"elementor-element elementor-element-3742f29c elementor-widget elementor-widget-heading\" data-id=\"3742f29c\" data-element_type=\"widget\" data-e-type=\"widget\" data-widget_type=\"heading.default\">\n\t\t\t\t<div class=\"elementor-widget-container\">\n\t\t\t\t\t<h2 class=\"elementor-heading-title elementor-size-default\">INFO<\/h2>\t\t\t\t<\/div>\n\t\t\t\t<\/div>\n\t\t\t\t<div class=\"elementor-element elementor-element-1a19b1a4 elementor-widget elementor-widget-text-editor\" data-id=\"1a19b1a4\" data-element_type=\"widget\" data-e-type=\"widget\" data-widget_type=\"text-editor.default\">\n\t\t\t\t<div class=\"elementor-widget-container\">\n\t\t\t\t\t\t\t\t\t<div>Concierto de\u00a0<a href=\"https:\/\/open.spotify.com\/intl-es\/artist\/2eEmsgWmUFMbtU7agJpnjY?si=4KU0FnWwRhCGGdt9cyixsQ\" target=\"_blank\" rel=\"noopener\" data-saferedirecturl=\"https:\/\/www.google.com\/url?q=https:\/\/open.spotify.com\/intl-es\/artist\/2eEmsgWmUFMbtU7agJpnjY?si%3D4KU0FnWwRhCGGdt9cyixsQ&amp;source=gmail&amp;ust=1769680261752000&amp;usg=AOvVaw2pL8iAMgzsNpe5qJt8yZNu\"><span style=\"color: #ff40ff;\">Miranda!<\/span><\/a><a href=\"https:\/\/open.spotify.com\/intl-es\/artist\/7pMvkMVRImOSDAicV69zAX?si=-1dsPKFRRtS9OFPHipVmJQ\" target=\"_blank\" rel=\"noopener\" data-saferedirecturl=\"https:\/\/www.google.com\/url?q=https:\/\/open.spotify.com\/intl-es\/artist\/7pMvkMVRImOSDAicV69zAX?si%3D-1dsPKFRRtS9OFPHipVmJQ&amp;source=gmail&amp;ust=1769680261752000&amp;usg=AOvVaw1sDGRGGXf0f9ihPuJ-hjXZ\">\u00a0<\/a>el 12 de noviembre en Sant Jordi Club (Barcelona)<a href=\"https:\/\/maps.app.goo.gl\/KQGE3qvgRAdawZr5A\" target=\"_blank\" rel=\"noopener\" data-saferedirecturl=\"https:\/\/www.google.com\/url?q=https:\/\/maps.app.goo.gl\/KQGE3qvgRAdawZr5A&amp;source=gmail&amp;ust=1769680261752000&amp;usg=AOvVaw3L2M3sIUybP7kaeivULB6B\">\u00a0<\/a>dentro de la programaci\u00f3n de Ochoymedio. Entradas aqu\u00ed.<\/div><div>\u00a0<\/div><div><span id=\"m_-7311959567948080697docs-internal-guid-0fd2ab85-7fff-5e35-7a86-374ab40c8337\"><a href=\"https:\/\/open.spotify.com\/intl-es\/artist\/2eEmsgWmUFMbtU7agJpnjY?si=4KU0FnWwRhCGGdt9cyixsQ\" target=\"_blank\" rel=\"noopener\" data-saferedirecturl=\"https:\/\/www.google.com\/url?q=https:\/\/open.spotify.com\/intl-es\/artist\/2eEmsgWmUFMbtU7agJpnjY?si%3D4KU0FnWwRhCGGdt9cyixsQ&amp;source=gmail&amp;ust=1769680261752000&amp;usg=AOvVaw2pL8iAMgzsNpe5qJt8yZNu\"><span style=\"color: #ff40ff; font-size: medium;\">Miranda!<\/span><\/a><b> <\/b>el d\u00fao m\u00e1s influyente del pop latinoamericano, anuncia dos grandes shows en Espa\u00f1a que marcan un nuevo hito en una proyecci\u00f3n internacional que no deja de expandirse. El 11 de noviembre en el Movistar Arena de Madrid y el 12 de noviembre en el Sant Jordi Club de Barcelona, dos de los espacios m\u00e1s emblem\u00e1ticos del pa\u00eds, consolidando su crecimiento y el salto a venues de mayor capacidad.<\/span><\/div><div><div>\u00a0<\/div><div>Ese crecimiento no solo se refleja en el salto de recintos y en los shows que Miranda! anuncia en Espa\u00f1a, sino tambi\u00e9n en su m\u00fasica y en los cruces art\u00edsticos que viene construyendo en el territorio.<\/div><div>\u00a0<\/div><div>En ese marco, recientemente el d\u00fao argentino se uni\u00f3 al proyecto espa\u00f1ol Bailamam\u00e1 para presentar <a href=\"https:\/\/open.spotify.com\/intl-es\/track\/3EmUUbEUQgOtN7WQOqsi0U?si=abcdc784613743d5\" target=\"_blank\" rel=\"noopener\" data-saferedirecturl=\"https:\/\/www.google.com\/url?q=https:\/\/open.spotify.com\/intl-es\/track\/3EmUUbEUQgOtN7WQOqsi0U?si%3Dabcdc784613743d5&amp;source=gmail&amp;ust=1769680261752000&amp;usg=AOvVaw3U7-gTuBW12VpohgV-EJy7\"><span style=\"color: #ff40ff; font-size: medium;\">\u201cDespierto Am\u00e1ndote\u201d<\/span><\/a>, una colaboraci\u00f3n que r\u00e1pidamente despert\u00f3 el inter\u00e9s del p\u00fablico y que ya supera el mill\u00f3n de reproducciones en Spotify.<\/div><div>\u00a0<\/div><div>Estos anuncios y el nuevo lanzamiento llegan en un momento de fuerte visibilidad para Miranda! en el territorio espa\u00f1ol, impulsados por su participaci\u00f3n en el Benidorm Fest.<\/div><div>\u00a0<\/div><div>Las pr\u00f3ximas presentaciones en Madrid y Barcelona propondr\u00e1n un recorrido por un cancionero infalible que suenan sin pausa y que mantienen a sus fans encendidos de principio a fin.<\/div><div>\u00a0<\/div><div>La propuesta se sostiene en una est\u00e9tica reconocible al instante, vestuarios ic\u00f3nicos que se replican en los fan\u00e1ticos y una puesta visual de alto impacto, donde la m\u00fasica, la imagen y la celebraci\u00f3n conviven de forma org\u00e1nica y dan como resultado un gran show.<\/div><\/div><div>\u00a0<\/div><div><span id=\"m_-7311959567948080697docs-internal-guid-f198658c-7fff-d958-18b6-edccb72a99f1\"><\/span>Para consultar toda la programaci\u00f3n de Ochoymedio,<a href=\"https:\/\/ochoymedioclub.com\/conciertos\/\" target=\"_blank\" rel=\"noopener\" data-saferedirecturl=\"https:\/\/www.google.com\/url?q=https:\/\/ochoymedioclub.com\/conciertos\/&amp;source=gmail&amp;ust=1769680261752000&amp;usg=AOvVaw3ZHkBnZfUXvSF0g2dfwHeX\">\u00a0<\/a><a href=\"https:\/\/ochoymedioclub.com\/conciertos\/\" target=\"_blank\" rel=\"noopener\" data-saferedirecturl=\"https:\/\/www.google.com\/url?q=https:\/\/ochoymedioclub.com\/conciertos\/&amp;source=gmail&amp;ust=1769680261752000&amp;usg=AOvVaw3ZHkBnZfUXvSF0g2dfwHeX\"><span style=\"color: #ff40ff;\">haz click aqu\u00ed<\/span><\/a>.<\/div>\t\t\t\t\t\t\t\t<\/div>\n\t\t\t\t<\/div>\n\t\t\t\t<div class=\"elementor-element elementor-element-43d44fd0 elementor-alert-info elementor-widget elementor-widget-alert\" data-id=\"43d44fd0\" data-element_type=\"widget\" data-e-type=\"widget\" data-widget_type=\"alert.default\">\n\t\t\t\t<div class=\"elementor-widget-container\">\n\t\t\t\t\t\t\t<div class=\"elementor-alert\" role=\"alert\">\n\n\t\t\t\t\t\t<span class=\"elementor-alert-title\">POL\u00cdTICA DE MENORES<\/span>\n\t\t\t\n\t\t\t\t\t\t<span class=\"elementor-alert-description\"><a href=\"https:\/\/palausantjordi.barcelona\/es\/informacion\/acceso-de-menores\">Haz click aqu\u00ed<\/a><\/span>\n\t\t\t\n\t\t\t\t\t\t<button type=\"button\" class=\"elementor-alert-dismiss\" aria-label=\"Descartar esta alerta.\">\n\t\t\t\t<i aria-hidden=\"true\" class=\"fas fa-times-circle\"><\/i>\t\t\t<\/button>\n\t\t\t\n\t\t<\/div>\n\t\t\t\t\t\t<\/div>\n\t\t\t\t<\/div>\n\t\t\t\t\t<\/div>\n\t\t<\/div>\n\t\t\t\t<div class=\"elementor-column elementor-col-50 elementor-top-column elementor-element elementor-element-1aa42b62\" data-id=\"1aa42b62\" data-element_type=\"column\" data-e-type=\"column\">\n\t\t\t<div class=\"elementor-widget-wrap elementor-element-populated\">\n\t\t\t\t\t\t<div class=\"elementor-element elementor-element-7738e51b elementor-widget elementor-widget-image\" data-id=\"7738e51b\" data-element_type=\"widget\" data-e-type=\"widget\" data-widget_type=\"image.default\">\n\t\t\t\t<div class=\"elementor-widget-container\">\n\t\t\t\t\t\t\t\t\t\t\t\t\t\t\t<img fetchpriority=\"high\" decoding=\"async\" width=\"751\" height=\"563\" src=\"https:\/\/ochoymedioclub.com\/wp-content\/uploads\/2026\/01\/LGK_4852.png\" class=\"attachment-large size-large wp-image-334607\" alt=\"\" srcset=\"https:\/\/ochoymedioclub.com\/wp-content\/uploads\/2026\/01\/LGK_4852.png 800w, https:\/\/ochoymedioclub.com\/wp-content\/uploads\/2026\/01\/LGK_4852-300x225.png 300w, https:\/\/ochoymedioclub.com\/wp-content\/uploads\/2026\/01\/LGK_4852-768x576.png 768w\" sizes=\"(max-width: 751px) 100vw, 751px\" \/>\t\t\t\t\t\t\t\t\t\t\t\t\t\t\t<\/div>\n\t\t\t\t<\/div>\n\t\t\t\t\t<\/div>\n\t\t<\/div>\n\t\t\t\t\t<\/div>\n\t\t<\/section>\n\t\t\t\t<section class=\"elementor-section elementor-top-section elementor-element elementor-element-1a51379 elementor-section-full_width elementor-section-height-default elementor-section-height-default\" data-id=\"1a51379\" data-element_type=\"section\" data-e-type=\"section\">\n\t\t\t\t\t\t<div class=\"elementor-container elementor-column-gap-default\">\n\t\t\t\t\t<div class=\"elementor-column elementor-col-100 elementor-top-column elementor-element elementor-element-8f51a71\" data-id=\"8f51a71\" data-element_type=\"column\" data-e-type=\"column\">\n\t\t\t<div class=\"elementor-widget-wrap elementor-element-populated\">\n\t\t\t\t\t\t<div class=\"elementor-element elementor-element-3a7ef5a3 elementor-widget elementor-widget-heading\" data-id=\"3a7ef5a3\" data-element_type=\"widget\" data-e-type=\"widget\" data-widget_type=\"heading.default\">\n\t\t\t\t<div class=\"elementor-widget-container\">\n\t\t\t\t\t<h2 class=\"elementor-heading-title elementor-size-default\">VIDEOS<\/h2>\t\t\t\t<\/div>\n\t\t\t\t<\/div>\n\t\t\t\t<section class=\"elementor-section elementor-inner-section elementor-element elementor-element-48e309cb elementor-section-full_width elementor-section-height-default elementor-section-height-default\" data-id=\"48e309cb\" data-element_type=\"section\" data-e-type=\"section\">\n\t\t\t\t\t\t<div class=\"elementor-container elementor-column-gap-default\">\n\t\t\t\t\t<div class=\"elementor-column elementor-col-50 elementor-inner-column elementor-element elementor-element-1ee1de10\" data-id=\"1ee1de10\" data-element_type=\"column\" data-e-type=\"column\">\n\t\t\t<div class=\"elementor-widget-wrap elementor-element-populated\">\n\t\t\t\t\t\t<div class=\"elementor-element elementor-element-691c44f6 elementor-widget elementor-widget-video\" data-id=\"691c44f6\" data-element_type=\"widget\" data-e-type=\"widget\" data-settings=\"{&quot;youtube_url&quot;:&quot;https:\\\/\\\/youtu.be\\\/l32d1Tw4l6c?si=kPdhOKt3oV6R4BHe&quot;,&quot;video_type&quot;:&quot;youtube&quot;,&quot;controls&quot;:&quot;yes&quot;}\" data-widget_type=\"video.default\">\n\t\t\t\t<div class=\"elementor-widget-container\">\n\t\t\t\t\t\t\t<div class=\"elementor-wrapper elementor-open-inline\">\n\t\t\t<div class=\"elementor-video\"><\/div>\t\t<\/div>\n\t\t\t\t\t\t<\/div>\n\t\t\t\t<\/div>\n\t\t\t\t\t<\/div>\n\t\t<\/div>\n\t\t\t\t<div class=\"elementor-column elementor-col-50 elementor-inner-column elementor-element elementor-element-6f7827aa\" data-id=\"6f7827aa\" data-element_type=\"column\" data-e-type=\"column\">\n\t\t\t<div class=\"elementor-widget-wrap elementor-element-populated\">\n\t\t\t\t\t\t<div class=\"elementor-element elementor-element-41326a4 elementor-widget elementor-widget-video\" data-id=\"41326a4\" data-element_type=\"widget\" data-e-type=\"widget\" data-settings=\"{&quot;youtube_url&quot;:&quot;https:\\\/\\\/youtu.be\\\/a3hOeU7w59o?si=2tqu7X-wXYmX48e5&quot;,&quot;video_type&quot;:&quot;youtube&quot;,&quot;controls&quot;:&quot;yes&quot;}\" data-widget_type=\"video.default\">\n\t\t\t\t<div class=\"elementor-widget-container\">\n\t\t\t\t\t\t\t<div class=\"elementor-wrapper elementor-open-inline\">\n\t\t\t<div class=\"elementor-video\"><\/div>\t\t<\/div>\n\t\t\t\t\t\t<\/div>\n\t\t\t\t<\/div>\n\t\t\t\t\t<\/div>\n\t\t<\/div>\n\t\t\t\t\t<\/div>\n\t\t<\/section>\n\t\t\t\t\t<\/div>\n\t\t<\/div>\n\t\t\t\t\t<\/div>\n\t\t<\/section>\n\t\t\t\t<section class=\"elementor-section elementor-top-section elementor-element elementor-element-62a575cf elementor-section-boxed elementor-section-height-default elementor-section-height-default\" data-id=\"62a575cf\" data-element_type=\"section\" data-e-type=\"section\">\n\t\t\t\t\t\t<div class=\"elementor-container elementor-column-gap-default\">\n\t\t\t\t\t<div class=\"elementor-column elementor-col-100 elementor-top-column elementor-element elementor-element-176ac046\" data-id=\"176ac046\" data-element_type=\"column\" data-e-type=\"column\">\n\t\t\t<div class=\"elementor-widget-wrap elementor-element-populated\">\n\t\t\t\t\t\t<div class=\"elementor-element elementor-element-79b1f30f elementor-hidden-desktop elementor-hidden-tablet elementor-hidden-mobile elementor-widget elementor-widget-image\" data-id=\"79b1f30f\" data-element_type=\"widget\" data-e-type=\"widget\" data-widget_type=\"image.default\">\n\t\t\t\t<div class=\"elementor-widget-container\">\n\t\t\t\t\t\t\t\t\t\t\t\t\t\t\t\t<a href=\"https:\/\/goo.gl\/maps\/PRDfEAaXaPJkWqHR7?_ga=2.63512367.1455475853.1663239384-1166735557.1659548828\">\n\t\t\t\t\t\t\t<img decoding=\"async\" width=\"1920\" height=\"1005\" src=\"https:\/\/ochoymedioclub.com\/wp-content\/uploads\/2022\/04\/OCHOYMEDIO_MAPA_Mesa-de-trabajo-1-copia-5.png\" class=\"attachment-full size-full wp-image-87133\" alt=\"\" srcset=\"https:\/\/ochoymedioclub.com\/wp-content\/uploads\/2022\/04\/OCHOYMEDIO_MAPA_Mesa-de-trabajo-1-copia-5.png 1920w, https:\/\/ochoymedioclub.com\/wp-content\/uploads\/2022\/04\/OCHOYMEDIO_MAPA_Mesa-de-trabajo-1-copia-5-300x157.png 300w, https:\/\/ochoymedioclub.com\/wp-content\/uploads\/2022\/04\/OCHOYMEDIO_MAPA_Mesa-de-trabajo-1-copia-5-1024x536.png 1024w, https:\/\/ochoymedioclub.com\/wp-content\/uploads\/2022\/04\/OCHOYMEDIO_MAPA_Mesa-de-trabajo-1-copia-5-768x402.png 768w, https:\/\/ochoymedioclub.com\/wp-content\/uploads\/2022\/04\/OCHOYMEDIO_MAPA_Mesa-de-trabajo-1-copia-5-1536x804.png 1536w, https:\/\/ochoymedioclub.com\/wp-content\/uploads\/2022\/04\/OCHOYMEDIO_MAPA_Mesa-de-trabajo-1-copia-5-1200x628.png 1200w, https:\/\/ochoymedioclub.com\/wp-content\/uploads\/2022\/04\/OCHOYMEDIO_MAPA_Mesa-de-trabajo-1-copia-5-120x63.png 120w, https:\/\/ochoymedioclub.com\/wp-content\/uploads\/2022\/04\/OCHOYMEDIO_MAPA_Mesa-de-trabajo-1-copia-5-81x42.png 81w, https:\/\/ochoymedioclub.com\/wp-content\/uploads\/2022\/04\/OCHOYMEDIO_MAPA_Mesa-de-trabajo-1-copia-5-302x158.png 302w\" sizes=\"(max-width: 1920px) 100vw, 1920px\" \/>\t\t\t\t\t\t\t\t<\/a>\n\t\t\t\t\t\t\t\t\t\t\t\t\t\t\t<\/div>\n\t\t\t\t<\/div>\n\t\t\t\t\t<\/div>\n\t\t<\/div>\n\t\t\t\t\t<\/div>\n\t\t<\/section>\n\t\t\t\t<\/div>\n\t\t","protected":false},"excerpt":{"rendered":"<p><strong><span style=\"color: #999999;\">FECHA: <\/span>jueves, 12 noviembre, 2026<\/strong><\/p>\n<p><strong><span style=\"color: #999999;\">PUERTAS:<\/span> 19:30H<\/strong><\/p>\n<p><strong><span style=\"color: #999999;\">CONCIERTO:<\/span> 21:00H<\/strong><\/p>\n<p><strong><span style=\"color: #999999;\">LUGAR:<\/span> SANT JORDI CLUB (Barcelona)<br \/>\n<\/strong><\/p>\n<p><em><strong>GASTOS DE GESTI\u00d3N YA INCLUIDOS<\/strong><\/em><\/p>\n","protected":false},"author":1,"featured_media":334601,"template":"","meta":{"_acf_changed":false},"product_brand":[],"product_cat":[295,296],"product_tag":[],"class_list":{"0":"post-334482","1":"product","2":"type-product","3":"status-publish","4":"has-post-thumbnail","6":"product_cat-barcelona","7":"product_cat-sant-jordi-club","9":"first","10":"instock","11":"taxable","12":"shipping-taxable","13":"purchasable","14":"product-type-variable","15":"has-default-attributes"},"acf":[],"aioseo_notices":[],"_links":{"self":[{"href":"https:\/\/ochoymedioclub.com\/en\/wp-json\/wp\/v2\/product\/334482","targetHints":{"allow":["GET"]}}],"collection":[{"href":"https:\/\/ochoymedioclub.com\/en\/wp-json\/wp\/v2\/product"}],"about":[{"href":"https:\/\/ochoymedioclub.com\/en\/wp-json\/wp\/v2\/types\/product"}],"author":[{"embeddable":true,"href":"https:\/\/ochoymedioclub.com\/en\/wp-json\/wp\/v2\/users\/1"}],"version-history":[{"count":19,"href":"https:\/\/ochoymedioclub.com\/en\/wp-json\/wp\/v2\/product\/334482\/revisions"}],"predecessor-version":[{"id":334814,"href":"https:\/\/ochoymedioclub.com\/en\/wp-json\/wp\/v2\/product\/334482\/revisions\/334814"}],"wp:featuredmedia":[{"embeddable":true,"href":"https:\/\/ochoymedioclub.com\/en\/wp-json\/wp\/v2\/media\/334601"}],"wp:attachment":[{"href":"https:\/\/ochoymedioclub.com\/en\/wp-json\/wp\/v2\/media?parent=334482"}],"wp:term":[{"taxonomy":"product_brand","embeddable":true,"href":"https:\/\/ochoymedioclub.com\/en\/wp-json\/wp\/v2\/product_brand?post=334482"},{"taxonomy":"product_cat","embeddable":true,"href":"https:\/\/ochoymedioclub.com\/en\/wp-json\/wp\/v2\/product_cat?post=334482"},{"taxonomy":"product_tag","embeddable":true,"href":"https:\/\/ochoymedioclub.com\/en\/wp-json\/wp\/v2\/product_tag?post=334482"}],"curies":[{"name":"wp","href":"https:\/\/api.w.org\/{rel}","templated":true}]}}