{"id":333664,"date":"2026-01-26T11:55:59","date_gmt":"2026-01-26T10:55:59","guid":{"rendered":"https:\/\/ochoymedioclub.com\/?post_type=product&#038;p=333664"},"modified":"2026-04-10T16:03:44","modified_gmt":"2026-04-10T14:03:44","slug":"vangoura","status":"publish","type":"product","link":"https:\/\/ochoymedioclub.com\/en\/conciertos\/vangoura\/","title":{"rendered":"VANGOURA"},"content":{"rendered":"\t\t<div data-elementor-type=\"wp-post\" data-elementor-id=\"333664\" class=\"elementor elementor-333664\" data-elementor-post-type=\"product\">\n\t\t\t\t\t\t<section class=\"elementor-section elementor-top-section elementor-element elementor-element-77b6c23b elementor-section-full_width elementor-section-height-default elementor-section-height-default\" data-id=\"77b6c23b\" data-element_type=\"section\" data-e-type=\"section\">\n\t\t\t\t\t\t<div class=\"elementor-container elementor-column-gap-default\">\n\t\t\t\t\t<div class=\"elementor-column elementor-col-50 elementor-top-column elementor-element elementor-element-264ec871\" data-id=\"264ec871\" data-element_type=\"column\" data-e-type=\"column\">\n\t\t\t<div class=\"elementor-widget-wrap elementor-element-populated\">\n\t\t\t\t\t\t<div class=\"elementor-element elementor-element-59b5fa5f elementor-widget elementor-widget-heading\" data-id=\"59b5fa5f\" data-element_type=\"widget\" data-e-type=\"widget\" data-widget_type=\"heading.default\">\n\t\t\t\t<div class=\"elementor-widget-container\">\n\t\t\t\t\t<h2 class=\"elementor-heading-title elementor-size-default\">INFO<\/h2>\t\t\t\t<\/div>\n\t\t\t\t<\/div>\n\t\t\t\t<div class=\"elementor-element elementor-element-1a7c414e elementor-widget__width-initial elementor-widget elementor-widget-text-editor\" data-id=\"1a7c414e\" data-element_type=\"widget\" data-e-type=\"widget\" data-widget_type=\"text-editor.default\">\n\t\t\t\t<div class=\"elementor-widget-container\">\n\t\t\t\t\t\t\t\t\t<div>Concierto de\u00a0<a href=\"https:\/\/open.spotify.com\/intl-es\/artist\/0f96nYGYNRWeEYi8avVG3g?si=oZ7CpN9oTCK5URl4-2lTbw\" target=\"_blank\" rel=\"noopener\" data-saferedirecturl=\"https:\/\/www.google.com\/url?q=https:\/\/open.spotify.com\/intl-es\/artist\/0f96nYGYNRWeEYi8avVG3g?si%3DoZ7CpN9oTCK5URl4-2lTbw&amp;source=gmail&amp;ust=1769596224209000&amp;usg=AOvVaw3sWUFNOlq87-L3OQ47FCyl\"><span style=\"color: #ff40ff;\">vangoura<\/span><\/a>\u00a0el 23 de octubre en la\u00a0<a href=\"https:\/\/www.google.com\/maps\/place\/Sala+But\/@40.426975,-3.699763,17z\/data=!3m1!4b1!4m6!3m5!1s0xd42288914a48c07:0x24eb987ea2343c8c!8m2!3d40.426975!4d-3.699763!16s\/g\/1tzl_85q?entry=tts&amp;g_ep=EgoyMDI1MDUyMS4wIPu8ASoASAFQAw==&amp;skid=c5056f7f-22a2-46ca-9ce0-eeac647703f6\" target=\"_blank\" rel=\"noopener\" data-saferedirecturl=\"https:\/\/www.google.com\/url?q=https:\/\/www.google.com\/maps\/place\/Sala%2BBut\/@40.426975,-3.699763,17z\/data%3D!3m1!4b1!4m6!3m5!1s0xd42288914a48c07:0x24eb987ea2343c8c!8m2!3d40.426975!4d-3.699763!16s\/g\/1tzl_85q?entry%3Dtts%26g_ep%3DEgoyMDI1MDUyMS4wIPu8ASoASAFQAw%3D%3D%26skid%3Dc5056f7f-22a2-46ca-9ce0-eeac647703f6&amp;source=gmail&amp;ust=1769596224209000&amp;usg=AOvVaw03RXK1474JFRwC1DYa7Sou\"><span style=\"color: #ff40ff;\">Sala But<\/span><\/a>\u00a0dentro de la programaci\u00f3n de Ochoymedio Live. \u00a1Entradas aqu\u00ed!<\/div><div>\u00a0<\/div><div><a href=\"https:\/\/open.spotify.com\/intl-es\/artist\/0f96nYGYNRWeEYi8avVG3g?si=oZ7CpN9oTCK5URl4-2lTbw\" target=\"_blank\" rel=\"noopener\" data-saferedirecturl=\"https:\/\/www.google.com\/url?q=https:\/\/open.spotify.com\/intl-es\/artist\/0f96nYGYNRWeEYi8avVG3g?si%3DoZ7CpN9oTCK5URl4-2lTbw&amp;source=gmail&amp;ust=1769596224209000&amp;usg=AOvVaw3sWUFNOlq87-L3OQ47FCyl\"><span style=\"color: #ff40ff;\">vangoura<\/span><\/a> es un d\u00fao madrile\u00f1o de indie pop formado por Miguel Figueras e Ignacio Alarc\u00f3n, con un estilo a medio camino entre sonidos vanguardistas y las estructuras cl\u00e1sicas del pop.<\/div><div>\u00a0<\/div><div><span style=\"font-size: medium;\">&#8220;<\/span><a href=\"https:\/\/open.spotify.com\/intl-es\/track\/0RfuDobFpjFc7KZZJSlptr?si=418a9ed047344924\" target=\"_blank\" rel=\"noopener\" data-saferedirecturl=\"https:\/\/www.google.com\/url?q=https:\/\/open.spotify.com\/intl-es\/track\/0RfuDobFpjFc7KZZJSlptr?si%3D418a9ed047344924&amp;source=gmail&amp;ust=1769596224209000&amp;usg=AOvVaw10eTH5JlmNeiKRBbYTY6xt\"><span style=\"color: #ff40ff;\">Un lugar para ti<\/span><\/a>\u201d es el primer lanzamiento de 2026 para el d\u00fao, y el segundo single de esta nueva etapa, con la producci\u00f3n de Paco Salazar (Dani Mart\u00edn, Dani Fern\u00e1ndez, La Oreja de Van Gogh\u2026), sumada a la de Miguel Figueras (vangoura). Un sonido cada vez m\u00e1s potente de pop luminoso, bien encajado entre guitarras, que va directo al pecho. Un\u00a0aperitivo de lo que est\u00e1 por venir este a\u00f1o.<\/div><div>\u00a0<\/div><div>Para consultar toda la programaci\u00f3n de Ochoymedio, <a href=\"https:\/\/ochoymedioclub.com\/conciertos\/\" target=\"_blank\" rel=\"noopener\" data-saferedirecturl=\"https:\/\/www.google.com\/url?q=https:\/\/ochoymedioclub.com\/conciertos\/&amp;source=gmail&amp;ust=1769596224209000&amp;usg=AOvVaw03hlmB2DeXn25ad_-Sz8bv\"><span style=\"color: #ff40ff;\">haz click aqu\u00ed<\/span><\/a>.<\/div>\t\t\t\t\t\t\t\t<\/div>\n\t\t\t\t<\/div>\n\t\t\t\t\t<\/div>\n\t\t<\/div>\n\t\t\t\t<div class=\"elementor-column elementor-col-50 elementor-top-column elementor-element elementor-element-72d6922\" data-id=\"72d6922\" data-element_type=\"column\" data-e-type=\"column\">\n\t\t\t<div class=\"elementor-widget-wrap elementor-element-populated\">\n\t\t\t\t\t\t<div class=\"elementor-element elementor-element-8fa0247 elementor-widget elementor-widget-image\" data-id=\"8fa0247\" data-element_type=\"widget\" data-e-type=\"widget\" data-widget_type=\"image.default\">\n\t\t\t\t<div class=\"elementor-widget-container\">\n\t\t\t\t\t\t\t\t\t\t\t\t\t\t\t<img fetchpriority=\"high\" decoding=\"async\" width=\"751\" height=\"517\" src=\"https:\/\/ochoymedioclub.com\/wp-content\/uploads\/2026\/01\/Tren_Vangoura_0035.png\" class=\"attachment-large size-large wp-image-333668\" alt=\"\" srcset=\"https:\/\/ochoymedioclub.com\/wp-content\/uploads\/2026\/01\/Tren_Vangoura_0035.png 800w, https:\/\/ochoymedioclub.com\/wp-content\/uploads\/2026\/01\/Tren_Vangoura_0035-300x207.png 300w, https:\/\/ochoymedioclub.com\/wp-content\/uploads\/2026\/01\/Tren_Vangoura_0035-768x529.png 768w\" sizes=\"(max-width: 751px) 100vw, 751px\" \/>\t\t\t\t\t\t\t\t\t\t\t\t\t\t\t<\/div>\n\t\t\t\t<\/div>\n\t\t\t\t\t<\/div>\n\t\t<\/div>\n\t\t\t\t\t<\/div>\n\t\t<\/section>\n\t\t\t\t<section class=\"elementor-section elementor-top-section elementor-element elementor-element-12240367 elementor-section-full_width elementor-section-height-default elementor-section-height-default\" data-id=\"12240367\" data-element_type=\"section\" data-e-type=\"section\">\n\t\t\t\t\t\t<div class=\"elementor-container elementor-column-gap-default\">\n\t\t\t\t\t<div class=\"elementor-column elementor-col-100 elementor-top-column elementor-element elementor-element-6e5d1384\" data-id=\"6e5d1384\" data-element_type=\"column\" data-e-type=\"column\">\n\t\t\t<div class=\"elementor-widget-wrap elementor-element-populated\">\n\t\t\t\t\t\t<div class=\"elementor-element elementor-element-1aa2dd6 elementor-widget elementor-widget-heading\" data-id=\"1aa2dd6\" data-element_type=\"widget\" data-e-type=\"widget\" data-widget_type=\"heading.default\">\n\t\t\t\t<div class=\"elementor-widget-container\">\n\t\t\t\t\t<h2 class=\"elementor-heading-title elementor-size-default\">VIDEOS<\/h2>\t\t\t\t<\/div>\n\t\t\t\t<\/div>\n\t\t\t\t<section class=\"elementor-section elementor-inner-section elementor-element elementor-element-b4aac70 elementor-section-boxed elementor-section-height-default elementor-section-height-default\" data-id=\"b4aac70\" data-element_type=\"section\" data-e-type=\"section\">\n\t\t\t\t\t\t<div class=\"elementor-container elementor-column-gap-default\">\n\t\t\t\t\t<div class=\"elementor-column elementor-col-50 elementor-inner-column elementor-element elementor-element-5be3760a\" data-id=\"5be3760a\" data-element_type=\"column\" data-e-type=\"column\">\n\t\t\t<div class=\"elementor-widget-wrap elementor-element-populated\">\n\t\t\t\t\t\t<div class=\"elementor-element elementor-element-3c9ce98e elementor-widget elementor-widget-video\" data-id=\"3c9ce98e\" data-element_type=\"widget\" data-e-type=\"widget\" data-settings=\"{&quot;youtube_url&quot;:&quot;https:\\\/\\\/www.youtube.com\\\/watch?v=reW1YklL7G8&quot;,&quot;video_type&quot;:&quot;youtube&quot;,&quot;controls&quot;:&quot;yes&quot;}\" data-widget_type=\"video.default\">\n\t\t\t\t<div class=\"elementor-widget-container\">\n\t\t\t\t\t\t\t<div class=\"elementor-wrapper elementor-open-inline\">\n\t\t\t<div class=\"elementor-video\"><\/div>\t\t<\/div>\n\t\t\t\t\t\t<\/div>\n\t\t\t\t<\/div>\n\t\t\t\t\t<\/div>\n\t\t<\/div>\n\t\t\t\t<div class=\"elementor-column elementor-col-50 elementor-inner-column elementor-element elementor-element-3b4fc9ba\" data-id=\"3b4fc9ba\" data-element_type=\"column\" data-e-type=\"column\">\n\t\t\t<div class=\"elementor-widget-wrap elementor-element-populated\">\n\t\t\t\t\t\t<div class=\"elementor-element elementor-element-de81106 elementor-widget elementor-widget-video\" data-id=\"de81106\" data-element_type=\"widget\" data-e-type=\"widget\" data-settings=\"{&quot;youtube_url&quot;:&quot;https:\\\/\\\/www.youtube.com\\\/watch?v=rEoBXEWhxnA&quot;,&quot;video_type&quot;:&quot;youtube&quot;,&quot;controls&quot;:&quot;yes&quot;}\" data-widget_type=\"video.default\">\n\t\t\t\t<div class=\"elementor-widget-container\">\n\t\t\t\t\t\t\t<div class=\"elementor-wrapper elementor-open-inline\">\n\t\t\t<div class=\"elementor-video\"><\/div>\t\t<\/div>\n\t\t\t\t\t\t<\/div>\n\t\t\t\t<\/div>\n\t\t\t\t\t<\/div>\n\t\t<\/div>\n\t\t\t\t\t<\/div>\n\t\t<\/section>\n\t\t\t\t\t<\/div>\n\t\t<\/div>\n\t\t\t\t\t<\/div>\n\t\t<\/section>\n\t\t\t\t<section class=\"elementor-section elementor-top-section elementor-element elementor-element-3ebb6423 elementor-section-boxed elementor-section-height-default elementor-section-height-default\" data-id=\"3ebb6423\" data-element_type=\"section\" data-e-type=\"section\">\n\t\t\t\t\t\t<div class=\"elementor-container elementor-column-gap-default\">\n\t\t\t\t\t<div class=\"elementor-column elementor-col-100 elementor-top-column elementor-element elementor-element-861e102\" data-id=\"861e102\" data-element_type=\"column\" data-e-type=\"column\">\n\t\t\t<div class=\"elementor-widget-wrap elementor-element-populated\">\n\t\t\t\t\t\t<div class=\"elementor-element elementor-element-3aab5bed elementor-alert-info elementor-widget elementor-widget-alert\" data-id=\"3aab5bed\" data-element_type=\"widget\" data-e-type=\"widget\" data-widget_type=\"alert.default\">\n\t\t\t\t<div class=\"elementor-widget-container\">\n\t\t\t\t\t\t\t<div class=\"elementor-alert\" role=\"alert\">\n\n\t\t\t\t\t\t<span class=\"elementor-alert-title\">POL\u00cdTICA DE MENORES<\/span>\n\t\t\t\n\t\t\t\t\t\t<span class=\"elementor-alert-description\"><a href=\"https:\/\/ochoymedioclub.com\/menores\/\">Haz click aqu\u00ed<\/a><\/span>\n\t\t\t\n\t\t\t\t\t\t<button type=\"button\" class=\"elementor-alert-dismiss\" aria-label=\"Dismiss this alert.\">\n\t\t\t\t<i aria-hidden=\"true\" class=\"fas fa-times-circle\"><\/i>\t\t\t<\/button>\n\t\t\t\n\t\t<\/div>\n\t\t\t\t\t\t<\/div>\n\t\t\t\t<\/div>\n\t\t\t\t<div class=\"elementor-element elementor-element-1ec8b8f7 elementor-widget elementor-widget-image\" data-id=\"1ec8b8f7\" data-element_type=\"widget\" data-e-type=\"widget\" data-widget_type=\"image.default\">\n\t\t\t\t<div class=\"elementor-widget-container\">\n\t\t\t\t\t\t\t\t\t\t\t\t\t\t\t\t<a href=\"https:\/\/goo.gl\/maps\/PRDfEAaXaPJkWqHR7?_ga=2.63512367.1455475853.1663239384-1166735557.1659548828\">\n\t\t\t\t\t\t\t<img decoding=\"async\" width=\"1920\" height=\"1005\" src=\"https:\/\/ochoymedioclub.com\/wp-content\/uploads\/2022\/04\/OCHOYMEDIO_MAPA_Mesa-de-trabajo-1-copia-5.png\" class=\"attachment-full size-full wp-image-102360\" alt=\"\" srcset=\"https:\/\/ochoymedioclub.com\/wp-content\/uploads\/2022\/04\/OCHOYMEDIO_MAPA_Mesa-de-trabajo-1-copia-5.png 1920w, https:\/\/ochoymedioclub.com\/wp-content\/uploads\/2022\/04\/OCHOYMEDIO_MAPA_Mesa-de-trabajo-1-copia-5-300x157.png 300w, https:\/\/ochoymedioclub.com\/wp-content\/uploads\/2022\/04\/OCHOYMEDIO_MAPA_Mesa-de-trabajo-1-copia-5-1024x536.png 1024w, https:\/\/ochoymedioclub.com\/wp-content\/uploads\/2022\/04\/OCHOYMEDIO_MAPA_Mesa-de-trabajo-1-copia-5-768x402.png 768w, https:\/\/ochoymedioclub.com\/wp-content\/uploads\/2022\/04\/OCHOYMEDIO_MAPA_Mesa-de-trabajo-1-copia-5-1536x804.png 1536w, https:\/\/ochoymedioclub.com\/wp-content\/uploads\/2022\/04\/OCHOYMEDIO_MAPA_Mesa-de-trabajo-1-copia-5-1200x628.png 1200w, https:\/\/ochoymedioclub.com\/wp-content\/uploads\/2022\/04\/OCHOYMEDIO_MAPA_Mesa-de-trabajo-1-copia-5-120x63.png 120w, https:\/\/ochoymedioclub.com\/wp-content\/uploads\/2022\/04\/OCHOYMEDIO_MAPA_Mesa-de-trabajo-1-copia-5-81x42.png 81w, https:\/\/ochoymedioclub.com\/wp-content\/uploads\/2022\/04\/OCHOYMEDIO_MAPA_Mesa-de-trabajo-1-copia-5-302x158.png 302w\" sizes=\"(max-width: 1920px) 100vw, 1920px\" \/>\t\t\t\t\t\t\t\t<\/a>\n\t\t\t\t\t\t\t\t\t\t\t\t\t\t\t<\/div>\n\t\t\t\t<\/div>\n\t\t\t\t\t<\/div>\n\t\t<\/div>\n\t\t\t\t\t<\/div>\n\t\t<\/section>\n\t\t\t\t<\/div>\n\t\t","protected":false},"excerpt":{"rendered":"<p><strong><span style=\"color: #999999;\">FECHA: <\/span>viernes, 23 octubre, 2026<\/strong><\/p>\n<p><strong><span style=\"color: #999999;\">HORA:<\/span> 20:00H<\/strong><\/p>\n<p><strong><span style=\"color: #999999;\">LUGAR:<\/span> SALA BUT<\/strong><\/p>\n<p><em><strong>GASTOS DE GESTI\u00d3N YA INCLUIDOS<\/strong><\/em><\/p>\n","protected":false},"author":1,"featured_media":333758,"template":"","meta":{"_acf_changed":false},"product_brand":[],"product_cat":[29],"product_tag":[],"class_list":{"0":"post-333664","1":"product","2":"type-product","3":"status-publish","4":"has-post-thumbnail","6":"product_cat-sala-but","8":"first","9":"instock","10":"virtual","11":"taxable","12":"purchasable","13":"product-type-simple"},"acf":[],"aioseo_notices":[],"_links":{"self":[{"href":"https:\/\/ochoymedioclub.com\/en\/wp-json\/wp\/v2\/product\/333664","targetHints":{"allow":["GET"]}}],"collection":[{"href":"https:\/\/ochoymedioclub.com\/en\/wp-json\/wp\/v2\/product"}],"about":[{"href":"https:\/\/ochoymedioclub.com\/en\/wp-json\/wp\/v2\/types\/product"}],"author":[{"embeddable":true,"href":"https:\/\/ochoymedioclub.com\/en\/wp-json\/wp\/v2\/users\/1"}],"version-history":[{"count":9,"href":"https:\/\/ochoymedioclub.com\/en\/wp-json\/wp\/v2\/product\/333664\/revisions"}],"predecessor-version":[{"id":337605,"href":"https:\/\/ochoymedioclub.com\/en\/wp-json\/wp\/v2\/product\/333664\/revisions\/337605"}],"wp:featuredmedia":[{"embeddable":true,"href":"https:\/\/ochoymedioclub.com\/en\/wp-json\/wp\/v2\/media\/333758"}],"wp:attachment":[{"href":"https:\/\/ochoymedioclub.com\/en\/wp-json\/wp\/v2\/media?parent=333664"}],"wp:term":[{"taxonomy":"product_brand","embeddable":true,"href":"https:\/\/ochoymedioclub.com\/en\/wp-json\/wp\/v2\/product_brand?post=333664"},{"taxonomy":"product_cat","embeddable":true,"href":"https:\/\/ochoymedioclub.com\/en\/wp-json\/wp\/v2\/product_cat?post=333664"},{"taxonomy":"product_tag","embeddable":true,"href":"https:\/\/ochoymedioclub.com\/en\/wp-json\/wp\/v2\/product_tag?post=333664"}],"curies":[{"name":"wp","href":"https:\/\/api.w.org\/{rel}","templated":true}]}}