{"id":332665,"date":"2026-01-15T12:55:03","date_gmt":"2026-01-15T11:55:03","guid":{"rendered":"https:\/\/ochoymedioclub.com\/?post_type=product&#038;p=332665"},"modified":"2026-04-12T21:35:00","modified_gmt":"2026-04-12T19:35:00","slug":"myss-keta","status":"publish","type":"product","link":"https:\/\/ochoymedioclub.com\/en\/conciertos\/myss-keta\/","title":{"rendered":"M\u00a5SS KETA"},"content":{"rendered":"\t\t<div data-elementor-type=\"wp-post\" data-elementor-id=\"332665\" class=\"elementor elementor-332665\" data-elementor-post-type=\"product\">\n\t\t\t\t\t\t<section class=\"elementor-section elementor-top-section elementor-element elementor-element-341ad142 elementor-section-full_width elementor-section-height-default elementor-section-height-default\" data-id=\"341ad142\" data-element_type=\"section\" data-e-type=\"section\">\n\t\t\t\t\t\t<div class=\"elementor-container elementor-column-gap-default\">\n\t\t\t\t\t<div class=\"elementor-column elementor-col-50 elementor-top-column elementor-element elementor-element-28e7087b\" data-id=\"28e7087b\" data-element_type=\"column\" data-e-type=\"column\">\n\t\t\t<div class=\"elementor-widget-wrap elementor-element-populated\">\n\t\t\t\t\t\t<div class=\"elementor-element elementor-element-1ada8e8 elementor-widget elementor-widget-heading\" data-id=\"1ada8e8\" data-element_type=\"widget\" data-e-type=\"widget\" data-widget_type=\"heading.default\">\n\t\t\t\t<div class=\"elementor-widget-container\">\n\t\t\t\t\t<h2 class=\"elementor-heading-title elementor-size-default\">INFO<\/h2>\t\t\t\t<\/div>\n\t\t\t\t<\/div>\n\t\t\t\t<div class=\"elementor-element elementor-element-706bdca7 elementor-widget elementor-widget-text-editor\" data-id=\"706bdca7\" data-element_type=\"widget\" data-e-type=\"widget\" data-widget_type=\"text-editor.default\">\n\t\t\t\t<div class=\"elementor-widget-container\">\n\t\t\t\t\t\t\t\t\t<div>Concierto de\u00a0<a href=\"https:\/\/open.spotify.com\/intl-es\/artist\/594PwrFy2mmLueuUwUgoCM?si=3SzUFyWRT4urT4dkB2wbrQ\" target=\"_blank\" rel=\"noopener\" data-saferedirecturl=\"https:\/\/www.google.com\/url?q=https:\/\/open.spotify.com\/intl-es\/artist\/594PwrFy2mmLueuUwUgoCM?si%3D3SzUFyWRT4urT4dkB2wbrQ&amp;source=gmail&amp;ust=1769613268013000&amp;usg=AOvVaw1B-RLy5b44OJOhdjUjl7Ca\"><span style=\"color: #ff40ff;\">M\u00a5SS\u00a0KETA<\/span><\/a>\u00a0el 7 de mayo en la\u00a0<a href=\"https:\/\/www.google.com\/maps\/place\/Chang%C3%B3+Club+(Peral%C2%B4s+temple)\/@40.431687,-3.7084109,15z\/data=!3m1!4b1!4m6!3m5!1s0xd42288b6307c987:0x900b73668382a460!8m2!3d40.4316875!4d-3.6981326!16s\/g\/1tdpbx_d?coh=210790&amp;entry=tts&amp;g_ep=EgoyMDI0MDUwNS4wKgBIAVAD\" target=\"_blank\" rel=\"noopener\" data-saferedirecturl=\"https:\/\/www.google.com\/url?q=https:\/\/www.google.com\/maps\/place\/Chang%25C3%25B3%2BClub%2B(Peral%25C2%25B4s%2Btemple)\/@40.431687,-3.7084109,15z\/data%3D!3m1!4b1!4m6!3m5!1s0xd42288b6307c987:0x900b73668382a460!8m2!3d40.4316875!4d-3.6981326!16s\/g\/1tdpbx_d?coh%3D210790%26entry%3Dtts%26g_ep%3DEgoyMDI0MDUwNS4wKgBIAVAD&amp;source=gmail&amp;ust=1769613268013000&amp;usg=AOvVaw26fy9OUAcja3MP9DnU-IaZ\"><span style=\"color: #ff40ff;\">Sala Chang\u00f3<\/span><\/a>\u00a0dentro de la programaci\u00f3n de Ochoymedio Live. \u00a1Entradas aqu\u00ed!<\/div><div>\u00a0<\/div><div><a href=\"https:\/\/open.spotify.com\/intl-es\/artist\/594PwrFy2mmLueuUwUgoCM?si=3SzUFyWRT4urT4dkB2wbrQ\" target=\"_blank\" rel=\"noopener\" data-saferedirecturl=\"https:\/\/www.google.com\/url?q=https:\/\/open.spotify.com\/intl-es\/artist\/594PwrFy2mmLueuUwUgoCM?si%3D3SzUFyWRT4urT4dkB2wbrQ&amp;source=gmail&amp;ust=1769613268013000&amp;usg=AOvVaw1B-RLy5b44OJOhdjUjl7Ca\"><span style=\"color: #ff40ff;\">M\u00a5SS\u00a0KETA<\/span><\/a>\u00a0es performer, rapera con actitud punk y un icono pop sin rostro que ha convertido el anonimato en s\u00edmbolo. Situacionista, provocadora y siempre vinculada a las luchas por los derechos civiles, la igualdad de g\u00e9nero y la comunidad LGBTQI+, su imaginario conecta club, pol\u00edtica y cultura pop desde una mirada irreverente y radical.<\/div><div>\u00a0<\/div><div>Su m\u00fasica fusiona pop y rap con una fuerte base electr\u00f3nica y una energ\u00eda que incendia la pista. Ha pasado por escenarios clave de Europa, de Berghain al Teatro Ariston, y suma \u00e9xitos certificados como\u00a0<a href=\"https:\/\/open.spotify.com\/intl-es\/track\/5rtuF6ug2n2XmQBFvJc7kd?si=6014f66e4766459a\" target=\"_blank\" rel=\"noopener\" data-saferedirecturl=\"https:\/\/www.google.com\/url?q=https:\/\/open.spotify.com\/intl-es\/track\/5rtuF6ug2n2XmQBFvJc7kd?si%3D6014f66e4766459a&amp;source=gmail&amp;ust=1769613268013000&amp;usg=AOvVaw2DwU7U3o0gqyQ5JIx-ngSW\"><span style=\"color: #ff40ff;\">&#8216;PAZZESKA&#8217;<\/span><\/a>\u00a0o\u00a0<a href=\"https:\/\/open.spotify.com\/intl-es\/track\/0JbzHTWp24Fe1l7NBzzp4p?si=c9a01d6353554dd2\" target=\"_blank\" rel=\"noopener\" data-saferedirecturl=\"https:\/\/www.google.com\/url?q=https:\/\/open.spotify.com\/intl-es\/track\/0JbzHTWp24Fe1l7NBzzp4p?si%3Dc9a01d6353554dd2&amp;source=gmail&amp;ust=1769613268013000&amp;usg=AOvVaw2kjWw0g_FyjCYiQwhx1fnF\"><span style=\"color: #ff40ff;\">&#8216;FINIMONDO&#8217;<\/span><\/a>, adem\u00e1s de un \u00faltimo \u00e1lbum,\u00a0<a href=\"https:\/\/open.spotify.com\/intl-es\/album\/3O6VSdQElvi8Eq1iYbvFMS?si=ZBthBvi7RL2LgyOoJKz8FQ\" target=\"_blank\" rel=\"noopener\" data-saferedirecturl=\"https:\/\/www.google.com\/url?q=https:\/\/open.spotify.com\/intl-es\/album\/3O6VSdQElvi8Eq1iYbvFMS?si%3DZBthBvi7RL2LgyOoJKz8FQ&amp;source=gmail&amp;ust=1769613268013000&amp;usg=AOvVaw2lEU5Y7-Yj24lluRmr0wG5\"><span style=\"color: #ff40ff;\">&#8216;.&#8217;\u00a0<\/span><\/a>(2025), que supera los\u00a0<a href=\"https:\/\/open.spotify.com\/intl-es\/album\/3O6VSdQElvi8Eq1iYbvFMS?si=ZBthBvi7RL2LgyOoJKz8FQ\" target=\"_blank\" rel=\"noopener\" data-saferedirecturl=\"https:\/\/www.google.com\/url?q=https:\/\/open.spotify.com\/intl-es\/album\/3O6VSdQElvi8Eq1iYbvFMS?si%3DZBthBvi7RL2LgyOoJKz8FQ&amp;source=gmail&amp;ust=1769613268013000&amp;usg=AOvVaw2lEU5Y7-Yj24lluRmr0wG5\"><span style=\"color: #ff40ff;\">500 millones de reproducciones<\/span><\/a>.\u00a0<\/div><div>\u00a0<\/div><div>Para consultar toda la programaci\u00f3n de Ochoymedio,\u00a0<a href=\"https:\/\/ochoymedioclub.com\/conciertos\/\" target=\"_blank\" rel=\"noopener\" data-saferedirecturl=\"https:\/\/www.google.com\/url?q=https:\/\/ochoymedioclub.com\/conciertos\/&amp;source=gmail&amp;ust=1769613268013000&amp;usg=AOvVaw2Qvvt3UZRL1uhtLdns2BrC\"><span style=\"color: #ff40ff;\">haz click aqu\u00ed<\/span><\/a>.<\/div>\t\t\t\t\t\t\t\t<\/div>\n\t\t\t\t<\/div>\n\t\t\t\t\t<\/div>\n\t\t<\/div>\n\t\t\t\t<div class=\"elementor-column elementor-col-50 elementor-top-column elementor-element elementor-element-4f35675c\" data-id=\"4f35675c\" data-element_type=\"column\" data-e-type=\"column\">\n\t\t\t<div class=\"elementor-widget-wrap elementor-element-populated\">\n\t\t\t\t\t\t<div class=\"elementor-element elementor-element-52c8a79c elementor-widget elementor-widget-image\" data-id=\"52c8a79c\" data-element_type=\"widget\" data-e-type=\"widget\" data-widget_type=\"image.default\">\n\t\t\t\t<div class=\"elementor-widget-container\">\n\t\t\t\t\t\t\t\t\t\t\t\t\t\t\t<img fetchpriority=\"high\" decoding=\"async\" width=\"800\" height=\"1029\" src=\"https:\/\/ochoymedioclub.com\/wp-content\/uploads\/2026\/01\/myss-keta.png\" class=\"attachment-full size-full wp-image-332667\" alt=\"\" srcset=\"https:\/\/ochoymedioclub.com\/wp-content\/uploads\/2026\/01\/myss-keta.png 800w, https:\/\/ochoymedioclub.com\/wp-content\/uploads\/2026\/01\/myss-keta-233x300.png 233w, https:\/\/ochoymedioclub.com\/wp-content\/uploads\/2026\/01\/myss-keta-796x1024.png 796w, https:\/\/ochoymedioclub.com\/wp-content\/uploads\/2026\/01\/myss-keta-768x988.png 768w, https:\/\/ochoymedioclub.com\/wp-content\/uploads\/2026\/01\/myss-keta-300x386.png 300w\" sizes=\"(max-width: 800px) 100vw, 800px\" \/>\t\t\t\t\t\t\t\t\t\t\t\t\t\t\t<\/div>\n\t\t\t\t<\/div>\n\t\t\t\t\t<\/div>\n\t\t<\/div>\n\t\t\t\t\t<\/div>\n\t\t<\/section>\n\t\t\t\t<section class=\"elementor-section elementor-top-section elementor-element elementor-element-11cd9e5e elementor-section-full_width elementor-section-height-default elementor-section-height-default\" data-id=\"11cd9e5e\" data-element_type=\"section\" data-e-type=\"section\">\n\t\t\t\t\t\t<div class=\"elementor-container elementor-column-gap-default\">\n\t\t\t\t\t<div class=\"elementor-column elementor-col-100 elementor-top-column elementor-element elementor-element-257b2683\" data-id=\"257b2683\" data-element_type=\"column\" data-e-type=\"column\">\n\t\t\t<div class=\"elementor-widget-wrap elementor-element-populated\">\n\t\t\t\t\t\t<div class=\"elementor-element elementor-element-7134fead elementor-widget elementor-widget-heading\" data-id=\"7134fead\" data-element_type=\"widget\" data-e-type=\"widget\" data-widget_type=\"heading.default\">\n\t\t\t\t<div class=\"elementor-widget-container\">\n\t\t\t\t\t<h2 class=\"elementor-heading-title elementor-size-default\">VIDEOS<\/h2>\t\t\t\t<\/div>\n\t\t\t\t<\/div>\n\t\t\t\t<section class=\"elementor-section elementor-inner-section elementor-element elementor-element-4721f4bd elementor-section-boxed elementor-section-height-default elementor-section-height-default\" data-id=\"4721f4bd\" data-element_type=\"section\" data-e-type=\"section\">\n\t\t\t\t\t\t<div class=\"elementor-container elementor-column-gap-default\">\n\t\t\t\t\t<div class=\"elementor-column elementor-col-50 elementor-inner-column elementor-element elementor-element-9da9e27\" data-id=\"9da9e27\" data-element_type=\"column\" data-e-type=\"column\">\n\t\t\t<div class=\"elementor-widget-wrap elementor-element-populated\">\n\t\t\t\t\t\t<div class=\"elementor-element elementor-element-490e5fa8 elementor-widget elementor-widget-video\" data-id=\"490e5fa8\" data-element_type=\"widget\" data-e-type=\"widget\" data-settings=\"{&quot;youtube_url&quot;:&quot;https:\\\/\\\/www.youtube.com\\\/watch?v=kMcd_QwRLMk&quot;,&quot;video_type&quot;:&quot;youtube&quot;,&quot;controls&quot;:&quot;yes&quot;}\" data-widget_type=\"video.default\">\n\t\t\t\t<div class=\"elementor-widget-container\">\n\t\t\t\t\t\t\t<div class=\"elementor-wrapper elementor-open-inline\">\n\t\t\t<div class=\"elementor-video\"><\/div>\t\t<\/div>\n\t\t\t\t\t\t<\/div>\n\t\t\t\t<\/div>\n\t\t\t\t\t<\/div>\n\t\t<\/div>\n\t\t\t\t<div class=\"elementor-column elementor-col-50 elementor-inner-column elementor-element elementor-element-18fad8f2\" data-id=\"18fad8f2\" data-element_type=\"column\" data-e-type=\"column\">\n\t\t\t<div class=\"elementor-widget-wrap elementor-element-populated\">\n\t\t\t\t\t\t<div class=\"elementor-element elementor-element-42c33b78 elementor-widget elementor-widget-video\" data-id=\"42c33b78\" data-element_type=\"widget\" data-e-type=\"widget\" data-settings=\"{&quot;youtube_url&quot;:&quot;https:\\\/\\\/www.youtube.com\\\/watch?v=eC0f9G6Lm68&quot;,&quot;video_type&quot;:&quot;youtube&quot;,&quot;controls&quot;:&quot;yes&quot;}\" data-widget_type=\"video.default\">\n\t\t\t\t<div class=\"elementor-widget-container\">\n\t\t\t\t\t\t\t<div class=\"elementor-wrapper elementor-open-inline\">\n\t\t\t<div class=\"elementor-video\"><\/div>\t\t<\/div>\n\t\t\t\t\t\t<\/div>\n\t\t\t\t<\/div>\n\t\t\t\t\t<\/div>\n\t\t<\/div>\n\t\t\t\t\t<\/div>\n\t\t<\/section>\n\t\t\t\t\t<\/div>\n\t\t<\/div>\n\t\t\t\t\t<\/div>\n\t\t<\/section>\n\t\t\t\t<section class=\"elementor-section elementor-top-section elementor-element elementor-element-2e449ee6 elementor-section-boxed elementor-section-height-default elementor-section-height-default\" data-id=\"2e449ee6\" data-element_type=\"section\" data-e-type=\"section\">\n\t\t\t\t\t\t<div class=\"elementor-container elementor-column-gap-default\">\n\t\t\t\t\t<div class=\"elementor-column elementor-col-100 elementor-top-column elementor-element elementor-element-377fbeb0\" data-id=\"377fbeb0\" data-element_type=\"column\" data-e-type=\"column\">\n\t\t\t<div class=\"elementor-widget-wrap elementor-element-populated\">\n\t\t\t\t\t\t<div class=\"elementor-element elementor-element-101dea7c elementor-alert-info elementor-widget elementor-widget-alert\" data-id=\"101dea7c\" data-element_type=\"widget\" data-e-type=\"widget\" data-widget_type=\"alert.default\">\n\t\t\t\t<div class=\"elementor-widget-container\">\n\t\t\t\t\t\t\t<div class=\"elementor-alert\" role=\"alert\">\n\n\t\t\t\t\t\t<span class=\"elementor-alert-title\">POL\u00cdTICA DE MENORES<\/span>\n\t\t\t\n\t\t\t\t\t\t<span class=\"elementor-alert-description\"><a href=\"https:\/\/ochoymedioclub.com\/menores\/\">Haz click aqu\u00ed<\/a><\/span>\n\t\t\t\n\t\t\t\t\t\t<button type=\"button\" class=\"elementor-alert-dismiss\" aria-label=\"Descartar esta alerta.\">\n\t\t\t\t<i aria-hidden=\"true\" class=\"fas fa-times-circle\"><\/i>\t\t\t<\/button>\n\t\t\t\n\t\t<\/div>\n\t\t\t\t\t\t<\/div>\n\t\t\t\t<\/div>\n\t\t\t\t\t<\/div>\n\t\t<\/div>\n\t\t\t\t\t<\/div>\n\t\t<\/section>\n\t\t\t\t<\/div>\n\t\t","protected":false},"excerpt":{"rendered":"<p><strong><span style=\"color: #999999;\">FECHA:<\/span> jueves, 7 mayo, 2026<\/strong><\/p>\n<p><strong><span style=\"color: #999999;\">HORA:<\/span> PUERTAS 20:00H<\/strong><\/p>\n<p><strong><span style=\"color: #999999;\">LUGAR:<\/span> SALA CHANG\u00d3<\/strong><\/p>\n<p><em><strong>GASTOS DE GESTI\u00d3N YA INCLUIDOS<\/strong><\/em><\/p>\n","protected":false},"author":1,"featured_media":332686,"template":"","meta":{"_acf_changed":false},"product_brand":[],"product_cat":[30],"product_tag":[],"class_list":{"0":"post-332665","1":"product","2":"type-product","3":"status-publish","4":"has-post-thumbnail","6":"product_cat-sala-chango","7":"product_shipping_class-gastos-de-gestion","9":"first","10":"instock","11":"virtual","12":"taxable","13":"purchasable","14":"product-type-simple"},"acf":[],"aioseo_notices":[],"_links":{"self":[{"href":"https:\/\/ochoymedioclub.com\/en\/wp-json\/wp\/v2\/product\/332665","targetHints":{"allow":["GET"]}}],"collection":[{"href":"https:\/\/ochoymedioclub.com\/en\/wp-json\/wp\/v2\/product"}],"about":[{"href":"https:\/\/ochoymedioclub.com\/en\/wp-json\/wp\/v2\/types\/product"}],"author":[{"embeddable":true,"href":"https:\/\/ochoymedioclub.com\/en\/wp-json\/wp\/v2\/users\/1"}],"version-history":[{"count":8,"href":"https:\/\/ochoymedioclub.com\/en\/wp-json\/wp\/v2\/product\/332665\/revisions"}],"predecessor-version":[{"id":337607,"href":"https:\/\/ochoymedioclub.com\/en\/wp-json\/wp\/v2\/product\/332665\/revisions\/337607"}],"wp:featuredmedia":[{"embeddable":true,"href":"https:\/\/ochoymedioclub.com\/en\/wp-json\/wp\/v2\/media\/332686"}],"wp:attachment":[{"href":"https:\/\/ochoymedioclub.com\/en\/wp-json\/wp\/v2\/media?parent=332665"}],"wp:term":[{"taxonomy":"product_brand","embeddable":true,"href":"https:\/\/ochoymedioclub.com\/en\/wp-json\/wp\/v2\/product_brand?post=332665"},{"taxonomy":"product_cat","embeddable":true,"href":"https:\/\/ochoymedioclub.com\/en\/wp-json\/wp\/v2\/product_cat?post=332665"},{"taxonomy":"product_tag","embeddable":true,"href":"https:\/\/ochoymedioclub.com\/en\/wp-json\/wp\/v2\/product_tag?post=332665"}],"curies":[{"name":"wp","href":"https:\/\/api.w.org\/{rel}","templated":true}]}}