{"id":332424,"date":"2026-01-23T11:55:48","date_gmt":"2026-01-23T10:55:48","guid":{"rendered":"https:\/\/ochoymedioclub.com\/?post_type=product&#038;p=332424"},"modified":"2026-04-18T00:05:29","modified_gmt":"2026-04-17T22:05:29","slug":"pipiolas","status":"publish","type":"product","link":"https:\/\/ochoymedioclub.com\/en\/conciertos\/pipiolas\/","title":{"rendered":"PIPIOLAS"},"content":{"rendered":"\t\t<div data-elementor-type=\"wp-post\" data-elementor-id=\"332424\" class=\"elementor elementor-332424\" data-elementor-post-type=\"product\">\n\t\t\t\t\t\t<section class=\"elementor-section elementor-top-section elementor-element elementor-element-341ad142 elementor-section-full_width elementor-section-height-default elementor-section-height-default\" data-id=\"341ad142\" data-element_type=\"section\" data-e-type=\"section\">\n\t\t\t\t\t\t<div class=\"elementor-container elementor-column-gap-default\">\n\t\t\t\t\t<div class=\"elementor-column elementor-col-50 elementor-top-column elementor-element elementor-element-28e7087b\" data-id=\"28e7087b\" data-element_type=\"column\" data-e-type=\"column\">\n\t\t\t<div class=\"elementor-widget-wrap elementor-element-populated\">\n\t\t\t\t\t\t<div class=\"elementor-element elementor-element-1ada8e8 elementor-widget elementor-widget-heading\" data-id=\"1ada8e8\" data-element_type=\"widget\" data-e-type=\"widget\" data-widget_type=\"heading.default\">\n\t\t\t\t<div class=\"elementor-widget-container\">\n\t\t\t\t\t<h2 class=\"elementor-heading-title elementor-size-default\">INFO<\/h2>\t\t\t\t<\/div>\n\t\t\t\t<\/div>\n\t\t\t\t<div class=\"elementor-element elementor-element-706bdca7 elementor-widget elementor-widget-text-editor\" data-id=\"706bdca7\" data-element_type=\"widget\" data-e-type=\"widget\" data-widget_type=\"text-editor.default\">\n\t\t\t\t<div class=\"elementor-widget-container\">\n\t\t\t\t\t\t\t\t\t<p>Concierto de <strong>Pipiolas<\/strong> el 8 de Mayo en Sala Chang\u00f3 dentro de la programaci\u00f3n de Ochoymedio. \u00a1Entradas aqu\u00ed!\u00a0<\/p><p><span class=\"im\">Qu\u00e9 alegr\u00eda poder anunciar la presentaci\u00f3n en Madrid\u00a0de \u201cPipiolas\u201d, el segundo disco de\u00a0Paula\u00a0y\u00a0Adriana\u00a0<a href=\"https:\/\/open.spotify.com\/intl-es\/artist\/0qFTwtYUtLs9jYEXUfmEpI?si=9HFK7xAbR9qfFKRbN5HW6A\" target=\"_blank\" rel=\"noopener\" data-saferedirecturl=\"https:\/\/www.google.com\/url?q=https:\/\/open.spotify.com\/intl-es\/artist\/0qFTwtYUtLs9jYEXUfmEpI?si%3D9HFK7xAbR9qfFKRbN5HW6A&amp;source=gmail&amp;ust=1769249808531000&amp;usg=AOvVaw1YHkH0335onP2BLUfVsjCf\"><span style=\"color: #ff2600;\">PIPIOLAS<\/span><\/a>.<\/span><\/p><p><span class=\"im\">Su propuesta es especial; un pop lleno de aristas y fantasi\u0301a en el que es imposible aburrirse, con grandes melodi\u0301as, arreglos y una imaginacio\u0301n desbordante. Son unas artistas con una trayectoria enorme frente a ellas, con lenguaje musical propio, maduro, fresco y tremendamente divertido. Cuentan con un buen pun\u0303ado de hits en su repertorio y grandes colaboraciones como\u00a0<a href=\"https:\/\/open.spotify.com\/intl-es\/track\/4lAIofbsTkCNJiKEr1E34m?si=baf8977495654369\" target=\"_blank\" rel=\"noopener\" data-saferedirecturl=\"https:\/\/www.google.com\/url?q=https:\/\/open.spotify.com\/intl-es\/track\/4lAIofbsTkCNJiKEr1E34m?si%3Dbaf8977495654369&amp;source=gmail&amp;ust=1769249808531000&amp;usg=AOvVaw3gXSh2ooLvhHJA3Q4s0hCd\"><span style=\"color: #ff2600;\">\u201cTodas Las Horas\u201d<\/span><\/a>, con GINEBRAS,\u00a0<a href=\"https:\/\/open.spotify.com\/intl-es\/track\/5tSlUjvtyAlu8VinqNnFPo?si=2cb347008e684787\" target=\"_blank\" rel=\"noopener\" data-saferedirecturl=\"https:\/\/www.google.com\/url?q=https:\/\/open.spotify.com\/intl-es\/track\/5tSlUjvtyAlu8VinqNnFPo?si%3D2cb347008e684787&amp;source=gmail&amp;ust=1769249808531000&amp;usg=AOvVaw1JEq7yYziFAYuD1xAD1fet\"><span style=\"color: #ff2600;\">\u201cLa N\u0303ina Bonita\u201d<\/span><\/a>, con\u00a0Rigoberta Bandini\u00a0o\u00a0<a href=\"https:\/\/open.spotify.com\/intl-es\/track\/4eny2yVpfY6Ljk5kHihkvB?si=eda91f4557b84ead\" target=\"_blank\" rel=\"noopener\" data-saferedirecturl=\"https:\/\/www.google.com\/url?q=https:\/\/open.spotify.com\/intl-es\/track\/4eny2yVpfY6Ljk5kHihkvB?si%3Deda91f4557b84ead&amp;source=gmail&amp;ust=1769249808531000&amp;usg=AOvVaw11PFLaHMB3lchgNtNwWwJU\"><span style=\"color: #ff2600;\">\u201cLlorarme\u201d<\/span><\/a>, con\u00a0Kiko Veneno.\u00a0Publicaron su primer a\u0301lbum,\u00a0<a href=\"https:\/\/open.spotify.com\/intl-es\/track\/6YXVvvnUe3OuYVsgCRpLeF?si=2cf50fccc35f47db\" target=\"_blank\" rel=\"noopener\" data-saferedirecturl=\"https:\/\/www.google.com\/url?q=https:\/\/open.spotify.com\/intl-es\/track\/6YXVvvnUe3OuYVsgCRpLeF?si%3D2cf50fccc35f47db&amp;source=gmail&amp;ust=1769249808531000&amp;usg=AOvVaw28CWLaTiwj5LVCBso223aR\"><span style=\"color: #ff2600;\">\u201dNo Hay Un Dios\u201d<\/span><\/a>, en 2023. Han conquistado al pu\u0301blico y a la cri\u0301tica con sus canciones y su directo, pues\u00a0Adriana\u00a0y\u00a0Paula\u00a0tienen una simpati\u0301a y un talento natural para entretener, para dirigirse al pu\u0301blico y para emocionar.\u00a0Ahora comienzan una nueva etapa con la presentaci\u00f3n su segundo \u00e1lbum &#8220;Pipiolas\u201d. Se abre el tel\u00f3n y empieza la magia, melod\u00edas, baile, carisma, un espect\u00e1culo lleno de color y energ\u00eda. \u00a1No te las pierdas en directo, esta\u0301n llamadas a ser una de las grandes noticias del pop espan\u0303ol de los pro\u0301ximos an\u0303os!<\/span><\/p><div>Para consultar toda la programaci\u00f3n de Ochoymedio Live,\u00a0<a href=\"https:\/\/ochoymedioclub.com\/conciertos\/\" target=\"_blank\" rel=\"noopener\" data-saferedirecturl=\"https:\/\/www.google.com\/url?q=https:\/\/ochoymedioclub.com\/conciertos\/&amp;source=gmail&amp;ust=1769249808531000&amp;usg=AOvVaw0PcBKo4UyJwdeUe8cRVAE5\"><span style=\"color: #ff2600;\">haz click aqu\u00ed<\/span><\/a>.<\/div>\t\t\t\t\t\t\t\t<\/div>\n\t\t\t\t<\/div>\n\t\t\t\t\t<\/div>\n\t\t<\/div>\n\t\t\t\t<div class=\"elementor-column elementor-col-50 elementor-top-column elementor-element elementor-element-4f35675c\" data-id=\"4f35675c\" data-element_type=\"column\" data-e-type=\"column\">\n\t\t\t<div class=\"elementor-widget-wrap elementor-element-populated\">\n\t\t\t\t\t\t<div class=\"elementor-element elementor-element-52c8a79c elementor-widget elementor-widget-image\" data-id=\"52c8a79c\" data-element_type=\"widget\" data-e-type=\"widget\" data-widget_type=\"image.default\">\n\t\t\t\t<div class=\"elementor-widget-container\">\n\t\t\t\t\t\t\t\t\t\t\t\t\t\t\t<img fetchpriority=\"high\" decoding=\"async\" width=\"800\" height=\"600\" src=\"https:\/\/ochoymedioclub.com\/wp-content\/uploads\/2026\/01\/pipiolas.png\" class=\"attachment-full size-full wp-image-332426\" alt=\"\" srcset=\"https:\/\/ochoymedioclub.com\/wp-content\/uploads\/2026\/01\/pipiolas.png 800w, https:\/\/ochoymedioclub.com\/wp-content\/uploads\/2026\/01\/pipiolas-300x225.png 300w, https:\/\/ochoymedioclub.com\/wp-content\/uploads\/2026\/01\/pipiolas-768x576.png 768w\" sizes=\"(max-width: 800px) 100vw, 800px\" \/>\t\t\t\t\t\t\t\t\t\t\t\t\t\t\t<\/div>\n\t\t\t\t<\/div>\n\t\t\t\t\t<\/div>\n\t\t<\/div>\n\t\t\t\t\t<\/div>\n\t\t<\/section>\n\t\t\t\t<section class=\"elementor-section elementor-top-section elementor-element elementor-element-11cd9e5e elementor-section-full_width elementor-section-height-default elementor-section-height-default\" data-id=\"11cd9e5e\" data-element_type=\"section\" data-e-type=\"section\">\n\t\t\t\t\t\t<div class=\"elementor-container elementor-column-gap-default\">\n\t\t\t\t\t<div class=\"elementor-column elementor-col-100 elementor-top-column elementor-element elementor-element-257b2683\" data-id=\"257b2683\" data-element_type=\"column\" data-e-type=\"column\">\n\t\t\t<div class=\"elementor-widget-wrap elementor-element-populated\">\n\t\t\t\t\t\t<div class=\"elementor-element elementor-element-7134fead elementor-widget elementor-widget-heading\" data-id=\"7134fead\" data-element_type=\"widget\" data-e-type=\"widget\" data-widget_type=\"heading.default\">\n\t\t\t\t<div class=\"elementor-widget-container\">\n\t\t\t\t\t<h2 class=\"elementor-heading-title elementor-size-default\">VIDEOS<\/h2>\t\t\t\t<\/div>\n\t\t\t\t<\/div>\n\t\t\t\t<section class=\"elementor-section elementor-inner-section elementor-element elementor-element-4721f4bd elementor-section-boxed elementor-section-height-default elementor-section-height-default\" data-id=\"4721f4bd\" data-element_type=\"section\" data-e-type=\"section\">\n\t\t\t\t\t\t<div class=\"elementor-container elementor-column-gap-default\">\n\t\t\t\t\t<div class=\"elementor-column elementor-col-50 elementor-inner-column elementor-element elementor-element-9da9e27\" data-id=\"9da9e27\" data-element_type=\"column\" data-e-type=\"column\">\n\t\t\t<div class=\"elementor-widget-wrap elementor-element-populated\">\n\t\t\t\t\t\t<div class=\"elementor-element elementor-element-490e5fa8 elementor-widget elementor-widget-video\" data-id=\"490e5fa8\" data-element_type=\"widget\" data-e-type=\"widget\" data-settings=\"{&quot;youtube_url&quot;:&quot;https:\\\/\\\/www.youtube.com\\\/watch?v=hDhgY_b6GRc&quot;,&quot;video_type&quot;:&quot;youtube&quot;,&quot;controls&quot;:&quot;yes&quot;}\" data-widget_type=\"video.default\">\n\t\t\t\t<div class=\"elementor-widget-container\">\n\t\t\t\t\t\t\t<div class=\"elementor-wrapper elementor-open-inline\">\n\t\t\t<div class=\"elementor-video\"><\/div>\t\t<\/div>\n\t\t\t\t\t\t<\/div>\n\t\t\t\t<\/div>\n\t\t\t\t\t<\/div>\n\t\t<\/div>\n\t\t\t\t<div class=\"elementor-column elementor-col-50 elementor-inner-column elementor-element elementor-element-18fad8f2\" data-id=\"18fad8f2\" data-element_type=\"column\" data-e-type=\"column\">\n\t\t\t<div class=\"elementor-widget-wrap elementor-element-populated\">\n\t\t\t\t\t\t<div class=\"elementor-element elementor-element-42c33b78 elementor-widget elementor-widget-video\" data-id=\"42c33b78\" data-element_type=\"widget\" data-e-type=\"widget\" data-settings=\"{&quot;youtube_url&quot;:&quot;https:\\\/\\\/www.youtube.com\\\/watch?v=6jdf5ReaOQU&quot;,&quot;video_type&quot;:&quot;youtube&quot;,&quot;controls&quot;:&quot;yes&quot;}\" data-widget_type=\"video.default\">\n\t\t\t\t<div class=\"elementor-widget-container\">\n\t\t\t\t\t\t\t<div class=\"elementor-wrapper elementor-open-inline\">\n\t\t\t<div class=\"elementor-video\"><\/div>\t\t<\/div>\n\t\t\t\t\t\t<\/div>\n\t\t\t\t<\/div>\n\t\t\t\t\t<\/div>\n\t\t<\/div>\n\t\t\t\t\t<\/div>\n\t\t<\/section>\n\t\t\t\t\t<\/div>\n\t\t<\/div>\n\t\t\t\t\t<\/div>\n\t\t<\/section>\n\t\t\t\t<section class=\"elementor-section elementor-top-section elementor-element elementor-element-2e449ee6 elementor-section-boxed elementor-section-height-default elementor-section-height-default\" data-id=\"2e449ee6\" data-element_type=\"section\" data-e-type=\"section\">\n\t\t\t\t\t\t<div class=\"elementor-container elementor-column-gap-default\">\n\t\t\t\t\t<div class=\"elementor-column elementor-col-100 elementor-top-column elementor-element elementor-element-377fbeb0\" data-id=\"377fbeb0\" data-element_type=\"column\" data-e-type=\"column\">\n\t\t\t<div class=\"elementor-widget-wrap elementor-element-populated\">\n\t\t\t\t\t\t<div class=\"elementor-element elementor-element-101dea7c elementor-alert-info elementor-widget elementor-widget-alert\" data-id=\"101dea7c\" data-element_type=\"widget\" data-e-type=\"widget\" data-widget_type=\"alert.default\">\n\t\t\t\t<div class=\"elementor-widget-container\">\n\t\t\t\t\t\t\t<div class=\"elementor-alert\" role=\"alert\">\n\n\t\t\t\t\t\t<span class=\"elementor-alert-title\">POL\u00cdTICA DE MENORES<\/span>\n\t\t\t\n\t\t\t\t\t\t<span class=\"elementor-alert-description\"><a href=\"https:\/\/ochoymedioclub.com\/menores\/\">Haz click aqu\u00ed<\/a><\/span>\n\t\t\t\n\t\t\t\t\t\t<button type=\"button\" class=\"elementor-alert-dismiss\" aria-label=\"Descartar esta alerta.\">\n\t\t\t\t<i aria-hidden=\"true\" class=\"fas fa-times-circle\"><\/i>\t\t\t<\/button>\n\t\t\t\n\t\t<\/div>\n\t\t\t\t\t\t<\/div>\n\t\t\t\t<\/div>\n\t\t\t\t\t<\/div>\n\t\t<\/div>\n\t\t\t\t\t<\/div>\n\t\t<\/section>\n\t\t\t\t<\/div>\n\t\t","protected":false},"excerpt":{"rendered":"<p><strong><span style=\"color: #999999;\">FECHA:<\/span> viernes, 8 mayo, 2026<\/strong><\/p>\n<p><strong><span style=\"color: #999999;\">HORA:<\/span> PUERTAS 20:00H<\/strong><\/p>\n<p><strong><span style=\"color: #999999;\">LUGAR:<\/span> SALA CHANG\u00d3<\/strong><\/p>\n<p><em><strong>GASTOS DE GESTI\u00d3N YA INCLUIDOS<\/strong><\/em><\/p>\n","protected":false},"author":1,"featured_media":333683,"template":"","meta":{"_acf_changed":false},"product_brand":[],"product_cat":[30],"product_tag":[],"class_list":{"0":"post-332424","1":"product","2":"type-product","3":"status-publish","4":"has-post-thumbnail","6":"product_cat-sala-chango","7":"product_shipping_class-gastos-de-gestion","9":"first","10":"instock","11":"virtual","12":"taxable","13":"purchasable","14":"product-type-simple"},"acf":[],"aioseo_notices":[],"_links":{"self":[{"href":"https:\/\/ochoymedioclub.com\/en\/wp-json\/wp\/v2\/product\/332424","targetHints":{"allow":["GET"]}}],"collection":[{"href":"https:\/\/ochoymedioclub.com\/en\/wp-json\/wp\/v2\/product"}],"about":[{"href":"https:\/\/ochoymedioclub.com\/en\/wp-json\/wp\/v2\/types\/product"}],"author":[{"embeddable":true,"href":"https:\/\/ochoymedioclub.com\/en\/wp-json\/wp\/v2\/users\/1"}],"version-history":[{"count":16,"href":"https:\/\/ochoymedioclub.com\/en\/wp-json\/wp\/v2\/product\/332424\/revisions"}],"predecessor-version":[{"id":337606,"href":"https:\/\/ochoymedioclub.com\/en\/wp-json\/wp\/v2\/product\/332424\/revisions\/337606"}],"wp:featuredmedia":[{"embeddable":true,"href":"https:\/\/ochoymedioclub.com\/en\/wp-json\/wp\/v2\/media\/333683"}],"wp:attachment":[{"href":"https:\/\/ochoymedioclub.com\/en\/wp-json\/wp\/v2\/media?parent=332424"}],"wp:term":[{"taxonomy":"product_brand","embeddable":true,"href":"https:\/\/ochoymedioclub.com\/en\/wp-json\/wp\/v2\/product_brand?post=332424"},{"taxonomy":"product_cat","embeddable":true,"href":"https:\/\/ochoymedioclub.com\/en\/wp-json\/wp\/v2\/product_cat?post=332424"},{"taxonomy":"product_tag","embeddable":true,"href":"https:\/\/ochoymedioclub.com\/en\/wp-json\/wp\/v2\/product_tag?post=332424"}],"curies":[{"name":"wp","href":"https:\/\/api.w.org\/{rel}","templated":true}]}}