{"id":325990,"date":"2025-12-10T12:58:30","date_gmt":"2025-12-10T11:58:30","guid":{"rendered":"https:\/\/ochoymedioclub.com\/?post_type=product&#038;p=325990"},"modified":"2026-04-23T18:06:38","modified_gmt":"2026-04-23T16:06:38","slug":"carrera-blanca","status":"publish","type":"product","link":"https:\/\/ochoymedioclub.com\/en\/conciertos\/carrera-blanca\/","title":{"rendered":"CARRERA BLANCA"},"content":{"rendered":"\t\t<div data-elementor-type=\"wp-post\" data-elementor-id=\"325990\" class=\"elementor elementor-325990\" data-elementor-post-type=\"product\">\n\t\t\t\t\t\t<section class=\"elementor-section elementor-top-section elementor-element elementor-element-341ad142 elementor-section-full_width elementor-section-height-default elementor-section-height-default\" data-id=\"341ad142\" data-element_type=\"section\" data-e-type=\"section\">\n\t\t\t\t\t\t<div class=\"elementor-container elementor-column-gap-default\">\n\t\t\t\t\t<div class=\"elementor-column elementor-col-50 elementor-top-column elementor-element elementor-element-28e7087b\" data-id=\"28e7087b\" data-element_type=\"column\" data-e-type=\"column\">\n\t\t\t<div class=\"elementor-widget-wrap elementor-element-populated\">\n\t\t\t\t\t\t<div class=\"elementor-element elementor-element-1ada8e8 elementor-widget elementor-widget-heading\" data-id=\"1ada8e8\" data-element_type=\"widget\" data-e-type=\"widget\" data-widget_type=\"heading.default\">\n\t\t\t\t<div class=\"elementor-widget-container\">\n\t\t\t\t\t<h2 class=\"elementor-heading-title elementor-size-default\">INFO<\/h2>\t\t\t\t<\/div>\n\t\t\t\t<\/div>\n\t\t\t\t<div class=\"elementor-element elementor-element-1c889dc elementor-alert-danger elementor-widget elementor-widget-alert\" data-id=\"1c889dc\" data-element_type=\"widget\" data-e-type=\"widget\" data-widget_type=\"alert.default\">\n\t\t\t\t<div class=\"elementor-widget-container\">\n\t\t\t\t\t\t\t<div class=\"elementor-alert\" role=\"alert\">\n\n\t\t\t\t\t\t<span class=\"elementor-alert-title\">NUEVA FECHA<\/span>\n\t\t\t\n\t\t\t\t\t\t<span class=\"elementor-alert-description\">La nueva fecha para el concierto de CARRERA BLANCA ser\u00e1 el 25 de Abril.<\/span>\n\t\t\t\n\t\t\t\t\t\t<button type=\"button\" class=\"elementor-alert-dismiss\" aria-label=\"Descartar esta alerta.\">\n\t\t\t\t\t\t\t\t\t<span aria-hidden=\"true\">&times;<\/span>\n\t\t\t\t\t\t\t<\/button>\n\t\t\t\n\t\t<\/div>\n\t\t\t\t\t\t<\/div>\n\t\t\t\t<\/div>\n\t\t\t\t<div class=\"elementor-element elementor-element-706bdca7 elementor-widget elementor-widget-text-editor\" data-id=\"706bdca7\" data-element_type=\"widget\" data-e-type=\"widget\" data-widget_type=\"text-editor.default\">\n\t\t\t\t<div class=\"elementor-widget-container\">\n\t\t\t\t\t\t\t\t\t<p><span style=\"color: #000000;\">Los madrile\u00f1os Carrera Blanca presentar\u00e1n en concierto su nuevo disco con Ochoymedio. El 17 de abril en la sala Chang\u00f3 de Madrid. Entradas ya disponibles y \u00a1ojo! te har\u00e1n volar alto con sus nuevos temas. <\/span><\/p><p><span style=\"color: #000000;\"><a href=\"https:\/\/www.instagram.com\/carrerablanca_\/\">Carrera Blanca<\/a> es el lado cuquipunki del tontipop: mucho ritmo y muchas memeces.<br \/>Con canciones m\u00e1s pegadizas que el algod\u00f3n de az\u00facar en unas fiestas de pueblo, consiguen ablandar los corazones millennials tratando temas que afectan a todos los<br \/>mortales como no quererte encontrar a tu ex, la extenuante pereza que da lo de ser<br \/>un adulto funcional o lo importantes que son las amigas, esas contra las que la educaci\u00f3n patriarcal machista nos ense\u00f1\u00f3 a competir hasta que nos rebelamos contra ello.<\/span><\/p><p><span style=\"color: #000000;\">Su primer EP, \u201cCanciones de misa\u201d, en el que se incluye su exitoso single \u00ab<a href=\"https:\/\/open.spotify.com\/intl-es\/track\/4ukcHQmwbly2vElvR8yPZy?si=725d10fd5aec4a28\">Adulto<\/a><br \/>Funcional\u00bb tiene la personalidad de Chelo Garc\u00eda Cort\u00e9s: cr\u00edticas sat\u00edricas, feministas y fresquitas que te har\u00e1n replantearte cada \u00e1tomo de tu existencia mientras rellenas una y otra vez la misma columna de Excel en el trabajo.<\/span><\/p><p><span style=\"color: #000000;\">La banda madrile\u00f1a, formada por Diana (voz), Luc\u00eda (bajo), \u00c1ngel (guitarra) y Fer<br \/>(bater\u00eda), comenz\u00f3 a finales de 2022 con Germ\u00e1n (productor) y Diana, tambi\u00e9n reconocida como la ilustradora Precariada, componiendo letras a ra\u00edz de sus famosas vi\u00f1etas.<\/span><\/p><p style=\"text-align: left;\"><span style=\"color: #000000;\">El pr\u00f3ximo 17 de abril presentar\u00e1n un nuevo disco, adem\u00e1s de repasar su trayectoria, que seguir\u00e1 la l\u00ednea de sus temas anteriores, con su inconfundible y divertido estilo que rompe pistas all\u00e1 donde va. \u00bfUn apetitivo? <a href=\"https:\/\/open.spotify.com\/intl-es\/track\/459ksNtbpXC1LxWao9u9MU?si=1fab8fca1e4b477e\">\u00bf\u00a1\u00bfQu\u00e9 voy a hacer?!?<\/a><\/span><\/p><p>\u00a0<\/p><p><span style=\"color: #000000;\">Si quieres consultar toda la programaci\u00f3n de Ochoymedio, haz click\u00a0<a href=\"https:\/\/ochoymedioclub.com\/conciertos\/\">aqu\u00ed<\/a><\/span><\/p>\t\t\t\t\t\t\t\t<\/div>\n\t\t\t\t<\/div>\n\t\t\t\t\t<\/div>\n\t\t<\/div>\n\t\t\t\t<div class=\"elementor-column elementor-col-50 elementor-top-column elementor-element elementor-element-4f35675c\" data-id=\"4f35675c\" data-element_type=\"column\" data-e-type=\"column\">\n\t\t\t<div class=\"elementor-widget-wrap elementor-element-populated\">\n\t\t\t\t\t\t<div class=\"elementor-element elementor-element-52c8a79c elementor-widget elementor-widget-image\" data-id=\"52c8a79c\" data-element_type=\"widget\" data-e-type=\"widget\" data-widget_type=\"image.default\">\n\t\t\t\t<div class=\"elementor-widget-container\">\n\t\t\t\t\t\t\t\t\t\t\t\t\t\t\t<img fetchpriority=\"high\" decoding=\"async\" width=\"800\" height=\"1200\" src=\"https:\/\/ochoymedioclub.com\/wp-content\/uploads\/2025\/12\/carrera-blanca.png\" class=\"attachment-full size-full wp-image-326070\" alt=\"\" srcset=\"https:\/\/ochoymedioclub.com\/wp-content\/uploads\/2025\/12\/carrera-blanca.png 800w, https:\/\/ochoymedioclub.com\/wp-content\/uploads\/2025\/12\/carrera-blanca-200x300.png 200w, https:\/\/ochoymedioclub.com\/wp-content\/uploads\/2025\/12\/carrera-blanca-683x1024.png 683w, https:\/\/ochoymedioclub.com\/wp-content\/uploads\/2025\/12\/carrera-blanca-768x1152.png 768w, https:\/\/ochoymedioclub.com\/wp-content\/uploads\/2025\/12\/carrera-blanca-300x450.png 300w\" sizes=\"(max-width: 800px) 100vw, 800px\" \/>\t\t\t\t\t\t\t\t\t\t\t\t\t\t\t<\/div>\n\t\t\t\t<\/div>\n\t\t\t\t\t<\/div>\n\t\t<\/div>\n\t\t\t\t\t<\/div>\n\t\t<\/section>\n\t\t\t\t<section class=\"elementor-section elementor-top-section elementor-element elementor-element-11cd9e5e elementor-section-full_width elementor-section-height-default elementor-section-height-default\" data-id=\"11cd9e5e\" data-element_type=\"section\" data-e-type=\"section\">\n\t\t\t\t\t\t<div class=\"elementor-container elementor-column-gap-default\">\n\t\t\t\t\t<div class=\"elementor-column elementor-col-100 elementor-top-column elementor-element elementor-element-257b2683\" data-id=\"257b2683\" data-element_type=\"column\" data-e-type=\"column\">\n\t\t\t<div class=\"elementor-widget-wrap elementor-element-populated\">\n\t\t\t\t\t\t<div class=\"elementor-element elementor-element-7134fead elementor-widget elementor-widget-heading\" data-id=\"7134fead\" data-element_type=\"widget\" data-e-type=\"widget\" data-widget_type=\"heading.default\">\n\t\t\t\t<div class=\"elementor-widget-container\">\n\t\t\t\t\t<h2 class=\"elementor-heading-title elementor-size-default\">VIDEOS<\/h2>\t\t\t\t<\/div>\n\t\t\t\t<\/div>\n\t\t\t\t<section class=\"elementor-section elementor-inner-section elementor-element elementor-element-4721f4bd elementor-section-boxed elementor-section-height-default elementor-section-height-default\" data-id=\"4721f4bd\" data-element_type=\"section\" data-e-type=\"section\">\n\t\t\t\t\t\t<div class=\"elementor-container elementor-column-gap-default\">\n\t\t\t\t\t<div class=\"elementor-column elementor-col-50 elementor-inner-column elementor-element elementor-element-9da9e27\" data-id=\"9da9e27\" data-element_type=\"column\" data-e-type=\"column\">\n\t\t\t<div class=\"elementor-widget-wrap elementor-element-populated\">\n\t\t\t\t\t\t<div class=\"elementor-element elementor-element-490e5fa8 elementor-widget elementor-widget-video\" data-id=\"490e5fa8\" data-element_type=\"widget\" data-e-type=\"widget\" data-settings=\"{&quot;youtube_url&quot;:&quot;https:\\\/\\\/youtu.be\\\/EqoLoP0KJ94?si=vB_2vT8KFVv6zZXw&quot;,&quot;video_type&quot;:&quot;youtube&quot;,&quot;controls&quot;:&quot;yes&quot;}\" data-widget_type=\"video.default\">\n\t\t\t\t<div class=\"elementor-widget-container\">\n\t\t\t\t\t\t\t<div class=\"elementor-wrapper elementor-open-inline\">\n\t\t\t<div class=\"elementor-video\"><\/div>\t\t<\/div>\n\t\t\t\t\t\t<\/div>\n\t\t\t\t<\/div>\n\t\t\t\t\t<\/div>\n\t\t<\/div>\n\t\t\t\t<div class=\"elementor-column elementor-col-50 elementor-inner-column elementor-element elementor-element-18fad8f2\" data-id=\"18fad8f2\" data-element_type=\"column\" data-e-type=\"column\">\n\t\t\t<div class=\"elementor-widget-wrap elementor-element-populated\">\n\t\t\t\t\t\t<div class=\"elementor-element elementor-element-42c33b78 elementor-widget elementor-widget-video\" data-id=\"42c33b78\" data-element_type=\"widget\" data-e-type=\"widget\" data-settings=\"{&quot;youtube_url&quot;:&quot;https:\\\/\\\/youtu.be\\\/DDSYqTGBZlg?si=ng2lMmRl8DCw8hNO&quot;,&quot;video_type&quot;:&quot;youtube&quot;,&quot;controls&quot;:&quot;yes&quot;}\" data-widget_type=\"video.default\">\n\t\t\t\t<div class=\"elementor-widget-container\">\n\t\t\t\t\t\t\t<div class=\"elementor-wrapper elementor-open-inline\">\n\t\t\t<div class=\"elementor-video\"><\/div>\t\t<\/div>\n\t\t\t\t\t\t<\/div>\n\t\t\t\t<\/div>\n\t\t\t\t\t<\/div>\n\t\t<\/div>\n\t\t\t\t\t<\/div>\n\t\t<\/section>\n\t\t\t\t\t<\/div>\n\t\t<\/div>\n\t\t\t\t\t<\/div>\n\t\t<\/section>\n\t\t\t\t<section class=\"elementor-section elementor-top-section elementor-element elementor-element-2e449ee6 elementor-section-boxed elementor-section-height-default elementor-section-height-default\" data-id=\"2e449ee6\" data-element_type=\"section\" data-e-type=\"section\">\n\t\t\t\t\t\t<div class=\"elementor-container elementor-column-gap-default\">\n\t\t\t\t\t<div class=\"elementor-column elementor-col-100 elementor-top-column elementor-element elementor-element-377fbeb0\" data-id=\"377fbeb0\" data-element_type=\"column\" data-e-type=\"column\">\n\t\t\t<div class=\"elementor-widget-wrap elementor-element-populated\">\n\t\t\t\t\t\t<div class=\"elementor-element elementor-element-101dea7c elementor-alert-info elementor-widget elementor-widget-alert\" data-id=\"101dea7c\" data-element_type=\"widget\" data-e-type=\"widget\" data-widget_type=\"alert.default\">\n\t\t\t\t<div class=\"elementor-widget-container\">\n\t\t\t\t\t\t\t<div class=\"elementor-alert\" role=\"alert\">\n\n\t\t\t\t\t\t<span class=\"elementor-alert-title\">POL\u00cdTICA DE MENORES<\/span>\n\t\t\t\n\t\t\t\t\t\t<span class=\"elementor-alert-description\"><a href=\"https:\/\/ochoymedioclub.com\/menores\/\">Haz click aqu\u00ed<\/a><\/span>\n\t\t\t\n\t\t\t\t\t\t<button type=\"button\" class=\"elementor-alert-dismiss\" aria-label=\"Descartar esta alerta.\">\n\t\t\t\t<i aria-hidden=\"true\" class=\"fas fa-times-circle\"><\/i>\t\t\t<\/button>\n\t\t\t\n\t\t<\/div>\n\t\t\t\t\t\t<\/div>\n\t\t\t\t<\/div>\n\t\t\t\t\t<\/div>\n\t\t<\/div>\n\t\t\t\t\t<\/div>\n\t\t<\/section>\n\t\t\t\t<\/div>\n\t\t","protected":false},"excerpt":{"rendered":"<p><strong><span style=\"color: #999999;\">FECHA:<\/span> s\u00e1bado, 25 abril, 2026<\/strong><\/p>\n<p><strong><span style=\"color: #999999;\">HORA:<\/span> PUERTAS 20:00H<\/strong><\/p>\n<p><strong><span style=\"color: #999999;\">LUGAR:<\/span> SALA CHANG\u00d3<\/strong><\/p>\n<p><em><strong>GASTOS DE GESTI\u00d3N YA INCLUIDOS<\/strong><\/em><\/p>\n","protected":false},"author":1,"featured_media":343152,"template":"","meta":{"_acf_changed":false},"product_brand":[],"product_cat":[30],"product_tag":[],"class_list":{"0":"post-325990","1":"product","2":"type-product","3":"status-publish","4":"has-post-thumbnail","6":"product_cat-sala-chango","7":"product_shipping_class-gastos-de-gestion","9":"first","10":"instock","11":"virtual","12":"taxable","13":"purchasable","14":"product-type-simple"},"acf":[],"aioseo_notices":[],"_links":{"self":[{"href":"https:\/\/ochoymedioclub.com\/en\/wp-json\/wp\/v2\/product\/325990","targetHints":{"allow":["GET"]}}],"collection":[{"href":"https:\/\/ochoymedioclub.com\/en\/wp-json\/wp\/v2\/product"}],"about":[{"href":"https:\/\/ochoymedioclub.com\/en\/wp-json\/wp\/v2\/types\/product"}],"author":[{"embeddable":true,"href":"https:\/\/ochoymedioclub.com\/en\/wp-json\/wp\/v2\/users\/1"}],"version-history":[{"count":15,"href":"https:\/\/ochoymedioclub.com\/en\/wp-json\/wp\/v2\/product\/325990\/revisions"}],"predecessor-version":[{"id":343221,"href":"https:\/\/ochoymedioclub.com\/en\/wp-json\/wp\/v2\/product\/325990\/revisions\/343221"}],"wp:featuredmedia":[{"embeddable":true,"href":"https:\/\/ochoymedioclub.com\/en\/wp-json\/wp\/v2\/media\/343152"}],"wp:attachment":[{"href":"https:\/\/ochoymedioclub.com\/en\/wp-json\/wp\/v2\/media?parent=325990"}],"wp:term":[{"taxonomy":"product_brand","embeddable":true,"href":"https:\/\/ochoymedioclub.com\/en\/wp-json\/wp\/v2\/product_brand?post=325990"},{"taxonomy":"product_cat","embeddable":true,"href":"https:\/\/ochoymedioclub.com\/en\/wp-json\/wp\/v2\/product_cat?post=325990"},{"taxonomy":"product_tag","embeddable":true,"href":"https:\/\/ochoymedioclub.com\/en\/wp-json\/wp\/v2\/product_tag?post=325990"}],"curies":[{"name":"wp","href":"https:\/\/api.w.org\/{rel}","templated":true}]}}