{"id":323465,"date":"2025-12-03T11:58:26","date_gmt":"2025-12-03T10:58:26","guid":{"rendered":"https:\/\/ochoymedioclub.com\/?post_type=product&#038;p=323465"},"modified":"2026-04-23T10:48:27","modified_gmt":"2026-04-23T08:48:27","slug":"los-romeos","status":"publish","type":"product","link":"https:\/\/ochoymedioclub.com\/en\/conciertos\/los-romeos\/","title":{"rendered":"LOS ROMEOS"},"content":{"rendered":"\t\t<div data-elementor-type=\"wp-post\" data-elementor-id=\"323465\" class=\"elementor elementor-323465\" data-elementor-post-type=\"product\">\n\t\t\t\t\t\t<section class=\"elementor-section elementor-top-section elementor-element elementor-element-341ad142 elementor-section-full_width elementor-section-height-default elementor-section-height-default\" data-id=\"341ad142\" data-element_type=\"section\" data-e-type=\"section\">\n\t\t\t\t\t\t<div class=\"elementor-container elementor-column-gap-default\">\n\t\t\t\t\t<div class=\"elementor-column elementor-col-50 elementor-top-column elementor-element elementor-element-28e7087b\" data-id=\"28e7087b\" data-element_type=\"column\" data-e-type=\"column\">\n\t\t\t<div class=\"elementor-widget-wrap elementor-element-populated\">\n\t\t\t\t\t\t<div class=\"elementor-element elementor-element-1ada8e8 elementor-widget elementor-widget-heading\" data-id=\"1ada8e8\" data-element_type=\"widget\" data-e-type=\"widget\" data-widget_type=\"heading.default\">\n\t\t\t\t<div class=\"elementor-widget-container\">\n\t\t\t\t\t<h2 class=\"elementor-heading-title elementor-size-default\">INFO<\/h2>\t\t\t\t<\/div>\n\t\t\t\t<\/div>\n\t\t\t\t<div class=\"elementor-element elementor-element-706bdca7 elementor-widget elementor-widget-text-editor\" data-id=\"706bdca7\" data-element_type=\"widget\" data-e-type=\"widget\" data-widget_type=\"text-editor.default\">\n\t\t\t\t<div class=\"elementor-widget-container\">\n\t\t\t\t\t\t\t\t\t<p><span style=\"color: #000000;\">Concierto de<a href=\"https:\/\/open.spotify.com\/intl-es\/artist\/2wKNa6ACDrmf72trZtC8Bu?si=k6mDRX3WT96a1gPLyz1Rtg\"> Los Romeos <\/a>el 24 de abril de 2026 en <strong>Sala Chang\u00f3<\/strong>\u00a0dentro de la programaci\u00f3n de Ochoymedio Live. \u00a1Entradas aqu\u00ed!<\/span><\/p><p><span style=\"color: #000000;\">Los Romeos, banda de pop punk nacida en Castell\u00f3n en 1988, surgi\u00f3 de la uni\u00f3n de exmiembros de<a href=\"https:\/\/open.spotify.com\/intl-es\/artist\/082oD9PhnMixJtpvPSrpDq?si=W3Hm01QNRsKJaAlzMPT7gg\"> Morcillo el Bellaco<\/a> y <a href=\"https:\/\/open.spotify.com\/intl-es\/artist\/37YrY9yLJjKir9jbaPuPDQ?si=-3IN6PZ1SfKjBsvVGKvcNQ\">Los R\u00edtmicos<\/a> con la vocalista <a href=\"https:\/\/www.instagram.com\/pat_escoin\/\">Pat Esco\u00edn<\/a>. En 1990 lanzaron su primer sencillo, <a href=\"https:\/\/open.spotify.com\/intl-es\/track\/0U9FU7G0LBVOMUqMRocBGi?si=658da85993fc4381\">&#8220;Mu\u00e9rdeme&#8221;<\/a>, y ese mismo a\u00f1o su \u00e1lbum debut, <a href=\"https:\/\/open.spotify.com\/intl-es\/album\/5RFgs66MWf1kdsXeKvMsYa?si=OE8PTiMeQkmyo4M4nlXJfw\">&#8220;Los Romeos&#8221;<\/a>, que inclu\u00eda \u00e9xitos como <a href=\"https:\/\/open.spotify.com\/intl-es\/track\/371BSqxk1jXtam5Q2OTaHG?si=4ffcbdbf71ac4648\">&#8220;Mi vida rosa&#8221;<\/a>, <a href=\"https:\/\/open.spotify.com\/intl-es\/track\/5WhGrHEcCoKG9doTsFRBvr?si=5321e11765a64e13\">&#8220;Un poquito de amor&#8221;<\/a> y <a href=\"https:\/\/open.spotify.com\/intl-es\/track\/4RyXCTUGEaaccHGxhI969D?si=85370b501f774b9b\">&#8220;El mundo a tus pies&#8221;<\/a>. <\/span><span style=\"color: #000000;\">Su siguientes LPs, <a href=\"https:\/\/open.spotify.com\/intl-es\/album\/4TD3vJaROI8mr18r2rxRCQ?si=UZNbmY4XShGNiwI91wVerw\">&#8220;Sangre caliente&#8221;<\/a> (1992) y <a href=\"https:\/\/open.spotify.com\/intl-es\/album\/09NKQD4clnaH4O3oR7WcJA?si=dJLByycKQYiV2h8e_CoIdg\">&#8220;T\u00edrame un salvavidas&#8221;<\/a> (1996) y <a href=\"https:\/\/open.spotify.com\/intl-es\/album\/6leLMFaKPwkjWCRhdZqWjV?si=lZJ0lflITV-6MbscJyD7Vg\">&#8220;Pasaporte&#8221;<\/a> (2006) consolidaron su presencia en la escena.\u00a0<\/span><\/p><p style=\"text-align: left;\"><span style=\"color: #000000;\">En 2026, Los Romeos vuelven, de la mano de Subterfuge Records, con la formaci\u00f3n original de 1990 \u2014Juan Carlos Tom\u00e1s, Jos\u00e9 \u00c1ngel Leiros, Daniel Silvestre, Juli\u00e1n Nemesio y Pat Esco\u00edn\u2014 para reencontrarse con su p\u00fablico. Porque hay canciones que siguen sonando, historias que siguen latiendo. <\/span><span style=\"color: #000000;\">Y este regreso no es solo una reuni\u00f3n: es una comuni\u00f3n.<\/span><\/p><p><span style=\"color: #000000;\">Si quieres consultar toda la programaci\u00f3n de Ochoymedio, haz click\u00a0<a href=\"https:\/\/ochoymedioclub.com\/conciertos\/\">aqu\u00ed.<\/a><\/span><\/p>\t\t\t\t\t\t\t\t<\/div>\n\t\t\t\t<\/div>\n\t\t\t\t\t<\/div>\n\t\t<\/div>\n\t\t\t\t<div class=\"elementor-column elementor-col-50 elementor-top-column elementor-element elementor-element-4f35675c\" data-id=\"4f35675c\" data-element_type=\"column\" data-e-type=\"column\">\n\t\t\t<div class=\"elementor-widget-wrap elementor-element-populated\">\n\t\t\t\t\t\t<div class=\"elementor-element elementor-element-52c8a79c elementor-widget elementor-widget-image\" data-id=\"52c8a79c\" data-element_type=\"widget\" data-e-type=\"widget\" data-widget_type=\"image.default\">\n\t\t\t\t<div class=\"elementor-widget-container\">\n\t\t\t\t\t\t\t\t\t\t\t\t\t\t\t<img fetchpriority=\"high\" decoding=\"async\" width=\"800\" height=\"793\" src=\"https:\/\/ochoymedioclub.com\/wp-content\/uploads\/2025\/11\/1000109038.png\" class=\"attachment-full size-full wp-image-323467\" alt=\"\" srcset=\"https:\/\/ochoymedioclub.com\/wp-content\/uploads\/2025\/11\/1000109038.png 800w, https:\/\/ochoymedioclub.com\/wp-content\/uploads\/2025\/11\/1000109038-300x297.png 300w, https:\/\/ochoymedioclub.com\/wp-content\/uploads\/2025\/11\/1000109038-150x150.png 150w, https:\/\/ochoymedioclub.com\/wp-content\/uploads\/2025\/11\/1000109038-768x761.png 768w, https:\/\/ochoymedioclub.com\/wp-content\/uploads\/2025\/11\/1000109038-100x100.png 100w\" sizes=\"(max-width: 800px) 100vw, 800px\" \/>\t\t\t\t\t\t\t\t\t\t\t\t\t\t\t<\/div>\n\t\t\t\t<\/div>\n\t\t\t\t\t<\/div>\n\t\t<\/div>\n\t\t\t\t\t<\/div>\n\t\t<\/section>\n\t\t\t\t<section class=\"elementor-section elementor-top-section elementor-element elementor-element-11cd9e5e elementor-section-full_width elementor-section-height-default elementor-section-height-default\" data-id=\"11cd9e5e\" data-element_type=\"section\" data-e-type=\"section\">\n\t\t\t\t\t\t<div class=\"elementor-container elementor-column-gap-default\">\n\t\t\t\t\t<div class=\"elementor-column elementor-col-100 elementor-top-column elementor-element elementor-element-257b2683\" data-id=\"257b2683\" data-element_type=\"column\" data-e-type=\"column\">\n\t\t\t<div class=\"elementor-widget-wrap elementor-element-populated\">\n\t\t\t\t\t\t<div class=\"elementor-element elementor-element-7134fead elementor-widget elementor-widget-heading\" data-id=\"7134fead\" data-element_type=\"widget\" data-e-type=\"widget\" data-widget_type=\"heading.default\">\n\t\t\t\t<div class=\"elementor-widget-container\">\n\t\t\t\t\t<h2 class=\"elementor-heading-title elementor-size-default\">VIDEOS<\/h2>\t\t\t\t<\/div>\n\t\t\t\t<\/div>\n\t\t\t\t<section class=\"elementor-section elementor-inner-section elementor-element elementor-element-4721f4bd elementor-section-boxed elementor-section-height-default elementor-section-height-default\" data-id=\"4721f4bd\" data-element_type=\"section\" data-e-type=\"section\">\n\t\t\t\t\t\t<div class=\"elementor-container elementor-column-gap-default\">\n\t\t\t\t\t<div class=\"elementor-column elementor-col-50 elementor-inner-column elementor-element elementor-element-9da9e27\" data-id=\"9da9e27\" data-element_type=\"column\" data-e-type=\"column\">\n\t\t\t<div class=\"elementor-widget-wrap elementor-element-populated\">\n\t\t\t\t\t\t<div class=\"elementor-element elementor-element-490e5fa8 elementor-widget elementor-widget-video\" data-id=\"490e5fa8\" data-element_type=\"widget\" data-e-type=\"widget\" data-settings=\"{&quot;youtube_url&quot;:&quot;https:\\\/\\\/www.youtube.com\\\/watch?v=Z0T_Blmv0sE&quot;,&quot;video_type&quot;:&quot;youtube&quot;,&quot;controls&quot;:&quot;yes&quot;}\" data-widget_type=\"video.default\">\n\t\t\t\t<div class=\"elementor-widget-container\">\n\t\t\t\t\t\t\t<div class=\"elementor-wrapper elementor-open-inline\">\n\t\t\t<div class=\"elementor-video\"><\/div>\t\t<\/div>\n\t\t\t\t\t\t<\/div>\n\t\t\t\t<\/div>\n\t\t\t\t\t<\/div>\n\t\t<\/div>\n\t\t\t\t<div class=\"elementor-column elementor-col-50 elementor-inner-column elementor-element elementor-element-18fad8f2\" data-id=\"18fad8f2\" data-element_type=\"column\" data-e-type=\"column\">\n\t\t\t<div class=\"elementor-widget-wrap elementor-element-populated\">\n\t\t\t\t\t\t<div class=\"elementor-element elementor-element-42c33b78 elementor-widget elementor-widget-video\" data-id=\"42c33b78\" data-element_type=\"widget\" data-e-type=\"widget\" data-settings=\"{&quot;youtube_url&quot;:&quot;https:\\\/\\\/www.youtube.com\\\/watch?v=AV3AFrAtmuY&quot;,&quot;video_type&quot;:&quot;youtube&quot;,&quot;controls&quot;:&quot;yes&quot;}\" data-widget_type=\"video.default\">\n\t\t\t\t<div class=\"elementor-widget-container\">\n\t\t\t\t\t\t\t<div class=\"elementor-wrapper elementor-open-inline\">\n\t\t\t<div class=\"elementor-video\"><\/div>\t\t<\/div>\n\t\t\t\t\t\t<\/div>\n\t\t\t\t<\/div>\n\t\t\t\t\t<\/div>\n\t\t<\/div>\n\t\t\t\t\t<\/div>\n\t\t<\/section>\n\t\t\t\t\t<\/div>\n\t\t<\/div>\n\t\t\t\t\t<\/div>\n\t\t<\/section>\n\t\t\t\t<section class=\"elementor-section elementor-top-section elementor-element elementor-element-2e449ee6 elementor-section-boxed elementor-section-height-default elementor-section-height-default\" data-id=\"2e449ee6\" data-element_type=\"section\" data-e-type=\"section\">\n\t\t\t\t\t\t<div class=\"elementor-container elementor-column-gap-default\">\n\t\t\t\t\t<div class=\"elementor-column elementor-col-100 elementor-top-column elementor-element elementor-element-377fbeb0\" data-id=\"377fbeb0\" data-element_type=\"column\" data-e-type=\"column\">\n\t\t\t<div class=\"elementor-widget-wrap elementor-element-populated\">\n\t\t\t\t\t\t<div class=\"elementor-element elementor-element-101dea7c elementor-alert-info elementor-widget elementor-widget-alert\" data-id=\"101dea7c\" data-element_type=\"widget\" data-e-type=\"widget\" data-widget_type=\"alert.default\">\n\t\t\t\t<div class=\"elementor-widget-container\">\n\t\t\t\t\t\t\t<div class=\"elementor-alert\" role=\"alert\">\n\n\t\t\t\t\t\t<span class=\"elementor-alert-title\">POL\u00cdTICA DE MENORES<\/span>\n\t\t\t\n\t\t\t\t\t\t<span class=\"elementor-alert-description\"><a href=\"https:\/\/ochoymedioclub.com\/menores\/\">Haz click aqu\u00ed<\/a><\/span>\n\t\t\t\n\t\t\t\t\t\t<button type=\"button\" class=\"elementor-alert-dismiss\" aria-label=\"Descartar esta alerta.\">\n\t\t\t\t<i aria-hidden=\"true\" class=\"fas fa-times-circle\"><\/i>\t\t\t<\/button>\n\t\t\t\n\t\t<\/div>\n\t\t\t\t\t\t<\/div>\n\t\t\t\t<\/div>\n\t\t\t\t\t<\/div>\n\t\t<\/div>\n\t\t\t\t\t<\/div>\n\t\t<\/section>\n\t\t\t\t<\/div>\n\t\t","protected":false},"excerpt":{"rendered":"<p><strong><span style=\"color: #999999;\">FECHA:<\/span> viernes, 24 abril, 2026<\/strong><\/p>\n<p><strong><span style=\"color: #999999;\">HORA:<\/span> PUERTAS 20:00H<\/strong><\/p>\n<p><strong><span style=\"color: #999999;\">LUGAR:<\/span> SALA CHANG\u00d3<\/strong><\/p>\n<p><em><strong>GASTOS DE GESTI\u00d3N YA INCLUIDOS<\/strong><\/em><\/p>\n","protected":false},"author":1,"featured_media":325473,"template":"","meta":{"_acf_changed":false},"product_brand":[],"product_cat":[30],"product_tag":[],"class_list":{"0":"post-323465","1":"product","2":"type-product","3":"status-publish","4":"has-post-thumbnail","6":"product_cat-sala-chango","7":"product_shipping_class-gastos-de-gestion","9":"first","10":"outofstock","11":"virtual","12":"taxable","13":"purchasable","14":"product-type-simple"},"acf":[],"aioseo_notices":[],"_links":{"self":[{"href":"https:\/\/ochoymedioclub.com\/en\/wp-json\/wp\/v2\/product\/323465","targetHints":{"allow":["GET"]}}],"collection":[{"href":"https:\/\/ochoymedioclub.com\/en\/wp-json\/wp\/v2\/product"}],"about":[{"href":"https:\/\/ochoymedioclub.com\/en\/wp-json\/wp\/v2\/types\/product"}],"author":[{"embeddable":true,"href":"https:\/\/ochoymedioclub.com\/en\/wp-json\/wp\/v2\/users\/1"}],"version-history":[{"count":10,"href":"https:\/\/ochoymedioclub.com\/en\/wp-json\/wp\/v2\/product\/323465\/revisions"}],"predecessor-version":[{"id":343395,"href":"https:\/\/ochoymedioclub.com\/en\/wp-json\/wp\/v2\/product\/323465\/revisions\/343395"}],"wp:featuredmedia":[{"embeddable":true,"href":"https:\/\/ochoymedioclub.com\/en\/wp-json\/wp\/v2\/media\/325473"}],"wp:attachment":[{"href":"https:\/\/ochoymedioclub.com\/en\/wp-json\/wp\/v2\/media?parent=323465"}],"wp:term":[{"taxonomy":"product_brand","embeddable":true,"href":"https:\/\/ochoymedioclub.com\/en\/wp-json\/wp\/v2\/product_brand?post=323465"},{"taxonomy":"product_cat","embeddable":true,"href":"https:\/\/ochoymedioclub.com\/en\/wp-json\/wp\/v2\/product_cat?post=323465"},{"taxonomy":"product_tag","embeddable":true,"href":"https:\/\/ochoymedioclub.com\/en\/wp-json\/wp\/v2\/product_tag?post=323465"}],"curies":[{"name":"wp","href":"https:\/\/api.w.org\/{rel}","templated":true}]}}