{"id":323436,"date":"2025-11-25T09:20:42","date_gmt":"2025-11-25T08:20:42","guid":{"rendered":"https:\/\/ochoymedioclub.com\/?post_type=product&#038;p=323436"},"modified":"2026-04-11T21:33:45","modified_gmt":"2026-04-11T19:33:45","slug":"neverland-bari","status":"publish","type":"product","link":"https:\/\/ochoymedioclub.com\/en\/conciertos\/neverland-bari\/","title":{"rendered":"NEVERLAND BARI"},"content":{"rendered":"\t\t<div data-elementor-type=\"wp-post\" data-elementor-id=\"323436\" class=\"elementor elementor-323436\" data-elementor-post-type=\"product\">\n\t\t\t\t\t\t<section class=\"elementor-section elementor-top-section elementor-element elementor-element-77b6c23b elementor-section-full_width elementor-section-height-default elementor-section-height-default\" data-id=\"77b6c23b\" data-element_type=\"section\" data-e-type=\"section\">\n\t\t\t\t\t\t<div class=\"elementor-container elementor-column-gap-default\">\n\t\t\t\t\t<div class=\"elementor-column elementor-col-50 elementor-top-column elementor-element elementor-element-264ec871\" data-id=\"264ec871\" data-element_type=\"column\" data-e-type=\"column\">\n\t\t\t<div class=\"elementor-widget-wrap elementor-element-populated\">\n\t\t\t\t\t\t<div class=\"elementor-element elementor-element-59b5fa5f elementor-widget elementor-widget-heading\" data-id=\"59b5fa5f\" data-element_type=\"widget\" data-e-type=\"widget\" data-widget_type=\"heading.default\">\n\t\t\t\t<div class=\"elementor-widget-container\">\n\t\t\t\t\t<h2 class=\"elementor-heading-title elementor-size-default\">INFO<\/h2>\t\t\t\t<\/div>\n\t\t\t\t<\/div>\n\t\t\t\t<div class=\"elementor-element elementor-element-1a7c414e elementor-widget__width-initial elementor-widget elementor-widget-text-editor\" data-id=\"1a7c414e\" data-element_type=\"widget\" data-e-type=\"widget\" data-widget_type=\"text-editor.default\">\n\t\t\t\t<div class=\"elementor-widget-container\">\n\t\t\t\t\t\t\t\t\t<p><span style=\"color: #000000;\">Concierto de <a href=\"https:\/\/open.spotify.com\/intl-es\/artist\/68hEzkqJzDWakEF63HUHeA?si=VzgHjutkTpCjZby5Vtlo2A\">Neverland Bari<\/a> el 6 de noviembre de 2026 en la sala But de Madrid, dentro de la programaci\u00f3n de Ochoymedio. \u00a1Compra aqu\u00ed tus entradas!<\/span><\/p><p><span style=\"color: #000000;\">Neverland Bari suena en\u00e9rgico con guitarras y sintes atmosf\u00e9ricos, acompa\u00f1ados de una gran dosis de distorsi\u00f3n, que busca emoci\u00f3n e intensidad a trav\u00e9s de las letras, melod\u00edas y sonidos.<\/span><\/p><p><span style=\"color: #000000;\">Ya el lanzamiento de su primer sencillo en 2021, <a href=\"https:\/\/open.spotify.com\/intl-es\/track\/3Fseu6CnqCEYpaTw0uyhxj?si=a0e126127c72446a\">\u201cAcero Inolvidable\u201d<\/a>, la banda consigui\u00f3 ganar el concurso de bandas celebrado por \u00daltimo Acorde.\u00a0 Y en 2023 publican su primer EP, <a href=\"https:\/\/open.spotify.com\/intl-es\/album\/48EPFFVDrxaCVTkdOgHPuo?si=ikZEffgcQCaz8UEUlNULWQ\">&#8220;Zona Cero&#8221;<\/a>, que incluye el \u00e9xito <a href=\"https:\/\/open.spotify.com\/intl-es\/track\/4c1kklCkfQneWJVCEdr3MN?si=4d9af54af591429c\">&#8220;San Vicente do Mar&#8221;<\/a> y asienta las bases de su sonido. Este 2025 contin\u00faan recorriendo el pa\u00eds concierto a concierto.<\/span><\/p><p style=\"text-align: left;\"><span style=\"color: #000000;\">Para consultar toda la programaci\u00f3n de Ochoymedio, <a href=\"https:\/\/ochoymedioclub.com\/conciertos\/\">haz click aqu\u00ed.<\/a><\/span><\/p>\t\t\t\t\t\t\t\t<\/div>\n\t\t\t\t<\/div>\n\t\t\t\t\t<\/div>\n\t\t<\/div>\n\t\t\t\t<div class=\"elementor-column elementor-col-50 elementor-top-column elementor-element elementor-element-72d6922\" data-id=\"72d6922\" data-element_type=\"column\" data-e-type=\"column\">\n\t\t\t<div class=\"elementor-widget-wrap elementor-element-populated\">\n\t\t\t\t\t\t<div class=\"elementor-element elementor-element-8fa0247 elementor-widget elementor-widget-image\" data-id=\"8fa0247\" data-element_type=\"widget\" data-e-type=\"widget\" data-widget_type=\"image.default\">\n\t\t\t\t<div class=\"elementor-widget-container\">\n\t\t\t\t\t\t\t\t\t\t\t\t\t\t\t<img fetchpriority=\"high\" decoding=\"async\" width=\"751\" height=\"881\" src=\"https:\/\/ochoymedioclub.com\/wp-content\/uploads\/2025\/11\/FOTO-CARTELES-INDIVIDUALES-SALAS.png\" class=\"attachment-large size-large wp-image-323440\" alt=\"\" srcset=\"https:\/\/ochoymedioclub.com\/wp-content\/uploads\/2025\/11\/FOTO-CARTELES-INDIVIDUALES-SALAS.png 800w, https:\/\/ochoymedioclub.com\/wp-content\/uploads\/2025\/11\/FOTO-CARTELES-INDIVIDUALES-SALAS-256x300.png 256w, https:\/\/ochoymedioclub.com\/wp-content\/uploads\/2025\/11\/FOTO-CARTELES-INDIVIDUALES-SALAS-768x901.png 768w, https:\/\/ochoymedioclub.com\/wp-content\/uploads\/2025\/11\/FOTO-CARTELES-INDIVIDUALES-SALAS-300x352.png 300w\" sizes=\"(max-width: 751px) 100vw, 751px\" \/>\t\t\t\t\t\t\t\t\t\t\t\t\t\t\t<\/div>\n\t\t\t\t<\/div>\n\t\t\t\t\t<\/div>\n\t\t<\/div>\n\t\t\t\t\t<\/div>\n\t\t<\/section>\n\t\t\t\t<section class=\"elementor-section elementor-top-section elementor-element elementor-element-12240367 elementor-section-full_width elementor-section-height-default elementor-section-height-default\" data-id=\"12240367\" data-element_type=\"section\" data-e-type=\"section\">\n\t\t\t\t\t\t<div class=\"elementor-container elementor-column-gap-default\">\n\t\t\t\t\t<div class=\"elementor-column elementor-col-100 elementor-top-column elementor-element elementor-element-6e5d1384\" data-id=\"6e5d1384\" data-element_type=\"column\" data-e-type=\"column\">\n\t\t\t<div class=\"elementor-widget-wrap elementor-element-populated\">\n\t\t\t\t\t\t<div class=\"elementor-element elementor-element-1aa2dd6 elementor-widget elementor-widget-heading\" data-id=\"1aa2dd6\" data-element_type=\"widget\" data-e-type=\"widget\" data-widget_type=\"heading.default\">\n\t\t\t\t<div class=\"elementor-widget-container\">\n\t\t\t\t\t<h2 class=\"elementor-heading-title elementor-size-default\">VIDEOS<\/h2>\t\t\t\t<\/div>\n\t\t\t\t<\/div>\n\t\t\t\t<section class=\"elementor-section elementor-inner-section elementor-element elementor-element-b4aac70 elementor-section-boxed elementor-section-height-default elementor-section-height-default\" data-id=\"b4aac70\" data-element_type=\"section\" data-e-type=\"section\">\n\t\t\t\t\t\t<div class=\"elementor-container elementor-column-gap-default\">\n\t\t\t\t\t<div class=\"elementor-column elementor-col-50 elementor-inner-column elementor-element elementor-element-5be3760a\" data-id=\"5be3760a\" data-element_type=\"column\" data-e-type=\"column\">\n\t\t\t<div class=\"elementor-widget-wrap elementor-element-populated\">\n\t\t\t\t\t\t<div class=\"elementor-element elementor-element-3c9ce98e elementor-widget elementor-widget-video\" data-id=\"3c9ce98e\" data-element_type=\"widget\" data-e-type=\"widget\" data-settings=\"{&quot;youtube_url&quot;:&quot;https:\\\/\\\/youtu.be\\\/H1nbM2cT67w?si=9_M-6OuBRH2rmVCQ&quot;,&quot;video_type&quot;:&quot;youtube&quot;,&quot;controls&quot;:&quot;yes&quot;}\" data-widget_type=\"video.default\">\n\t\t\t\t<div class=\"elementor-widget-container\">\n\t\t\t\t\t\t\t<div class=\"elementor-wrapper elementor-open-inline\">\n\t\t\t<div class=\"elementor-video\"><\/div>\t\t<\/div>\n\t\t\t\t\t\t<\/div>\n\t\t\t\t<\/div>\n\t\t\t\t\t<\/div>\n\t\t<\/div>\n\t\t\t\t<div class=\"elementor-column elementor-col-50 elementor-inner-column elementor-element elementor-element-3b4fc9ba\" data-id=\"3b4fc9ba\" data-element_type=\"column\" data-e-type=\"column\">\n\t\t\t<div class=\"elementor-widget-wrap elementor-element-populated\">\n\t\t\t\t\t\t<div class=\"elementor-element elementor-element-de81106 elementor-widget elementor-widget-video\" data-id=\"de81106\" data-element_type=\"widget\" data-e-type=\"widget\" data-settings=\"{&quot;youtube_url&quot;:&quot;https:\\\/\\\/youtu.be\\\/-qSf-Lhtmio?si=-HcUsgUKFxraGCXl&quot;,&quot;video_type&quot;:&quot;youtube&quot;,&quot;controls&quot;:&quot;yes&quot;}\" data-widget_type=\"video.default\">\n\t\t\t\t<div class=\"elementor-widget-container\">\n\t\t\t\t\t\t\t<div class=\"elementor-wrapper elementor-open-inline\">\n\t\t\t<div class=\"elementor-video\"><\/div>\t\t<\/div>\n\t\t\t\t\t\t<\/div>\n\t\t\t\t<\/div>\n\t\t\t\t\t<\/div>\n\t\t<\/div>\n\t\t\t\t\t<\/div>\n\t\t<\/section>\n\t\t\t\t\t<\/div>\n\t\t<\/div>\n\t\t\t\t\t<\/div>\n\t\t<\/section>\n\t\t\t\t<section class=\"elementor-section elementor-top-section elementor-element elementor-element-3ebb6423 elementor-section-boxed elementor-section-height-default elementor-section-height-default\" data-id=\"3ebb6423\" data-element_type=\"section\" data-e-type=\"section\">\n\t\t\t\t\t\t<div class=\"elementor-container elementor-column-gap-default\">\n\t\t\t\t\t<div class=\"elementor-column elementor-col-100 elementor-top-column elementor-element elementor-element-861e102\" data-id=\"861e102\" data-element_type=\"column\" data-e-type=\"column\">\n\t\t\t<div class=\"elementor-widget-wrap elementor-element-populated\">\n\t\t\t\t\t\t<div class=\"elementor-element elementor-element-3aab5bed elementor-alert-info elementor-widget elementor-widget-alert\" data-id=\"3aab5bed\" data-element_type=\"widget\" data-e-type=\"widget\" data-widget_type=\"alert.default\">\n\t\t\t\t<div class=\"elementor-widget-container\">\n\t\t\t\t\t\t\t<div class=\"elementor-alert\" role=\"alert\">\n\n\t\t\t\t\t\t<span class=\"elementor-alert-title\">POL\u00cdTICA DE MENORES<\/span>\n\t\t\t\n\t\t\t\t\t\t<span class=\"elementor-alert-description\"><a href=\"https:\/\/ochoymedioclub.com\/menores\/\">Haz click aqu\u00ed<\/a><\/span>\n\t\t\t\n\t\t\t\t\t\t<button type=\"button\" class=\"elementor-alert-dismiss\" aria-label=\"Descartar esta alerta.\">\n\t\t\t\t<i aria-hidden=\"true\" class=\"fas fa-times-circle\"><\/i>\t\t\t<\/button>\n\t\t\t\n\t\t<\/div>\n\t\t\t\t\t\t<\/div>\n\t\t\t\t<\/div>\n\t\t\t\t<div class=\"elementor-element elementor-element-1ec8b8f7 elementor-widget elementor-widget-image\" data-id=\"1ec8b8f7\" data-element_type=\"widget\" data-e-type=\"widget\" data-widget_type=\"image.default\">\n\t\t\t\t<div class=\"elementor-widget-container\">\n\t\t\t\t\t\t\t\t\t\t\t\t\t\t\t\t<a href=\"https:\/\/goo.gl\/maps\/PRDfEAaXaPJkWqHR7?_ga=2.63512367.1455475853.1663239384-1166735557.1659548828\">\n\t\t\t\t\t\t\t<img decoding=\"async\" width=\"1920\" height=\"1005\" src=\"https:\/\/ochoymedioclub.com\/wp-content\/uploads\/2022\/04\/OCHOYMEDIO_MAPA_Mesa-de-trabajo-1-copia-5.png\" class=\"attachment-full size-full wp-image-87133\" alt=\"\" srcset=\"https:\/\/ochoymedioclub.com\/wp-content\/uploads\/2022\/04\/OCHOYMEDIO_MAPA_Mesa-de-trabajo-1-copia-5.png 1920w, https:\/\/ochoymedioclub.com\/wp-content\/uploads\/2022\/04\/OCHOYMEDIO_MAPA_Mesa-de-trabajo-1-copia-5-300x157.png 300w, https:\/\/ochoymedioclub.com\/wp-content\/uploads\/2022\/04\/OCHOYMEDIO_MAPA_Mesa-de-trabajo-1-copia-5-1024x536.png 1024w, https:\/\/ochoymedioclub.com\/wp-content\/uploads\/2022\/04\/OCHOYMEDIO_MAPA_Mesa-de-trabajo-1-copia-5-768x402.png 768w, https:\/\/ochoymedioclub.com\/wp-content\/uploads\/2022\/04\/OCHOYMEDIO_MAPA_Mesa-de-trabajo-1-copia-5-1536x804.png 1536w, https:\/\/ochoymedioclub.com\/wp-content\/uploads\/2022\/04\/OCHOYMEDIO_MAPA_Mesa-de-trabajo-1-copia-5-1200x628.png 1200w, https:\/\/ochoymedioclub.com\/wp-content\/uploads\/2022\/04\/OCHOYMEDIO_MAPA_Mesa-de-trabajo-1-copia-5-120x63.png 120w, https:\/\/ochoymedioclub.com\/wp-content\/uploads\/2022\/04\/OCHOYMEDIO_MAPA_Mesa-de-trabajo-1-copia-5-81x42.png 81w, https:\/\/ochoymedioclub.com\/wp-content\/uploads\/2022\/04\/OCHOYMEDIO_MAPA_Mesa-de-trabajo-1-copia-5-302x158.png 302w\" sizes=\"(max-width: 1920px) 100vw, 1920px\" \/>\t\t\t\t\t\t\t\t<\/a>\n\t\t\t\t\t\t\t\t\t\t\t\t\t\t\t<\/div>\n\t\t\t\t<\/div>\n\t\t\t\t\t<\/div>\n\t\t<\/div>\n\t\t\t\t\t<\/div>\n\t\t<\/section>\n\t\t\t\t<\/div>\n\t\t","protected":false},"excerpt":{"rendered":"<p><strong><span style=\"color: #999999;\">FECHA: <\/span>viernes, 6 noviembre, 2026<\/strong><\/p>\n<p><strong><span style=\"color: #999999;\">HORA:<\/span> 20:00H<\/strong><\/p>\n<p><strong><span style=\"color: #999999;\">LUGAR:<\/span> SALA BUT<\/strong><\/p>\n<p><em><strong>GASTOS DE GESTI\u00d3N YA INCLUIDOS<\/strong><\/em><\/p>\n","protected":false},"author":1,"featured_media":323555,"template":"","meta":{"_acf_changed":false},"product_brand":[],"product_cat":[29],"product_tag":[],"class_list":{"0":"post-323436","1":"product","2":"type-product","3":"status-publish","4":"has-post-thumbnail","6":"product_cat-sala-but","8":"first","9":"instock","10":"virtual","11":"taxable","12":"purchasable","13":"product-type-simple"},"acf":[],"aioseo_notices":[],"_links":{"self":[{"href":"https:\/\/ochoymedioclub.com\/en\/wp-json\/wp\/v2\/product\/323436","targetHints":{"allow":["GET"]}}],"collection":[{"href":"https:\/\/ochoymedioclub.com\/en\/wp-json\/wp\/v2\/product"}],"about":[{"href":"https:\/\/ochoymedioclub.com\/en\/wp-json\/wp\/v2\/types\/product"}],"author":[{"embeddable":true,"href":"https:\/\/ochoymedioclub.com\/en\/wp-json\/wp\/v2\/users\/1"}],"version-history":[{"count":10,"href":"https:\/\/ochoymedioclub.com\/en\/wp-json\/wp\/v2\/product\/323436\/revisions"}],"predecessor-version":[{"id":323559,"href":"https:\/\/ochoymedioclub.com\/en\/wp-json\/wp\/v2\/product\/323436\/revisions\/323559"}],"wp:featuredmedia":[{"embeddable":true,"href":"https:\/\/ochoymedioclub.com\/en\/wp-json\/wp\/v2\/media\/323555"}],"wp:attachment":[{"href":"https:\/\/ochoymedioclub.com\/en\/wp-json\/wp\/v2\/media?parent=323436"}],"wp:term":[{"taxonomy":"product_brand","embeddable":true,"href":"https:\/\/ochoymedioclub.com\/en\/wp-json\/wp\/v2\/product_brand?post=323436"},{"taxonomy":"product_cat","embeddable":true,"href":"https:\/\/ochoymedioclub.com\/en\/wp-json\/wp\/v2\/product_cat?post=323436"},{"taxonomy":"product_tag","embeddable":true,"href":"https:\/\/ochoymedioclub.com\/en\/wp-json\/wp\/v2\/product_tag?post=323436"}],"curies":[{"name":"wp","href":"https:\/\/api.w.org\/{rel}","templated":true}]}}