{"id":301329,"date":"2025-09-04T19:58:59","date_gmt":"2025-09-04T17:58:59","guid":{"rendered":"https:\/\/ochoymedioclub.com\/?post_type=product&#038;p=301329"},"modified":"2026-04-23T18:36:03","modified_gmt":"2026-04-23T16:36:03","slug":"solea-morente","status":"publish","type":"product","link":"https:\/\/ochoymedioclub.com\/en\/conciertos\/solea-morente\/","title":{"rendered":"SOLE\u00c1 MORENTE"},"content":{"rendered":"\t\t<div data-elementor-type=\"wp-post\" data-elementor-id=\"301329\" class=\"elementor elementor-301329\" data-elementor-post-type=\"product\">\n\t\t\t\t\t\t<section class=\"elementor-section elementor-top-section elementor-element elementor-element-77b6c23b elementor-section-full_width elementor-section-height-default elementor-section-height-default\" data-id=\"77b6c23b\" data-element_type=\"section\" data-e-type=\"section\">\n\t\t\t\t\t\t<div class=\"elementor-container elementor-column-gap-default\">\n\t\t\t\t\t<div class=\"elementor-column elementor-col-50 elementor-top-column elementor-element elementor-element-264ec871\" data-id=\"264ec871\" data-element_type=\"column\" data-e-type=\"column\">\n\t\t\t<div class=\"elementor-widget-wrap elementor-element-populated\">\n\t\t\t\t\t\t<div class=\"elementor-element elementor-element-59b5fa5f elementor-widget elementor-widget-heading\" data-id=\"59b5fa5f\" data-element_type=\"widget\" data-e-type=\"widget\" data-widget_type=\"heading.default\">\n\t\t\t\t<div class=\"elementor-widget-container\">\n\t\t\t\t\t<h2 class=\"elementor-heading-title elementor-size-default\">INFO<\/h2>\t\t\t\t<\/div>\n\t\t\t\t<\/div>\n\t\t\t\t<div class=\"elementor-element elementor-element-1a7c414e elementor-widget__width-initial elementor-widget elementor-widget-text-editor\" data-id=\"1a7c414e\" data-element_type=\"widget\" data-e-type=\"widget\" data-widget_type=\"text-editor.default\">\n\t\t\t\t<div class=\"elementor-widget-container\">\n\t\t\t\t\t\t\t\t\t<p><span style=\"color: #000000;\">Presentaci\u00f3n del nuevo disco de <a href=\"https:\/\/open.spotify.com\/intl-es\/artist\/5X5UPn6eVnwfYcujIQpcfu?si=jNAntDVYQ6m1o9cwNtVRkg\">Sole\u00e1 Morente<\/a> \u201cSirio B\u201d en Madrid. El 23 de abril en Sala But dentro de la programaci\u00f3n de Ochoymedio Live. \u00a1Entradas aqu\u00ed! <\/span><\/p><p><span style=\"color: #000000;\">Sole\u00e1 Morente se caracteriza por ser una artista camale\u00f3nica, con un esp\u00edritu parecido al de Bowie, capaz de engancharse a las diferentes tendencias musicales que van surgiendo con un \u00e9xito inusitado. Pero con su \u00faltimo disco ha dado un salto impactante. \u201cSirio B\u201d es el resultado del trabajo que durante muchos meses ha desarrollado junto con Guille Milkyway (<a href=\"https:\/\/open.spotify.com\/intl-es\/artist\/2Ynst7DZrEJnlaMM41ZCxd?si=HIMKgzmzTFm_ICj1FCGlrQ&amp;nd=1&amp;dlsi=cb99d13810a94d9e\">LA CASA AZUL<\/a>). Es un \u00e1lbum en el que el mestizaje, el pop y la electr\u00f3nica se dan la mano para hacernos bailar, emocionarnos y dejar una huella imborrable en nuestras memorias. En \u00e9l encontramos hits incontestables (\u201cGitana Mar\u00eda\u201d, \u201cAhora O Nunca\u201d, \u201cVamos a Olvidar\u201d), ejercicios sonoros apabullantes (\u201cMercurio y Seda\u201d, \u201cSolea\u0301 Del Mar\u201d) y rumbas pegadizas (\u201cCon Los Nudillos\u201d, \u201cNo Likes\u201d). Un disco que, sin duda, va a dar mucho que hablar.<\/span><\/p><p><span style=\"color: #000000;\">Semejante trabajo de inspiraci\u00f3n requiere un concepto esc\u00e9nico remozado, con un mayor protagonismo de la electr\u00f3nica y un sonido m\u00e1s contundente y bailable. Esta gira contar\u00e1 con V\u00edctor Cabezuelo y Julia Mart\u00edn de<\/span> <a href=\"https:\/\/open.spotify.com\/intl-es\/artist\/51Hx65ymA6pNWu8cTTXET1?si=TT__fmmwRb6qXI02mJM1Xw\">RUFUS T. FIREFLY<\/a>, <span style=\"color: #000000;\">Nieves L\u00e1zaro, Gonzalo Navarro y el DJ <a href=\"https:\/\/open.spotify.com\/intl-es\/artist\/7wmjhNkpwPTwR3gF9hlbJI?si=ZZjR3-PYRC-ruGrkYu11yg\">The Low Flying Panic Attack<\/a> para conjugar todas las vertientes de un sonido que busca emocionar al p\u00fablico mientras lo hace bailar. Sin duda, una de las mejores propuestas de la actualidad y uno de los mejores directos. Un espect\u00e1culo en el que Sole\u00e1 Morente interpretar\u00e1 su nuevo disco, pero no faltar\u00e1n todos los grandes \u00e9xitos de sus \u00e1lbumes anteriores.<\/span><\/p><p style=\"text-align: left;\"><span style=\"color: #000000;\">Para consultar toda la programaci\u00f3n de Ochoymedio, <a href=\"https:\/\/ochoymedioclub.com\/conciertos\/\">haz click aqu\u00ed.<\/a><\/span><\/p>\t\t\t\t\t\t\t\t<\/div>\n\t\t\t\t<\/div>\n\t\t\t\t\t<\/div>\n\t\t<\/div>\n\t\t\t\t<div class=\"elementor-column elementor-col-50 elementor-top-column elementor-element elementor-element-72d6922\" data-id=\"72d6922\" data-element_type=\"column\" data-e-type=\"column\">\n\t\t\t<div class=\"elementor-widget-wrap elementor-element-populated\">\n\t\t\t\t\t\t<div class=\"elementor-element elementor-element-8fa0247 elementor-widget elementor-widget-image\" data-id=\"8fa0247\" data-element_type=\"widget\" data-e-type=\"widget\" data-widget_type=\"image.default\">\n\t\t\t\t<div class=\"elementor-widget-container\">\n\t\t\t\t\t\t\t\t\t\t\t\t\t\t\t<img fetchpriority=\"high\" decoding=\"async\" width=\"751\" height=\"751\" src=\"https:\/\/ochoymedioclub.com\/wp-content\/uploads\/2025\/09\/solea.png\" class=\"attachment-large size-large wp-image-301331\" alt=\"\" srcset=\"https:\/\/ochoymedioclub.com\/wp-content\/uploads\/2025\/09\/solea.png 800w, https:\/\/ochoymedioclub.com\/wp-content\/uploads\/2025\/09\/solea-300x300.png 300w, https:\/\/ochoymedioclub.com\/wp-content\/uploads\/2025\/09\/solea-100x100.png 100w, https:\/\/ochoymedioclub.com\/wp-content\/uploads\/2025\/09\/solea-150x150.png 150w, https:\/\/ochoymedioclub.com\/wp-content\/uploads\/2025\/09\/solea-768x768.png 768w\" sizes=\"(max-width: 751px) 100vw, 751px\" \/>\t\t\t\t\t\t\t\t\t\t\t\t\t\t\t<\/div>\n\t\t\t\t<\/div>\n\t\t\t\t\t<\/div>\n\t\t<\/div>\n\t\t\t\t\t<\/div>\n\t\t<\/section>\n\t\t\t\t<section class=\"elementor-section elementor-top-section elementor-element elementor-element-12240367 elementor-section-full_width elementor-section-height-default elementor-section-height-default\" data-id=\"12240367\" data-element_type=\"section\" data-e-type=\"section\">\n\t\t\t\t\t\t<div class=\"elementor-container elementor-column-gap-default\">\n\t\t\t\t\t<div class=\"elementor-column elementor-col-100 elementor-top-column elementor-element elementor-element-6e5d1384\" data-id=\"6e5d1384\" data-element_type=\"column\" data-e-type=\"column\">\n\t\t\t<div class=\"elementor-widget-wrap elementor-element-populated\">\n\t\t\t\t\t\t<div class=\"elementor-element elementor-element-1aa2dd6 elementor-widget elementor-widget-heading\" data-id=\"1aa2dd6\" data-element_type=\"widget\" data-e-type=\"widget\" data-widget_type=\"heading.default\">\n\t\t\t\t<div class=\"elementor-widget-container\">\n\t\t\t\t\t<h2 class=\"elementor-heading-title elementor-size-default\">VIDEOS<\/h2>\t\t\t\t<\/div>\n\t\t\t\t<\/div>\n\t\t\t\t<section class=\"elementor-section elementor-inner-section elementor-element elementor-element-b4aac70 elementor-section-boxed elementor-section-height-default elementor-section-height-default\" data-id=\"b4aac70\" data-element_type=\"section\" data-e-type=\"section\">\n\t\t\t\t\t\t<div class=\"elementor-container elementor-column-gap-default\">\n\t\t\t\t\t<div class=\"elementor-column elementor-col-50 elementor-inner-column elementor-element elementor-element-5be3760a\" data-id=\"5be3760a\" data-element_type=\"column\" data-e-type=\"column\">\n\t\t\t<div class=\"elementor-widget-wrap elementor-element-populated\">\n\t\t\t\t\t\t<div class=\"elementor-element elementor-element-3c9ce98e elementor-widget elementor-widget-video\" data-id=\"3c9ce98e\" data-element_type=\"widget\" data-e-type=\"widget\" data-settings=\"{&quot;youtube_url&quot;:&quot;https:\\\/\\\/youtu.be\\\/eFJYDEFuOHU?si=-CQ1MVANGkq7FLao&quot;,&quot;video_type&quot;:&quot;youtube&quot;,&quot;controls&quot;:&quot;yes&quot;}\" data-widget_type=\"video.default\">\n\t\t\t\t<div class=\"elementor-widget-container\">\n\t\t\t\t\t\t\t<div class=\"elementor-wrapper elementor-open-inline\">\n\t\t\t<div class=\"elementor-video\"><\/div>\t\t<\/div>\n\t\t\t\t\t\t<\/div>\n\t\t\t\t<\/div>\n\t\t\t\t\t<\/div>\n\t\t<\/div>\n\t\t\t\t<div class=\"elementor-column elementor-col-50 elementor-inner-column elementor-element elementor-element-3b4fc9ba\" data-id=\"3b4fc9ba\" data-element_type=\"column\" data-e-type=\"column\">\n\t\t\t<div class=\"elementor-widget-wrap elementor-element-populated\">\n\t\t\t\t\t\t<div class=\"elementor-element elementor-element-de81106 elementor-widget elementor-widget-video\" data-id=\"de81106\" data-element_type=\"widget\" data-e-type=\"widget\" data-settings=\"{&quot;youtube_url&quot;:&quot;https:\\\/\\\/youtu.be\\\/Qpi6O3FtZDc?si=c92V7QRFmblmWmSM&quot;,&quot;video_type&quot;:&quot;youtube&quot;,&quot;controls&quot;:&quot;yes&quot;}\" data-widget_type=\"video.default\">\n\t\t\t\t<div class=\"elementor-widget-container\">\n\t\t\t\t\t\t\t<div class=\"elementor-wrapper elementor-open-inline\">\n\t\t\t<div class=\"elementor-video\"><\/div>\t\t<\/div>\n\t\t\t\t\t\t<\/div>\n\t\t\t\t<\/div>\n\t\t\t\t\t<\/div>\n\t\t<\/div>\n\t\t\t\t\t<\/div>\n\t\t<\/section>\n\t\t\t\t\t<\/div>\n\t\t<\/div>\n\t\t\t\t\t<\/div>\n\t\t<\/section>\n\t\t\t\t<section class=\"elementor-section elementor-top-section elementor-element elementor-element-3ebb6423 elementor-section-boxed elementor-section-height-default elementor-section-height-default\" data-id=\"3ebb6423\" data-element_type=\"section\" data-e-type=\"section\">\n\t\t\t\t\t\t<div class=\"elementor-container elementor-column-gap-default\">\n\t\t\t\t\t<div class=\"elementor-column elementor-col-100 elementor-top-column elementor-element elementor-element-861e102\" data-id=\"861e102\" data-element_type=\"column\" data-e-type=\"column\">\n\t\t\t<div class=\"elementor-widget-wrap elementor-element-populated\">\n\t\t\t\t\t\t<div class=\"elementor-element elementor-element-3aab5bed elementor-alert-info elementor-widget elementor-widget-alert\" data-id=\"3aab5bed\" data-element_type=\"widget\" data-e-type=\"widget\" data-widget_type=\"alert.default\">\n\t\t\t\t<div class=\"elementor-widget-container\">\n\t\t\t\t\t\t\t<div class=\"elementor-alert\" role=\"alert\">\n\n\t\t\t\t\t\t<span class=\"elementor-alert-title\">POL\u00cdTICA DE MENORES<\/span>\n\t\t\t\n\t\t\t\t\t\t<span class=\"elementor-alert-description\"><a href=\"https:\/\/ochoymedioclub.com\/menores\/\">Haz click aqu\u00ed<\/a><\/span>\n\t\t\t\n\t\t\t\t\t\t<button type=\"button\" class=\"elementor-alert-dismiss\" aria-label=\"Descartar esta alerta.\">\n\t\t\t\t<i aria-hidden=\"true\" class=\"fas fa-times-circle\"><\/i>\t\t\t<\/button>\n\t\t\t\n\t\t<\/div>\n\t\t\t\t\t\t<\/div>\n\t\t\t\t<\/div>\n\t\t\t\t<div class=\"elementor-element elementor-element-1ec8b8f7 elementor-widget elementor-widget-image\" data-id=\"1ec8b8f7\" data-element_type=\"widget\" data-e-type=\"widget\" data-widget_type=\"image.default\">\n\t\t\t\t<div class=\"elementor-widget-container\">\n\t\t\t\t\t\t\t\t\t\t\t\t\t\t\t\t<a href=\"https:\/\/goo.gl\/maps\/PRDfEAaXaPJkWqHR7?_ga=2.63512367.1455475853.1663239384-1166735557.1659548828\">\n\t\t\t\t\t\t\t<img decoding=\"async\" width=\"1920\" height=\"1005\" src=\"https:\/\/ochoymedioclub.com\/wp-content\/uploads\/2022\/04\/OCHOYMEDIO_MAPA_Mesa-de-trabajo-1-copia-5.png\" class=\"attachment-full size-full wp-image-87133\" alt=\"\" srcset=\"https:\/\/ochoymedioclub.com\/wp-content\/uploads\/2022\/04\/OCHOYMEDIO_MAPA_Mesa-de-trabajo-1-copia-5.png 1920w, https:\/\/ochoymedioclub.com\/wp-content\/uploads\/2022\/04\/OCHOYMEDIO_MAPA_Mesa-de-trabajo-1-copia-5-300x157.png 300w, https:\/\/ochoymedioclub.com\/wp-content\/uploads\/2022\/04\/OCHOYMEDIO_MAPA_Mesa-de-trabajo-1-copia-5-1024x536.png 1024w, https:\/\/ochoymedioclub.com\/wp-content\/uploads\/2022\/04\/OCHOYMEDIO_MAPA_Mesa-de-trabajo-1-copia-5-768x402.png 768w, https:\/\/ochoymedioclub.com\/wp-content\/uploads\/2022\/04\/OCHOYMEDIO_MAPA_Mesa-de-trabajo-1-copia-5-1536x804.png 1536w, https:\/\/ochoymedioclub.com\/wp-content\/uploads\/2022\/04\/OCHOYMEDIO_MAPA_Mesa-de-trabajo-1-copia-5-1200x628.png 1200w, https:\/\/ochoymedioclub.com\/wp-content\/uploads\/2022\/04\/OCHOYMEDIO_MAPA_Mesa-de-trabajo-1-copia-5-120x63.png 120w, https:\/\/ochoymedioclub.com\/wp-content\/uploads\/2022\/04\/OCHOYMEDIO_MAPA_Mesa-de-trabajo-1-copia-5-81x42.png 81w, https:\/\/ochoymedioclub.com\/wp-content\/uploads\/2022\/04\/OCHOYMEDIO_MAPA_Mesa-de-trabajo-1-copia-5-302x158.png 302w\" sizes=\"(max-width: 1920px) 100vw, 1920px\" \/>\t\t\t\t\t\t\t\t<\/a>\n\t\t\t\t\t\t\t\t\t\t\t\t\t\t\t<\/div>\n\t\t\t\t<\/div>\n\t\t\t\t\t<\/div>\n\t\t<\/div>\n\t\t\t\t\t<\/div>\n\t\t<\/section>\n\t\t\t\t<\/div>\n\t\t","protected":false},"excerpt":{"rendered":"<p><strong><span style=\"color: #999999;\">FECHA: <\/span>jueves 23 de abril de 2026<\/strong><\/p>\n<p><strong><span style=\"color: #999999;\">HORA:<\/span> 20:00H<\/strong><\/p>\n<p><strong><span style=\"color: #999999;\">LUGAR:<\/span> SALA BUT<\/strong><\/p>\n<p><em><strong>GASTOS DE GESTI\u00d3N YA INCLUIDOS<\/strong><\/em><\/p>\n","protected":false},"author":1,"featured_media":336290,"template":"","meta":{"_acf_changed":false},"product_brand":[],"product_cat":[29],"product_tag":[],"class_list":{"0":"post-301329","1":"product","2":"type-product","3":"status-publish","4":"has-post-thumbnail","6":"product_cat-sala-but","8":"first","9":"outofstock","10":"virtual","11":"taxable","12":"purchasable","13":"product-type-simple"},"acf":[],"aioseo_notices":[],"_links":{"self":[{"href":"https:\/\/ochoymedioclub.com\/en\/wp-json\/wp\/v2\/product\/301329","targetHints":{"allow":["GET"]}}],"collection":[{"href":"https:\/\/ochoymedioclub.com\/en\/wp-json\/wp\/v2\/product"}],"about":[{"href":"https:\/\/ochoymedioclub.com\/en\/wp-json\/wp\/v2\/types\/product"}],"author":[{"embeddable":true,"href":"https:\/\/ochoymedioclub.com\/en\/wp-json\/wp\/v2\/users\/1"}],"version-history":[{"count":1,"href":"https:\/\/ochoymedioclub.com\/en\/wp-json\/wp\/v2\/product\/301329\/revisions"}],"predecessor-version":[{"id":318591,"href":"https:\/\/ochoymedioclub.com\/en\/wp-json\/wp\/v2\/product\/301329\/revisions\/318591"}],"wp:featuredmedia":[{"embeddable":true,"href":"https:\/\/ochoymedioclub.com\/en\/wp-json\/wp\/v2\/media\/336290"}],"wp:attachment":[{"href":"https:\/\/ochoymedioclub.com\/en\/wp-json\/wp\/v2\/media?parent=301329"}],"wp:term":[{"taxonomy":"product_brand","embeddable":true,"href":"https:\/\/ochoymedioclub.com\/en\/wp-json\/wp\/v2\/product_brand?post=301329"},{"taxonomy":"product_cat","embeddable":true,"href":"https:\/\/ochoymedioclub.com\/en\/wp-json\/wp\/v2\/product_cat?post=301329"},{"taxonomy":"product_tag","embeddable":true,"href":"https:\/\/ochoymedioclub.com\/en\/wp-json\/wp\/v2\/product_tag?post=301329"}],"curies":[{"name":"wp","href":"https:\/\/api.w.org\/{rel}","templated":true}]}}