{"id":3078,"date":"2018-07-19T10:56:34","date_gmt":"2018-07-19T10:56:34","guid":{"rendered":"https:\/\/ochoymedioclub.com\/?page_id=3078"},"modified":"2021-04-07T20:32:27","modified_gmt":"2021-04-07T18:32:27","slug":"aviso-legal","status":"publish","type":"page","link":"https:\/\/ochoymedioclub.com\/en\/aviso-legal\/","title":{"rendered":"AVISO LEGAL"},"content":{"rendered":"<ol>\n<li>DATOS IDENTIFICATIVOS<br \/>\nEn cumplimiento con el deber de informaci\u00f3n recogido en art\u00edculo 10 de la Ley 34\/2002, de 11 de julio, de Servicios de la Sociedad de la Informaci\u00f3n y del Comercio Electr\u00f3nico, a continuaci\u00f3n se reflejan los siguientes datos: la empresa titular de dominio web es Ochoymedio Music, S.L. (en adelante Ochoymedio), con domicilio a estos efectos en Calle Espejo 2 3\u00baIZQ 28013 n\u00famero de C.I.F.: B86808805 inscrita en el Registro Mercantil de Madrid. Correo electr\u00f3nico de contacto: info@ochoymedioclub.com del sitio web.<\/li>\n<li>USUARIOS<br \/>\nEl acceso y\/o uso de este portal de Ochoymedio atribuye la condici\u00f3n de USUARIO, que acepta, desde dicho acceso y\/o uso, las Condiciones Generales de Uso aqu\u00ed reflejadas. Las citadas Condiciones ser\u00e1n de aplicaci\u00f3n independientemente de las Condiciones Generales de Contrataci\u00f3n que en su caso resulten de obligado cumplimiento.<\/li>\n<li>USO DEL PORTAL<br \/>\nwww.ochoymedioclub.com proporciona el acceso a multitud de informaciones, servicios, programas o datos (en adelante, \u201clos contenidos\u201d) en Internet pertenecientes a Ochoymedio a los que el USUARIO pueda tener acceso. El USUARIO asume la responsabilidad del uso del portal. Dicha responsabilidad se extiende al registro que fuese necesario para acceder a determinados servicios o contenidos.<\/li>\n<\/ol>\n<p>En dicho registro el USUARIO ser\u00e1 responsable de aportar informaci\u00f3n veraz y l\u00edcita. Como consecuencia de este registro, al USUARIO se le puede proporcionar una contrase\u00f1a de la que ser\u00e1 responsable, comprometi\u00e9ndose a hacer un uso diligente y confidencial de la misma. El USUARIO se compromete a hacer un uso adecuado de los contenidos y servicios que Nombre de la empresa creadora del sitio web ofrece a trav\u00e9s de su portal y con car\u00e1cter enunciativo pero no limitativo, a no emplearlos para (i) incurrir en actividades il\u00edcitas, ilegales o contrarias a la buena fe y al orden p\u00fablico; (ii) difundir contenidos o propaganda de car\u00e1cter racista, xen\u00f3fobo, pornogr\u00e1fico-ilegal, de apolog\u00eda del terrorismo o atentatorio contra los derechos humanos; (iii) provocar da\u00f1os en los sistemas f\u00edsicos y l\u00f3gicos de Nombre de la empresa creadora del sitio web , de sus proveedores o de terceras personas, introducir o difundir en la red virus inform\u00e1ticos o cualesquiera otros sistemas f\u00edsicos o l\u00f3gicos que sean susceptibles de provocar los da\u00f1os anteriormente mencionados; (iv) intentar acceder y, en su caso, utilizar las cuentas de correo electr\u00f3nico de otros usuarios y modificarlo manipular sus mensajes. Nombre de la empresa creadora del sitio web se reserva el derecho de retirar todos aquellos comentarios y aportaciones que vulneren el respeto a la dignidad de la persona, que sean discriminatorios, xen\u00f3fobos, racistas, pornogr\u00e1ficos, que atenten contra la juventud o la infancia, el orden o la seguridad p\u00fablica o que, a su juicio, no resultaran adecuados para su publicaci\u00f3n. En cualquier caso, Ochoymedio no ser\u00e1 responsable de las opiniones vertidas por los usuarios a trav\u00e9s de los foros, chats, u otras herramientas de participaci\u00f3n.<\/p>\n<ol start=\"4\">\n<li>PROTECCI\u00d3N DE DATOS<br \/>\nOchoymedio cumple con las directrices de la Ley Org\u00e1nica 15\/1999 de 13 de diciembre de Protecci\u00f3n de Datos de Car\u00e1cter Personal, el Real Decreto 1720\/2007 de 21 de diciembre por el que se aprueba el Reglamento de desarrollo de la Ley Org\u00e1nica y dem\u00e1s normativa vigente en cada momento, y vela por garantizar un correcto uso y tratamiento de los datos personales del usuario. Para ello, junto a cada formulario de recabo de datos de car\u00e1cter personal, en los servicios que el usuario pueda solicitar a info@ochoymedioclub.com, har\u00e1 saber al usuario de la existencia y aceptaci\u00f3n de las condiciones particulares del tratamiento de sus datos en cada caso, inform\u00e1ndole de la responsabilidad del fichero creado, la direcci\u00f3n del responsable, la posibilidad de ejercer sus derechos de acceso, rectificaci\u00f3n, cancelaci\u00f3n u oposici\u00f3n, la finalidad del tratamiento y las comunicaciones de datos a terceros en su caso.<\/li>\n<\/ol>\n<p>Asimismo, Ochoymedio informa que da cumplimiento a la Ley 34\/2002 de 11 de julio, de Servicios de la Sociedad de la Informaci\u00f3n y el Comercio Electr\u00f3nico y le solicitar\u00e1 su consentimiento al tratamiento de su correo electr\u00f3nico con fines comerciales en cada momento.<\/p>\n<ol start=\"5\">\n<li>PROPIEDAD INTELECTUAL E INDUSTRIAL<br \/>\nOchoymedio por s\u00ed o como cesionaria, es titular de todos los derechos de propiedad intelectual e industrial de su p\u00e1gina web, as\u00ed como de los elementos contenidos en la misma (a t\u00edtulo enunciativo, im\u00e1genes, sonido, audio, v\u00eddeo, software o textos; marcas o logotipos, combinaciones de colores, estructura y dise\u00f1o, selecci\u00f3n de materiales usados, programas de ordenador necesarios para su funcionamiento, acceso y uso, etc.), titularidad de Ochoymedio o bien de sus licenciantes.<\/li>\n<\/ol>\n<p>Todos los derechos reservados. En virtud de lo dispuesto en los art\u00edculos 8 y 32.1, p\u00e1rrafo segundo, de la Ley de Propiedad Intelectual, quedan expresamente prohibidas la reproducci\u00f3n, la distribuci\u00f3n y la comunicaci\u00f3n p\u00fablica, incluida su modalidad de puesta a disposici\u00f3n, de la totalidad o parte de los contenidos de esta p\u00e1gina web, con fines comerciales, en cualquier soporte y por cualquier medio t\u00e9cnico, sin la autorizaci\u00f3n de Ochoymedio. El USUARIO se compromete a respetar los derechos de Propiedad Intelectual e Industrial titularidad de Ochoymedio. Podr\u00e1 visualizar los elementos del portal e incluso imprimirlos, copiarlos y almacenarlos en el disco duro de su ordenador o en cualquier otro soporte f\u00edsico siempre y cuando sea, \u00fanica y exclusivamente, para su uso personal y privado. El USUARIO deber\u00e1 abstenerse de suprimir, alterar, eludir o manipular cualquier dispositivo de protecci\u00f3n o sistema de seguridad que estuviera instalado en el las p\u00e1ginas de Ochoymedio.<\/p>\n<ol start=\"6\">\n<li>EXCLUSI\u00d3N DE GARANT\u00cdAS Y RESPONSABILIDAD<br \/>\nOchoymedio no se hace responsable, en ning\u00fan caso, de los da\u00f1os y perjuicios de cualquier naturaleza que pudieran ocasionar, a t\u00edtulo enunciativo: errores u omisiones en los contenidos, falta de disponibilidad del portal o la transmisi\u00f3n de virus o programas maliciosos o lesivos en los contenidos, a pesar de haber adoptado todas las medidas tecnol\u00f3gicas necesarias para evitarlo.<\/li>\n<li>MODIFICACIONES<br \/>\nOchoymedio se reserva el derecho de efectuar sin previo aviso las modificaciones que considere oportunas en su portal, pudiendo cambiar, suprimir o a\u00f1adir tanto los contenidos y servicios que se presten a trav\u00e9s de la misma como la forma en la que \u00e9stos aparezcan presentados o localizados en su portal.<\/li>\n<li>ENLACES<br \/>\nEn el caso de que en www.ochoymedioclub.com se dispusiesen enlaces o hiperv\u00ednculos hac\u00eda otros sitios de Internet, Ochoymedio no ejercer\u00e1 ning\u00fan tipo de control sobre dichos sitios y contenidos. En ning\u00fan caso Ochoymedio asumir\u00e1 responsabilidad alguna por los contenidos de alg\u00fan enlace perteneciente a un sitio web ajeno, ni garantizar\u00e1 la disponibilidad t\u00e9cnica, calidad, fiabilidad, exactitud, amplitud, veracidad, validez y constitucionalidad de cualquier material o informaci\u00f3n contenida en ninguno de dichos hiperv\u00ednculos u otros sitios de Internet.<\/li>\n<\/ol>\n<p>Igualmente la inclusi\u00f3n de estas conexiones externas no implicar\u00e1 ning\u00fan tipo de asociaci\u00f3n, fusi\u00f3n o participaci\u00f3n con las entidades conectadas.<\/p>\n<ol start=\"9\">\n<li>DERECHO DE EXCLUSI\u00d3N<br \/>\nOchoymedio se reserva el derecho a denegar o retirar el acceso a portal y\/o los servicios ofrecidos sin necesidad de preaviso, a instancia propia o de un tercero, a aquellos usuarios que incumplan las presentes Condiciones Generales de Uso.<\/li>\n<li>POL\u00cdTICA DE CAMBIOS Y DEVOLUCIONES<br \/>\n10.1. Aspectos generales<\/p>\n<ol>\n<li>No se admitir\u00e1n cambios o devoluciones de las entradas, excepto en caso de cancelaci\u00f3n o suspensi\u00f3n del Evento. Salvo lo casos establecidos anteriormente, el Usuario no podr\u00e1 ejercitar el derecho de desistimiento ni de resoluci\u00f3n, de acuerdo con la normativa vigente en materia de consumo y de ordenaci\u00f3n del comercio minorista.<\/li>\n<li>La imposibilidad de asistir a un evento o espect\u00e1culo o la comisi\u00f3n de un error al realizar la compra de la\/s entrada\/s (por haber introducido incorrectamente el correo electr\u00f3nico en el proceso de compra, por ejemplo) no son motivos que permitan su devoluci\u00f3n;<\/li>\n<li>De acuerdo con la normativa vigente en materia de consumo y de ordenaci\u00f3n del comercio minorista, el Usuario no podr\u00e1 ejercitar el derecho de desistimiento ni de resoluci\u00f3n ya que el suministro de servicios relacionados con actividades de esparcimiento est\u00e1 exceptuado de tal derecho;<\/li>\n<li>En caso de suspensi\u00f3n del Evento una vez transcurrido m\u00e1s de la mitad del mismo, el Comprador no tendr\u00e1 derecho al reembolso del Precio de la entrada;<\/li>\n<li>Las malas condiciones climatol\u00f3gicas no dan derecho a devoluci\u00f3n de la entrada o del Precio de la misma;<\/li>\n<li>Ante cualquier cancelaci\u00f3n o cambio que se produzca en un Evento, Ochoymedio se compromete a publicarlo en el Sitio Web \u00a0y enviar un correo electr\u00f3nico al Comprador a la direcci\u00f3n que haya indicado en el Formulario de Registro inform\u00e1ndole acerca de dicha cancelaci\u00f3n o cambio;<\/li>\n<\/ol>\n<p>10.2. Cambios y devoluciones<\/p>\n<ol>\n<li>S\u00f3lo se admitir\u00e1n cambios y devoluciones en caso de cancelaci\u00f3n o suspensi\u00f3n del Evento,\u00a0cambio de fecha, cambio de local o cambio de artistas;<\/li>\n<li>En el caso de que Ochoymedio decida proceder a la devoluci\u00f3n del Precio, \u00e9ste ser\u00e1 reembolsado en el mismo medio de pago utilizado para la compra, dentro del plazo de quince (15) d\u00edas h\u00e1biles desde la fecha de la comunicaci\u00f3n p\u00fablica de la cancelaci\u00f3n del Evento. No ser\u00e1n susceptibles de devoluci\u00f3n los gastos de gesti\u00f3n de las entradas. Estos servicios de gesti\u00f3n se consideran efectivamente prestados desde el momento en que se produzca la adquisici\u00f3n de las entradas.<\/li>\n<\/ol>\n<\/li>\n<li>GENERALIDADESOchoymedio perseguir\u00e1 el incumplimiento de las presentes condiciones as\u00ed como cualquier utilizaci\u00f3n indebida de su portal ejerciendo todas las acciones civiles y penales que le puedan corresponder en derecho.<\/li>\n<li>MODIFICACI\u00d3N DE LAS PRESENTES CONDICIONES Y DURACI\u00d3N<br \/>\nOchoymedio podr\u00e1 modificar en cualquier momento las condiciones aqu\u00ed determinadas, siendo debidamente publicadas como aqu\u00ed aparecen.<\/li>\n<\/ol>\n<p>La vigencia de las citadas condiciones ir\u00e1 en funci\u00f3n de su exposici\u00f3n y estar\u00e1n vigentes hasta debidamente publicadas. que sean modificadas por otras.<\/p>\n<ol start=\"13\">\n<li>LEGISLACI\u00d3N APLICABLE Y JURISDICCI\u00d3N<br \/>\nLa relaci\u00f3n entre Ochoymedio y el USUARIO se regir\u00e1 por la normativa espa\u00f1ola vigente y cualquier controversia se someter\u00e1 a los Juzgados y tribunales de la ciudad de Madrid.<\/li>\n<\/ol>\n","protected":false},"excerpt":{"rendered":"<p>DATOS IDENTIFICATIVOS En cumplimiento con el deber de informaci\u00f3n recogido en art\u00edculo 10 de la Ley 34\/2002, de 11 de julio, de Servicios de la Sociedad de la Informaci\u00f3n y del Comercio Electr\u00f3nico, a continuaci\u00f3n se reflejan los siguientes datos: la empresa titular de dominio web es Ochoymedio Music, S.L. (en adelante Ochoymedio), con domicilio&#8230;<\/p>\n","protected":false},"author":1,"featured_media":0,"parent":0,"menu_order":0,"comment_status":"closed","ping_status":"closed","template":"","meta":{"_acf_changed":false,"footnotes":""},"class_list":["post-3078","page","type-page","status-publish","hentry","page--item"],"acf":[],"aioseo_notices":[],"_links":{"self":[{"href":"https:\/\/ochoymedioclub.com\/en\/wp-json\/wp\/v2\/pages\/3078","targetHints":{"allow":["GET"]}}],"collection":[{"href":"https:\/\/ochoymedioclub.com\/en\/wp-json\/wp\/v2\/pages"}],"about":[{"href":"https:\/\/ochoymedioclub.com\/en\/wp-json\/wp\/v2\/types\/page"}],"author":[{"embeddable":true,"href":"https:\/\/ochoymedioclub.com\/en\/wp-json\/wp\/v2\/users\/1"}],"replies":[{"embeddable":true,"href":"https:\/\/ochoymedioclub.com\/en\/wp-json\/wp\/v2\/comments?post=3078"}],"version-history":[{"count":0,"href":"https:\/\/ochoymedioclub.com\/en\/wp-json\/wp\/v2\/pages\/3078\/revisions"}],"wp:attachment":[{"href":"https:\/\/ochoymedioclub.com\/en\/wp-json\/wp\/v2\/media?parent=3078"}],"curies":[{"name":"wp","href":"https:\/\/api.w.org\/{rel}","templated":true}]}}